{"id":8136,"date":"2025-11-14T13:12:14","date_gmt":"2025-11-14T10:12:14","guid":{"rendered":"https:\/\/samlink.fi\/?page_id=8136"},"modified":"2025-12-19T16:18:08","modified_gmt":"2025-12-19T13:18:08","slug":"urat","status":"publish","type":"page","link":"https:\/\/samlink.fi\/fi\/urat\/","title":{"rendered":"Ura Samlinkissa"},"content":{"rendered":"<section class=\"align wp-block-paragraph\">\n  <div class=\"wrap large theme-cloud \">\n    <div class=\"wrap small\">\n              <h2>Ty\u00f6ntekij\u00f6iden valinta<\/h2>\n<p>Menestyksemme kantava voima on yli 500 lahjakkaan ammattilaisen tiimi. Monipuoliset roolit projektip\u00e4\u00e4llik\u00f6ist\u00e4 sovelluskehitt\u00e4jiin, tietoturva-asiantuntijoihin ja kaikkeen silt\u00e4 v\u00e4lilt\u00e4, antavat meille mahdollisuuden toimittaa kriittisi\u00e4 IT-ratkaisuja pankkialalle.<\/p>\n<p>Globaalina yrityksen\u00e4 ty\u00f6skentelemme innovatiivisten projektien parissa, jotka vaikuttavat suoraan tuhansien ihmisten jokap\u00e4iv\u00e4iseen el\u00e4m\u00e4\u00e4n. Emoyhti\u00f6mme Kyndrylin tukemana yhdist\u00e4mme paikallisen asiantuntemuksen maailmanluokan resursseihin. Kyndryl on IT- ja rahoitus- ja pankkipalveluiden maailmanlaajuinen markkinajohtaja.<\/p>\n<p><a href=\"https:\/\/samlink.fi\/fi\/urat\/ihmiset\/\"><span class=\"btn\">Lue lis\u00e4\u00e4 meist\u00e4<\/span><\/a><\/p>\n<p><em><strong>Samlinkill\u00e4 emme vain muokkaa pankkitoiminnan tulevaisuutta, vaan panostamme my\u00f6s ihmisiin, jotka tekev\u00e4t siit\u00e4 totta.<\/strong><\/em><\/p>\n\n          <\/div>\n  <\/div>\n<\/section>\n\n\n<section class=\"wp-block-image-and-text \">\n  <div class=\"white full-width image-large\">\n    <div class=\"wrap\">\n      <div class=\"flex image-left\">\n                          <div class=\"flex-item has-image eight\">\n            <div class=\"image cover\">\n                <img decoding=\"async\"\n                  src=\"https:\/\/samlink.fi\/app\/uploads\/2023\/05\/samlink-highres-38-edit-300x200.webp\" srcset=\"https:\/\/samlink.fi\/app\/uploads\/2023\/05\/samlink-highres-38-edit-300x200.webp 300w, https:\/\/samlink.fi\/app\/uploads\/2023\/05\/samlink-highres-38-edit-1024x683.webp 1024w, https:\/\/samlink.fi\/app\/uploads\/2023\/05\/samlink-highres-38-edit-768x512.webp 768w, https:\/\/samlink.fi\/app\/uploads\/2023\/05\/samlink-highres-38-edit-1536x1024.webp 1536w, https:\/\/samlink.fi\/app\/uploads\/2023\/05\/samlink-highres-38-edit.webp 1750w\" sizes=\"(max-width: 1280px) 100vw, 1280px\" \n                  alt=\"Samlink People\"\n                  class=\"aspect-ratio-1\" \/>\n            <\/div>\n          <\/div> \n                        <div class=\"flex-item has-text four\">\n          <div>\n                                                                            <h2>Miksi Samlink?<\/h2>\n<p>Pyrimme olemaan haluttu ty\u00f6nantaja edist\u00e4m\u00e4ll\u00e4 kulttuuria, jossa arvostetaan hyvinvointia, innovaatioita ja turvallisuutta.<\/p>\n<p>Panostamme seuraaviin osa-alueisiin:<\/p>\n<ul>\n<li><strong>Mielek\u00e4s ty\u00f6:<\/strong> Osallistu vaikuttaviin projekteihin, jotka muokkaavat digitaalisen pankkisektorin tulevaisuutta.<\/li>\n<li><strong>Kannustava kulttuuri:<\/strong> Menesty inspiroivassa ja turvallisessa ty\u00f6paikassa.<\/li>\n<li><strong>Nopeatempoiset mahdollisuude<\/strong>t: Kasva jatkuvasti kehittyv\u00e4ss\u00e4, haastavassa ymp\u00e4rist\u00f6ss\u00e4.<\/li>\n<\/ul>\n\n              \n                          <a \n        class=\"btn btn-arrow\"\n        href=\"https:\/\/samlink.fi\/fi\/ihmiset\/avoimet-tyopaikat\/\"\n        target=\"\"\n        >\n                    Tutustu avoimiin ty\u00f6paikkoihin\n            <\/a>\n                                  <\/div> \n        <\/div>\n      <\/div>\n    <\/div>\n  <\/div>\n<\/section>\n\n\n<section class=\"wp-block-colored-section\">\n  <div class=\"wrap\">\n    <div class=\"title theme-deep-forest\">\n              Our Values\n          <\/div>\n  <\/div>\n\n  <div class=\"colored theme-deep-forest\">\n\n    \n    <div class=\"wrap\">\n              \n          <div class=\"top flex space-between align-center\">  \n            <div class=\"right flex-item five\">\n                                                <h2>Strategian p\u00e4\u00e4kohdat<\/h2>  \n                                                  Kyndryl Way -periaatteen mukaisesti se, miten toimimme asiakkaiden kanssa, liittyy tapaan, jolla organisoimme itsemme. Pyrimme rakentamaan t\u00e4t\u00e4 kulttuuria joka p\u00e4iv\u00e4 olemalla:\n                                          <\/div>\n\n            <div class=\"left flex-item textcontent five flex justify-end\">\n                              <a \n        class=\"btn btn-arrow\"\n        href=\"https:\/\/samlink.fi\/about-us\/samlink-strategy\/\"\n        target=\"\"\n        >\n                    Lue lis\u00e4\u00e4: The Kyndryl Way \n            <\/a>\n                          <\/div>\n          <\/div>\n\n                      \n      <div \n        class=\"bottom \n        hasheader \n         \n        hastop\">\n\n                  <div class=\"flex space-between iconheadertext\">\n                                          <div class=\"flex-item four\">\n                                      <img decoding=\"async\" src=\"https:\/\/samlink.fi\/app\/uploads\/2023\/05\/Kyndryl-Way-Icon-Flat.svg\" alt=\"Kyndryl Way icon Flat\" style=\"width: 45px; height: 45px\">\n                                                        <h2 class= \"underline\"> Flat <\/h2>\n                                                        <p> Litte\u00e4, jotta mahdollistamme vastuulliset, osallistavat tiimit. <\/p>\n                                  <\/div>\n                              <div class=\"flex-item four\">\n                                      <img decoding=\"async\" src=\"https:\/\/samlink.fi\/app\/uploads\/2023\/05\/Kyndryl-Way-Icon-Fast.svg\" alt=\"Kyndryl Way icon Fast\" style=\"width: 45px; height: 45px\">\n                                                        <h2 class= \"underline\"> Fast <\/h2>\n                                                        <p> Nopea, yksinkertaisuuden vaaliminen kaikkialla. <\/p>\n                                  <\/div>\n                              <div class=\"flex-item four\">\n                                      <img decoding=\"async\" src=\"https:\/\/samlink.fi\/app\/uploads\/2023\/05\/Kyndryl-Way-Icon-Focused.svg\" alt=\"Kyndryl Way logo\" style=\"width: 45px; height: 45px\">\n                                                        <h2 class= \"underline\"> Focused <\/h2>\n                                                        <p> Keskittynyt tarjoamaan poikkeuksellisia palveluja. <\/p>\n                                  <\/div>\n                              <div class=\"flex-item four\">\n                                      <img decoding=\"async\" src=\"https:\/\/samlink.fi\/app\/uploads\/2023\/05\/Kyndryl-Way-Icon-Restless.svg\" alt=\"Kyndryl Way icon Restless\" style=\"width: 45px; height: 45px\">\n                                                        <h2 class= \"underline\"> Restless <\/h2>\n                                                        <p> Pyrkimys jatkuvaan ennakointiin, oppimiseen ja innovointiin. <\/p>\n                                  <\/div>\n                              <div class=\"flex-item four\">\n                                      <img decoding=\"async\" src=\"https:\/\/samlink.fi\/app\/uploads\/2023\/05\/Kyndryl-Way-Icon-Empathetic.svg\" alt=\"Kyndryl Way icon Emphatetic\" style=\"width: 45px; height: 45px\">\n                                                        <h2 class= \"underline\"> Empathetic <\/h2>\n                                                        <p> Empaattinen palvelemaan luottamuksellisesti ja avoimesti. <\/p>\n                                  <\/div>\n                              <div class=\"flex-item four\">\n                                      <img decoding=\"async\" src=\"https:\/\/samlink.fi\/app\/uploads\/2023\/05\/Kyndryl-Way-Icon-Devoted.svg\" alt=\"Kyndryl Way icon Devoted\" style=\"width: 45px; height: 45px\">\n                                                        <h2 class= \"underline\"> Devoted  <\/h2>\n                                                        <p> Omistautunut yhteiselle menestykselle.  <\/p>\n                                  <\/div>\n                                                  <\/div>\n              <\/div>\n    <\/div>  \n  <\/div>\n<\/section>\n\n\n<section class=\"wp-block-image-and-text \">\n  <div class=\"theme-cloud wrap large \">\n    <div class=\"wrap\">\n      <div class=\"flex image-left\">\n                          <div class=\"flex-item has-image six\">\n            <div class=\"image cover\">\n                <img decoding=\"async\"\n                  src=\"https:\/\/samlink.fi\/app\/uploads\/2023\/05\/samlink-highres-41-edit-300x200.webp\" srcset=\"https:\/\/samlink.fi\/app\/uploads\/2023\/05\/samlink-highres-41-edit-300x200.webp 300w, https:\/\/samlink.fi\/app\/uploads\/2023\/05\/samlink-highres-41-edit-1024x683.webp 1024w, https:\/\/samlink.fi\/app\/uploads\/2023\/05\/samlink-highres-41-edit-768x512.webp 768w, https:\/\/samlink.fi\/app\/uploads\/2023\/05\/samlink-highres-41-edit-1536x1024.webp 1536w, https:\/\/samlink.fi\/app\/uploads\/2023\/05\/samlink-highres-41-edit.webp 1750w\" sizes=\"(max-width: 1280px) 100vw, 1280px\" \n                  alt=\"Samlink People\"\n                  class=\"aspect-ratio-1\" \/>\n            <\/div>\n          <\/div> \n                        <div class=\"flex-item has-text six\">\n          <div>\n                                                                            <h2>Rakenna uraa Samlinkissa<\/h2>\n<p>Meill\u00e4 on tilaa lahjakkuuksille! Etsimme jatkuvasti innovatiivisia tiimipelaajia joukkoomme. Olitpa sitten urasi aloitteleva juniori tai huippuasiantuntija, me tarvitsemme sinua.<\/p>\n<p>Meill\u00e4 osaamistasi arvostetaan ja vaalitaan kasvua edist\u00e4v\u00e4ss\u00e4 ymp\u00e4rist\u00f6ss\u00e4. Jos et n\u00e4e juuri nyt sopivaa teht\u00e4v\u00e4\u00e4, l\u00e4het\u00e4 avoin hakemus tulevia mahdollisuuksia varten.<\/p>\n\n              \n                          <a \n        class=\"btn btn-arrow\"\n        href=\"https:\/\/samlink.fi\/fi\/ihmiset\/avoimet-tyopaikat\/\"\n        target=\"\"\n        >\n                    Katso avoimet ty\u00f6paikat\n            <\/a>\n                                  <\/div> \n        <\/div>\n      <\/div>\n    <\/div>\n  <\/div>\n<\/section>\n\n\n<section class=\"wp-block-follow-us-banner\">\n  <div class=\"wrap large theme-spring-green\">\n    <div class=\"wrap small\">\n              <h2>Haluatko tiet\u00e4\u00e4 lis\u00e4\u00e4?<\/h2>\n      \n              <p>Seuraa meit\u00e4 sosiaalisessa mediassa ja l\u00f6yd\u00e4t ajankohtaisimmat uutiset.<\/p>\n      \n      <div class=\"social-icons\">\n                                        <a \n                        href=\"https:\/\/www.linkedin.com\/company\/oy-samlink-ab\/?originalSubdomain=fi\" \n                        target=\"_blank\">\n                        <i class=\"fa fa-linkedin\" aria-hidden=\"true\"><\/i>\n                    <\/a>\n                                <a \n                        href=\"https:\/\/www.instagram.com\/samlinkoy\/\" \n                        target=\"_blank\">\n                        <i class=\"fa fa-instagram\" aria-hidden=\"true\"><\/i>\n                    <\/a>\n                        <\/div>\n    <\/div>\n  <\/div>\n<\/section>","protected":false},"excerpt":{"rendered":"","protected":false},"author":17,"featured_media":0,"parent":0,"menu_order":0,"comment_status":"closed","ping_status":"closed","template":"template-full-width-hero.blade.php","meta":{"_acf_changed":false,"footnotes":""},"class_list":["post-8136","page","type-page","status-publish","hentry"],"acf":[],"yoast_head":"<!-- This site is optimized with the Yoast SEO plugin v27.3 - https:\/\/yoast.com\/product\/yoast-seo-wordpress\/ -->\n<title>Ura Samlinkissa - Samlink<\/title>\n<meta name=\"description\" content=\"Empowering financial success through innovative IT solutions.\" \/>\n<meta name=\"robots\" content=\"index, follow, max-snippet:-1, max-image-preview:large, max-video-preview:-1\" \/>\n<link rel=\"canonical\" href=\"https:\/\/samlink.fi\/fi\/urat\/\" \/>\n<meta property=\"og:locale\" content=\"fi_FI\" \/>\n<meta property=\"og:type\" content=\"article\" \/>\n<meta property=\"og:title\" content=\"Ura Samlinkissa - Samlink\" \/>\n<meta property=\"og:description\" content=\"Empowering financial success through innovative IT solutions.\" \/>\n<meta property=\"og:url\" content=\"https:\/\/samlink.fi\/fi\/urat\/\" \/>\n<meta property=\"og:site_name\" content=\"Samlink\" \/>\n<meta property=\"article:modified_time\" content=\"2025-12-19T13:18:08+00:00\" \/>\n<meta property=\"og:image\" content=\"https:\/\/samlink.fi\/app\/uploads\/2023\/05\/samlink-webres-9-e1684845139892.jpg\" \/>\n\t<meta property=\"og:image:width\" content=\"1826\" \/>\n\t<meta property=\"og:image:height\" content=\"1582\" \/>\n\t<meta property=\"og:image:type\" content=\"image\/jpeg\" \/>\n<meta name=\"twitter:card\" content=\"summary_large_image\" \/>\n<meta name=\"twitter:label1\" content=\"Est. reading time\" \/>\n\t<meta name=\"twitter:data1\" content=\"3 minutes\" \/>\n<script type=\"application\/ld+json\" class=\"yoast-schema-graph\">{\"@context\":\"https:\\\/\\\/schema.org\",\"@graph\":[{\"@type\":\"WebPage\",\"@id\":\"https:\\\/\\\/samlink.fi\\\/fi\\\/urat\\\/\",\"url\":\"https:\\\/\\\/samlink.fi\\\/fi\\\/urat\\\/\",\"name\":\"Ura Samlinkissa - Samlink\",\"isPartOf\":{\"@id\":\"https:\\\/\\\/samlink.fi\\\/fi\\\/#website\"},\"datePublished\":\"2025-11-14T10:12:14+00:00\",\"dateModified\":\"2025-12-19T13:18:08+00:00\",\"description\":\"Empowering financial success through innovative IT solutions.\",\"breadcrumb\":{\"@id\":\"https:\\\/\\\/samlink.fi\\\/fi\\\/urat\\\/#breadcrumb\"},\"inLanguage\":\"fi\",\"potentialAction\":[{\"@type\":\"ReadAction\",\"target\":[\"https:\\\/\\\/samlink.fi\\\/fi\\\/urat\\\/\"]}]},{\"@type\":\"BreadcrumbList\",\"@id\":\"https:\\\/\\\/samlink.fi\\\/fi\\\/urat\\\/#breadcrumb\",\"itemListElement\":[{\"@type\":\"ListItem\",\"position\":1,\"name\":\"Home\",\"item\":\"https:\\\/\\\/samlink.fi\\\/fi\\\/\"},{\"@type\":\"ListItem\",\"position\":2,\"name\":\"Ura Samlinkissa\"}]},{\"@type\":\"WebSite\",\"@id\":\"https:\\\/\\\/samlink.fi\\\/fi\\\/#website\",\"url\":\"https:\\\/\\\/samlink.fi\\\/fi\\\/\",\"name\":\"Samlink\",\"description\":\"Empowering financial success through innovative IT solutions\",\"potentialAction\":[{\"@type\":\"SearchAction\",\"target\":{\"@type\":\"EntryPoint\",\"urlTemplate\":\"https:\\\/\\\/samlink.fi\\\/fi\\\/?s={search_term_string}\"},\"query-input\":{\"@type\":\"PropertyValueSpecification\",\"valueRequired\":true,\"valueName\":\"search_term_string\"}}],\"inLanguage\":\"fi\"}]}<\/script>\n<!-- \/ Yoast SEO plugin. -->","yoast_head_json":{"title":"Ura Samlinkissa - Samlink","description":"Empowering financial success through innovative IT solutions.","robots":{"index":"index","follow":"follow","max-snippet":"max-snippet:-1","max-image-preview":"max-image-preview:large","max-video-preview":"max-video-preview:-1"},"canonical":"https:\/\/samlink.fi\/fi\/urat\/","og_locale":"fi_FI","og_type":"article","og_title":"Ura Samlinkissa - Samlink","og_description":"Empowering financial success through innovative IT solutions.","og_url":"https:\/\/samlink.fi\/fi\/urat\/","og_site_name":"Samlink","article_modified_time":"2025-12-19T13:18:08+00:00","og_image":[{"width":1826,"height":1582,"url":"https:\/\/samlink.fi\/app\/uploads\/2023\/05\/samlink-webres-9-e1684845139892.jpg","type":"image\/jpeg"}],"twitter_card":"summary_large_image","twitter_misc":{"Est. reading time":"3 minutes"},"schema":{"@context":"https:\/\/schema.org","@graph":[{"@type":"WebPage","@id":"https:\/\/samlink.fi\/fi\/urat\/","url":"https:\/\/samlink.fi\/fi\/urat\/","name":"Ura Samlinkissa - Samlink","isPartOf":{"@id":"https:\/\/samlink.fi\/fi\/#website"},"datePublished":"2025-11-14T10:12:14+00:00","dateModified":"2025-12-19T13:18:08+00:00","description":"Empowering financial success through innovative IT solutions.","breadcrumb":{"@id":"https:\/\/samlink.fi\/fi\/urat\/#breadcrumb"},"inLanguage":"fi","potentialAction":[{"@type":"ReadAction","target":["https:\/\/samlink.fi\/fi\/urat\/"]}]},{"@type":"BreadcrumbList","@id":"https:\/\/samlink.fi\/fi\/urat\/#breadcrumb","itemListElement":[{"@type":"ListItem","position":1,"name":"Home","item":"https:\/\/samlink.fi\/fi\/"},{"@type":"ListItem","position":2,"name":"Ura Samlinkissa"}]},{"@type":"WebSite","@id":"https:\/\/samlink.fi\/fi\/#website","url":"https:\/\/samlink.fi\/fi\/","name":"Samlink","description":"Empowering financial success through innovative IT solutions","potentialAction":[{"@type":"SearchAction","target":{"@type":"EntryPoint","urlTemplate":"https:\/\/samlink.fi\/fi\/?s={search_term_string}"},"query-input":{"@type":"PropertyValueSpecification","valueRequired":true,"valueName":"search_term_string"}}],"inLanguage":"fi"}]}},"_links":{"self":[{"href":"https:\/\/samlink.fi\/fi\/wp-json\/wp\/v2\/pages\/8136","targetHints":{"allow":["GET"]}}],"collection":[{"href":"https:\/\/samlink.fi\/fi\/wp-json\/wp\/v2\/pages"}],"about":[{"href":"https:\/\/samlink.fi\/fi\/wp-json\/wp\/v2\/types\/page"}],"author":[{"embeddable":true,"href":"https:\/\/samlink.fi\/fi\/wp-json\/wp\/v2\/users\/17"}],"replies":[{"embeddable":true,"href":"https:\/\/samlink.fi\/fi\/wp-json\/wp\/v2\/comments?post=8136"}],"version-history":[{"count":5,"href":"https:\/\/samlink.fi\/fi\/wp-json\/wp\/v2\/pages\/8136\/revisions"}],"predecessor-version":[{"id":8686,"href":"https:\/\/samlink.fi\/fi\/wp-json\/wp\/v2\/pages\/8136\/revisions\/8686"}],"wp:attachment":[{"href":"https:\/\/samlink.fi\/fi\/wp-json\/wp\/v2\/media?parent=8136"}],"curies":[{"name":"wp","href":"https:\/\/api.w.org\/{rel}","templated":true}]}}