{"id":7987,"date":"2025-10-24T14:53:18","date_gmt":"2025-10-24T11:53:18","guid":{"rendered":"https:\/\/samlink.fi\/?page_id=7987"},"modified":"2025-10-24T14:53:26","modified_gmt":"2025-10-24T11:53:26","slug":"sovelluskehitys","status":"publish","type":"page","link":"https:\/\/samlink.fi\/fi\/ratkaisumme\/sovelluskehitys\/","title":{"rendered":"Sovelluskehitys\u00a0"},"content":{"rendered":"<section class=\"wp-block-image-and-text \">\n  <div class=\"theme-cloud wrap large \">\n    <div class=\"wrap\">\n      <div class=\"flex image-right\">\n                          <div class=\"flex-item has-image six\">\n            <div class=\"image cover\">\n                <img decoding=\"async\"\n                  src=\"https:\/\/samlink.fi\/app\/uploads\/2025\/10\/Pun_2-300x279.png\" srcset=\"https:\/\/samlink.fi\/app\/uploads\/2025\/10\/Pun_2-300x279.png 300w, https:\/\/samlink.fi\/app\/uploads\/2025\/10\/Pun_2.png 600w\" sizes=\"(max-width: 1280px) 100vw, 1280px\" \n                  alt=\"\"\n                  class=\"aspect-ratio-1\" \/>\n            <\/div>\n          <\/div> \n                        <div class=\"flex-item has-text six\">\n          <div>\n                                      <span class=\"small-title underline\">Turvalliset ja vaatimustenmukaiset pankkisovellukset, jotka hy\u00f6dynt\u00e4v\u00e4t olemassa olevia j\u00e4rjestelmi\u00e4si<\/span>\n                                      <p>Oikean teknologiakumppanin valinta on pankkitoiminnassa kriittist\u00e4. Samlinkin sovelluskehityspalvelut on suunniteltu erityisesti pankeille \u2013 yhdist\u00e4en syv\u00e4llisen toimialaymm\u00e4rryksen ja vahvan teknisen osaamisen.<\/p>\n<p>Emme toimita vain ohjelmistoja. Rakennamme ratkaisuja, jotka tukevat tavoitteitasi, asiakkaitasi ja s\u00e4\u00e4ntely-ymp\u00e4rist\u00f6\u00e4si. N\u00e4in autamme v\u00e4hent\u00e4m\u00e4\u00e4n riskej\u00e4, hallitsemaan kustannuksia ja tuottamaan arvoa.<\/p>\n\n              \n                          <a \n        class=\"btn btn-arrow\"\n        href=\"https:\/\/samlink.fi\/fi\/yhteystiedot\/\"\n        target=\"\"\n        >\n                    Ota yhteytt\u00e4\n            <\/a>\n                                  <\/div> \n        <\/div>\n      <\/div>\n    <\/div>\n  <\/div>\n<\/section>\n\n\n<section class=\"wp-block-colored-section\">\n  <div class=\"wrap\">\n    <div class=\"title theme-dark-stone\">\n              Miksi Samlink?\n          <\/div>\n  <\/div>\n\n  <div class=\"colored theme-dark-stone\">\n\n    \n    <div class=\"wrap\">\n            \n      <div \n        class=\"bottom \n        hasheader \n         \n        notop\">\n\n                  <div class=\"flex space-between headertextlink flex-item twelve\">\n                                          <div class=\"flex-item four\">\n                                      <h2 class=\"underline long\">\n                      Aitoa pankkialan asiantuntemusta\n                    <\/h2>\n                                                        <p>Kehitystiimeiss\u00e4mme ty\u00f6skentelee asiantuntijoita, joilla on k\u00e4yt\u00e4nn\u00f6n kokemusta useista pankeista. Ty\u00f6skentelet aina ihmisten kanssa, jotka ymm\u00e4rt\u00e4v\u00e4t s\u00e4\u00e4ntelyn vaatimukset ja puhuvat samaa kielt\u00e4 kanssasi. <\/p>\n                                    \n                                  <\/div>\n                              <div class=\"flex-item four\">\n                                      <h2 class=\"underline long\">\n                      Yhdess\u00e4 kehitetyt ratkaisut, jotka tukevat strategiaasi \n                    <\/h2>\n                                                        <p>Emme tarjoa valmiita tuotteita. Kehit\u00e4mme ratkaisut yhdess\u00e4 asiakkaan kanssa, strategisten tavoitteiden ja s\u00e4\u00e4ntelyvaatimusten pohjalta. <\/p>\n                                    \n                                  <\/div>\n                              <div class=\"flex-item four\">\n                                      <h2 class=\"underline long\">\n                      Ketteryytt\u00e4 ilman kompromisseja \n                    <\/h2>\n                                                        <p>Saat joustavan kehitysmallin, joka mukautuu muuttuviin tarpeisiin. Turvallisuus ja s\u00e4\u00e4ntelyn noudattaminen ovat aina keski\u00f6ss\u00e4. <\/p>\n                                    \n                                  <\/div>\n                              <div class=\"flex-item four\">\n                                      <h2 class=\"underline long\">\n                      Vanhat j\u00e4rjestelm\u00e4t, uusi tehokkuus \n                    <\/h2>\n                                                        <p>Yhdist\u00e4mme vanhat j\u00e4rjestelm\u00e4t moderneihin teknologioihin, mukaan lukien teko\u00e4lypohjaiset palvelut. Tehokkuutta ja skaalautuvuutta ilman liiketoiminnan h\u00e4iri\u00f6it\u00e4. <\/p>\n                                    \n                                  <\/div>\n                                            <div class=\"flex-item four\"><\/div>\n                                    <\/div>\n              <\/div>\n    <\/div>  \n  <\/div>\n<\/section>\n\n\n<section class=\"wp-block-image-and-text \">\n  <div class=\"theme-cloud wrap large \">\n    <div class=\"wrap\">\n      <div class=\"flex image-left\">\n                          <div class=\"flex-item has-image six\">\n            <div class=\"image cover\">\n                <img decoding=\"async\"\n                  src=\"https:\/\/samlink.fi\/app\/uploads\/2025\/10\/Kuva_2-300x300.jpg\" srcset=\"https:\/\/samlink.fi\/app\/uploads\/2025\/10\/Kuva_2-300x300.jpg 300w, https:\/\/samlink.fi\/app\/uploads\/2025\/10\/Kuva_2-150x150.jpg 150w, https:\/\/samlink.fi\/app\/uploads\/2025\/10\/Kuva_2-768x768.jpg 768w, https:\/\/samlink.fi\/app\/uploads\/2025\/10\/Kuva_2.jpg 800w\" sizes=\"(max-width: 1280px) 100vw, 1280px\" \n                  alt=\"Sami Suuronen\"\n                  class=\"aspect-ratio-1\" \/>\n            <\/div>\n          <\/div> \n                        <div class=\"flex-item has-text six\">\n          <div>\n                                      <span class=\"small-title underline\">Asiakastarina: Lainapalveluiden modernisointi <\/span>\n                                      <p>Yhdess\u00e4 asiakkaamme kanssa toteutetussa lainapalvelualustan uudistuksessa tiimiss\u00e4 ty\u00f6skenteli asiantuntijoita viidest\u00e4 eri pankista. Heid\u00e4n k\u00e4yt\u00e4nn\u00f6n kokemuksensa ansiosta projekti eteni nopeasti ja laadukkaasti.<\/p>\n<p><strong>Tulokset:<\/strong> nopeammat k\u00e4sittelyajat, pienempi operatiivinen riski ja saumaton asiakaskokemus.<\/p>\n<blockquote><p>\u201dAsiakkaat arvostavat sit\u00e4, ett\u00e4 emme tarjoa geneerisi\u00e4 ratkaisuja. Emme kysy, mit\u00e4 haluat \u2013 kysymme, mit\u00e4 haluat saavuttaa, ja rakennamme ratkaisun sen ymp\u00e4rille.\u201d<\/p><\/blockquote>\n<p><strong>Sami Suuronen<\/strong>, Development-yksik\u00f6n johtaja<\/p>\n\n              \n                          <a \n        class=\"btn btn-arrow\"\n        href=\"https:\/\/samlink.fi\/fi\/news\/samlinkin-sovelluskehityskone-ajattelee-kuin-pankki\/\"\n        target=\"\"\n        >\n                    Lue lis\u00e4\u00e4\n            <\/a>\n                                  <\/div> \n        <\/div>\n      <\/div>\n    <\/div>\n  <\/div>\n<\/section>\n\n\n<section class=\"wp-block-image-and-text \">\n  <div class=\"white wrap large \">\n    <div class=\"wrap\">\n      <div class=\"flex image-right\">\n                          <div class=\"flex-item has-image six\">\n            <div class=\"image cover\">\n                <img decoding=\"async\"\n                  src=\"https:\/\/samlink.fi\/app\/uploads\/2025\/10\/Kuva_1-300x300.jpg\" srcset=\"https:\/\/samlink.fi\/app\/uploads\/2025\/10\/Kuva_1-300x300.jpg 300w, https:\/\/samlink.fi\/app\/uploads\/2025\/10\/Kuva_1-150x150.jpg 150w, https:\/\/samlink.fi\/app\/uploads\/2025\/10\/Kuva_1-768x768.jpg 768w, https:\/\/samlink.fi\/app\/uploads\/2025\/10\/Kuva_1.jpg 800w\" sizes=\"(max-width: 1280px) 100vw, 1280px\" \n                  alt=\"Kyndryl IT Banking Powerhouse\"\n                  class=\"aspect-ratio-1\" \/>\n            <\/div>\n          <\/div> \n                        <div class=\"flex-item has-text six\">\n          <div>\n                                      <span class=\"small-title underline\">Osana Kyndryli\u00e4 \u2013 globaalia skaalautuvuutta, paikallista ymm\u00e4rryst\u00e4 <\/span>\n                                      <p><a href=\"http:\/\/www.kyndryl.com\">Kyndrylin<\/a>, maailman suurimman infrastruktuuripalveluiden tarjoajan, tyt\u00e4ryhti\u00f6n\u00e4 Samlink tarjoaa:<\/p>\n<ul>\n<li>Ammattitason tietoturvaa ja skaalautuvuutta, jotka tukevat s\u00e4\u00e4ntely\u00e4 ja toimintavarmuutta<\/li>\n<li>P\u00e4\u00e4syn globaaliin teknologiaosaamiseen ja valmiiksi testattuihin ratkaisuihin<\/li>\n<li>Vakautta ja ketteryytt\u00e4 \u2013 paikallinen asiantuntemus yhdistettyn\u00e4 maailmanlaajuiseen kapasiteettiin<\/li>\n<\/ul>\n\n              \n                                  <\/div> \n        <\/div>\n      <\/div>\n    <\/div>\n  <\/div>\n<\/section>\n\n\n<section class=\"align wp-block-paragraph\">\n  <div class=\"wrap large theme-dark-stone \">\n    <div class=\"wrap small\">\n              <h3>Valmiina kehitt\u00e4m\u00e4\u00e4n sovelluksiasi vastaamaan nykyp\u00e4iv\u00e4n vaatimuksia?<\/h3>\n<p>Autamme siirtym\u00e4\u00e4n eteenp\u00e4in perinteisist\u00e4 j\u00e4rjestelmist\u00e4 kohti turvallisia, tehokkaita ja innovatiivisia digitaalisia palveluita.<\/p>\n<p>T\u00e4yt\u00e4 alla oleva lomake, niin asiantuntijamme ovat sinuun yhteydess\u00e4.<\/p>\n\n          <\/div>\n  <\/div>\n<\/section>\n\n\n<section section class=\"wp-block-contact-form\">\n\n<div class=\"contact has-form\">\n  <div class=\"wrap large white\">\n    <div class=\"wrap small\">\n              <h2 class=\"title\">Contact Us<\/h2>\n            \n<div class=\"wpcf7 no-js\" id=\"wpcf7-f7989-o1\" lang=\"en-US\" dir=\"ltr\" data-wpcf7-id=\"7989\">\n<div class=\"screen-reader-response\"><p role=\"status\" aria-live=\"polite\" aria-atomic=\"true\"><\/p> <ul><\/ul><\/div>\n<form action=\"\/fi\/wp-json\/wp\/v2\/pages\/7987#wpcf7-f7989-o1\" method=\"post\" class=\"wpcf7-form init\" aria-label=\"Contact form\" novalidate=\"novalidate\" data-status=\"init\">\n<fieldset class=\"hidden-fields-container\"><input type=\"hidden\" name=\"_wpcf7\" value=\"7989\" \/><input type=\"hidden\" name=\"_wpcf7_version\" value=\"6.1.5\" \/><input type=\"hidden\" name=\"_wpcf7_locale\" value=\"en_US\" \/><input type=\"hidden\" name=\"_wpcf7_unit_tag\" value=\"wpcf7-f7989-o1\" \/><input type=\"hidden\" name=\"_wpcf7_container_post\" value=\"0\" \/><input type=\"hidden\" name=\"_wpcf7_posted_data_hash\" value=\"\" \/>\n<\/fieldset>\n<div class=\"flex-item twelve\"\n<label required>\n\t<p>Aihe<br \/>\n<span class=\"wpcf7-form-control-wrap\" data-name=\"subject\"><select class=\"wpcf7-form-control wpcf7-select wpcf7-validates-as-required\" aria-required=\"true\" aria-invalid=\"false\" name=\"subject\"><option value=\"Sovelluskehitys\">Sovelluskehitys<\/option><\/select><\/span>\n\t<\/p>\n<\/div>\n<div class=\"flex flex-item twelve space-between\">\n\t<div class=\"flex-item six\">\n\t\t<p><label required> Nimi <\/label><br \/>\n<span class=\"wpcf7-form-control-wrap\" data-name=\"your-name\"><input size=\"40\" maxlength=\"400\" class=\"wpcf7-form-control wpcf7-text wpcf7-validates-as-required\" autocomplete=\"name\" aria-required=\"true\" aria-invalid=\"false\" value=\"\" type=\"text\" name=\"your-name\" \/><\/span>\n\t\t<\/p>\n\t<\/div>\n\t<div class=\"flex-item six\">\n\t\t<p><label required> S\u00e4hk\u00f6posti <\/label><br \/>\n<span class=\"wpcf7-form-control-wrap\" data-name=\"your-email\"><input size=\"40\" maxlength=\"400\" class=\"wpcf7-form-control wpcf7-text wpcf7-validates-as-required\" autocomplete=\"email\" aria-required=\"true\" aria-invalid=\"false\" value=\"\" type=\"text\" name=\"your-email\" \/><\/span>\n\t\t<\/p>\n\t<\/div>\n<\/div>\n<div class=\"flex-item twelve\">\n\t<p><label> Yritys <\/label><br \/>\n<span class=\"wpcf7-form-control-wrap\" data-name=\"company\"><input size=\"40\" maxlength=\"400\" class=\"wpcf7-form-control wpcf7-text\" aria-invalid=\"false\" value=\"\" type=\"text\" name=\"company\" \/><\/span>\n\t<\/p>\n<\/div>\n<div class=\"flex-item twelve\">\n\t<p><label required> Viesti <\/label><br \/>\n<span class=\"wpcf7-form-control-wrap\" data-name=\"message\"><textarea cols=\"40\" rows=\"10\" maxlength=\"2000\" class=\"wpcf7-form-control wpcf7-textarea wpcf7-validates-as-required\" aria-required=\"true\" aria-invalid=\"false\" name=\"message\"><\/textarea><\/span>\n\t<\/p>\n<\/div>\n<div class=\"acceptance\">\n\t<p><span class=\"wpcf7-form-control-wrap\" data-name=\"acceptance-598\"><span class=\"wpcf7-form-control wpcf7-acceptance\"><span class=\"wpcf7-list-item\"><label><input type=\"checkbox\" name=\"acceptance-598\" value=\"1\" aria-invalid=\"false\" \/><span class=\"wpcf7-list-item-label\">Hyv\u00e4ksyn, ett\u00e4 Samlink tallentaa ja k\u00e4ytt\u00e4\u00e4 tietojani viestinn\u00e4ss\u00e4 ja markkinoinnissa. Jos haluan my\u00f6hemmin poistaa omat tietoni, otan yhteytt\u00e4 <a href=\"mailto:communications@samlink.fi\">communications@samlink.fi<\/a>.<\/span><\/label><\/span><\/span><\/span>\n\t<\/p>\n<\/div>\n<p><span class=\"wpcf7-form-control-wrap\" data-name=\"hcap-cf7\">\t\t<input\n\t\t\t\ttype=\"hidden\"\n\t\t\t\tclass=\"hcaptcha-widget-id\"\n\t\t\t\tname=\"hcaptcha-widget-id\"\n\t\t\t\tvalue=\"eyJzb3VyY2UiOlsiY29udGFjdC1mb3JtLTdcL3dwLWNvbnRhY3QtZm9ybS03LnBocCJdLCJmb3JtX2lkIjowfQ==-b8768694ac30a2484df2da095aa2465f\">\n\t\t\t\t<span id=\"hcap_cf7-69ef7879ac96f7.62168112\" class=\"wpcf7-form-control h-captcha \"\n\t\t\tdata-sitekey=\"ba39dede-d970-4133-871d-a4d4bb42a726\"\n\t\t\tdata-theme=\"light\"\n\t\t\tdata-size=\"compact\"\n\t\t\tdata-auto=\"false\"\n\t\t\tdata-ajax=\"false\"\n\t\t\tdata-force=\"false\">\n\t\t<\/span>\n\t\t<input type=\"hidden\" id=\"_wpnonce\" name=\"_wpnonce\" value=\"71544c5b65\" \/><input type=\"hidden\" name=\"_wp_http_referer\" value=\"\/fi\/wp-json\/wp\/v2\/pages\/7987\" \/><\/span><input class=\"wpcf7-form-control wpcf7-submit has-spinner\" type=\"submit\" value=\"L\u00e4het\u00e4\" \/>\n<\/p><div class=\"wpcf7-response-output\" aria-hidden=\"true\"><\/div>\n<\/form>\n<\/div>\n\n    <\/div>\n  <\/div>\n<\/div>\n  <\/section>\n","protected":false},"excerpt":{"rendered":"","protected":false},"author":17,"featured_media":0,"parent":1086,"menu_order":0,"comment_status":"closed","ping_status":"closed","template":"template-full-width-hero.blade.php","meta":{"_acf_changed":false,"footnotes":""},"class_list":["post-7987","page","type-page","status-publish","hentry"],"acf":[],"yoast_head":"<!-- This site is optimized with the Yoast SEO plugin v27.4 - https:\/\/yoast.com\/product\/yoast-seo-wordpress\/ -->\n<title>Samlink Sovelluskehitys | R\u00e4\u00e4t\u00e4l\u00f6ityj\u00e4 ratkaisuja pankkialalle<\/title>\n<meta name=\"description\" content=\"Turvalliset ja tehokkaat pankkisovellukset, jotka tukevat kasvua ja vaatimustenmukaisuutta. Samlink auttaa v\u00e4hent\u00e4m\u00e4\u00e4n riskej\u00e4 ja modernisoimaan j\u00e4rjestelm\u00e4t turvallisesti.\" \/>\n<meta name=\"robots\" content=\"index, follow, max-snippet:-1, max-image-preview:large, max-video-preview:-1\" \/>\n<link rel=\"canonical\" href=\"https:\/\/samlink.fi\/fi\/ratkaisumme\/sovelluskehitys\/\" \/>\n<meta property=\"og:locale\" content=\"fi_FI\" \/>\n<meta property=\"og:type\" content=\"article\" \/>\n<meta property=\"og:title\" content=\"Samlink Sovelluskehitys | R\u00e4\u00e4t\u00e4l\u00f6ityj\u00e4 ratkaisuja pankkialalle\" \/>\n<meta property=\"og:description\" content=\"Turvalliset ja tehokkaat pankkisovellukset, jotka tukevat kasvua ja vaatimustenmukaisuutta. Samlink auttaa v\u00e4hent\u00e4m\u00e4\u00e4n riskej\u00e4 ja modernisoimaan j\u00e4rjestelm\u00e4t turvallisesti.\" \/>\n<meta property=\"og:url\" content=\"https:\/\/samlink.fi\/fi\/ratkaisumme\/sovelluskehitys\/\" \/>\n<meta property=\"og:site_name\" content=\"Samlink\" \/>\n<meta property=\"article:modified_time\" content=\"2025-10-24T11:53:26+00:00\" \/>\n<meta property=\"og:image\" content=\"https:\/\/samlink.fi\/app\/uploads\/2023\/05\/samlink-webres-9-e1684845139892.jpg\" \/>\n\t<meta property=\"og:image:width\" content=\"1826\" \/>\n\t<meta property=\"og:image:height\" content=\"1582\" \/>\n\t<meta property=\"og:image:type\" content=\"image\/jpeg\" \/>\n<meta name=\"twitter:card\" content=\"summary_large_image\" \/>\n<meta name=\"twitter:label1\" content=\"Est. reading time\" \/>\n\t<meta name=\"twitter:data1\" content=\"2 minutes\" \/>\n<script type=\"application\/ld+json\" class=\"yoast-schema-graph\">{\"@context\":\"https:\\\/\\\/schema.org\",\"@graph\":[{\"@type\":\"WebPage\",\"@id\":\"https:\\\/\\\/samlink.fi\\\/fi\\\/ratkaisumme\\\/sovelluskehitys\\\/\",\"url\":\"https:\\\/\\\/samlink.fi\\\/fi\\\/ratkaisumme\\\/sovelluskehitys\\\/\",\"name\":\"Samlink Sovelluskehitys | R\u00e4\u00e4t\u00e4l\u00f6ityj\u00e4 ratkaisuja pankkialalle\",\"isPartOf\":{\"@id\":\"https:\\\/\\\/samlink.fi\\\/fi\\\/#website\"},\"datePublished\":\"2025-10-24T11:53:18+00:00\",\"dateModified\":\"2025-10-24T11:53:26+00:00\",\"description\":\"Turvalliset ja tehokkaat pankkisovellukset, jotka tukevat kasvua ja vaatimustenmukaisuutta. Samlink auttaa v\u00e4hent\u00e4m\u00e4\u00e4n riskej\u00e4 ja modernisoimaan j\u00e4rjestelm\u00e4t turvallisesti.\",\"breadcrumb\":{\"@id\":\"https:\\\/\\\/samlink.fi\\\/fi\\\/ratkaisumme\\\/sovelluskehitys\\\/#breadcrumb\"},\"inLanguage\":\"fi\",\"potentialAction\":[{\"@type\":\"ReadAction\",\"target\":[\"https:\\\/\\\/samlink.fi\\\/fi\\\/ratkaisumme\\\/sovelluskehitys\\\/\"]}]},{\"@type\":\"BreadcrumbList\",\"@id\":\"https:\\\/\\\/samlink.fi\\\/fi\\\/ratkaisumme\\\/sovelluskehitys\\\/#breadcrumb\",\"itemListElement\":[{\"@type\":\"ListItem\",\"position\":1,\"name\":\"Home\",\"item\":\"https:\\\/\\\/samlink.fi\\\/fi\\\/\"},{\"@type\":\"ListItem\",\"position\":2,\"name\":\"Ratkaisumme\",\"item\":\"https:\\\/\\\/samlink.fi\\\/fi\\\/ratkaisumme\\\/\"},{\"@type\":\"ListItem\",\"position\":3,\"name\":\"Sovelluskehitys\u00a0\"}]},{\"@type\":\"WebSite\",\"@id\":\"https:\\\/\\\/samlink.fi\\\/fi\\\/#website\",\"url\":\"https:\\\/\\\/samlink.fi\\\/fi\\\/\",\"name\":\"Samlink\",\"description\":\"Empowering financial success through innovative IT solutions\",\"potentialAction\":[{\"@type\":\"SearchAction\",\"target\":{\"@type\":\"EntryPoint\",\"urlTemplate\":\"https:\\\/\\\/samlink.fi\\\/fi\\\/?s={search_term_string}\"},\"query-input\":{\"@type\":\"PropertyValueSpecification\",\"valueRequired\":true,\"valueName\":\"search_term_string\"}}],\"inLanguage\":\"fi\"}]}<\/script>\n<!-- \/ Yoast SEO plugin. -->","yoast_head_json":{"title":"Samlink Sovelluskehitys | R\u00e4\u00e4t\u00e4l\u00f6ityj\u00e4 ratkaisuja pankkialalle","description":"Turvalliset ja tehokkaat pankkisovellukset, jotka tukevat kasvua ja vaatimustenmukaisuutta. Samlink auttaa v\u00e4hent\u00e4m\u00e4\u00e4n riskej\u00e4 ja modernisoimaan j\u00e4rjestelm\u00e4t turvallisesti.","robots":{"index":"index","follow":"follow","max-snippet":"max-snippet:-1","max-image-preview":"max-image-preview:large","max-video-preview":"max-video-preview:-1"},"canonical":"https:\/\/samlink.fi\/fi\/ratkaisumme\/sovelluskehitys\/","og_locale":"fi_FI","og_type":"article","og_title":"Samlink Sovelluskehitys | R\u00e4\u00e4t\u00e4l\u00f6ityj\u00e4 ratkaisuja pankkialalle","og_description":"Turvalliset ja tehokkaat pankkisovellukset, jotka tukevat kasvua ja vaatimustenmukaisuutta. Samlink auttaa v\u00e4hent\u00e4m\u00e4\u00e4n riskej\u00e4 ja modernisoimaan j\u00e4rjestelm\u00e4t turvallisesti.","og_url":"https:\/\/samlink.fi\/fi\/ratkaisumme\/sovelluskehitys\/","og_site_name":"Samlink","article_modified_time":"2025-10-24T11:53:26+00:00","og_image":[{"width":1826,"height":1582,"url":"https:\/\/samlink.fi\/app\/uploads\/2023\/05\/samlink-webres-9-e1684845139892.jpg","type":"image\/jpeg"}],"twitter_card":"summary_large_image","twitter_misc":{"Est. reading time":"2 minutes"},"schema":{"@context":"https:\/\/schema.org","@graph":[{"@type":"WebPage","@id":"https:\/\/samlink.fi\/fi\/ratkaisumme\/sovelluskehitys\/","url":"https:\/\/samlink.fi\/fi\/ratkaisumme\/sovelluskehitys\/","name":"Samlink Sovelluskehitys | R\u00e4\u00e4t\u00e4l\u00f6ityj\u00e4 ratkaisuja pankkialalle","isPartOf":{"@id":"https:\/\/samlink.fi\/fi\/#website"},"datePublished":"2025-10-24T11:53:18+00:00","dateModified":"2025-10-24T11:53:26+00:00","description":"Turvalliset ja tehokkaat pankkisovellukset, jotka tukevat kasvua ja vaatimustenmukaisuutta. Samlink auttaa v\u00e4hent\u00e4m\u00e4\u00e4n riskej\u00e4 ja modernisoimaan j\u00e4rjestelm\u00e4t turvallisesti.","breadcrumb":{"@id":"https:\/\/samlink.fi\/fi\/ratkaisumme\/sovelluskehitys\/#breadcrumb"},"inLanguage":"fi","potentialAction":[{"@type":"ReadAction","target":["https:\/\/samlink.fi\/fi\/ratkaisumme\/sovelluskehitys\/"]}]},{"@type":"BreadcrumbList","@id":"https:\/\/samlink.fi\/fi\/ratkaisumme\/sovelluskehitys\/#breadcrumb","itemListElement":[{"@type":"ListItem","position":1,"name":"Home","item":"https:\/\/samlink.fi\/fi\/"},{"@type":"ListItem","position":2,"name":"Ratkaisumme","item":"https:\/\/samlink.fi\/fi\/ratkaisumme\/"},{"@type":"ListItem","position":3,"name":"Sovelluskehitys\u00a0"}]},{"@type":"WebSite","@id":"https:\/\/samlink.fi\/fi\/#website","url":"https:\/\/samlink.fi\/fi\/","name":"Samlink","description":"Empowering financial success through innovative IT solutions","potentialAction":[{"@type":"SearchAction","target":{"@type":"EntryPoint","urlTemplate":"https:\/\/samlink.fi\/fi\/?s={search_term_string}"},"query-input":{"@type":"PropertyValueSpecification","valueRequired":true,"valueName":"search_term_string"}}],"inLanguage":"fi"}]}},"_links":{"self":[{"href":"https:\/\/samlink.fi\/fi\/wp-json\/wp\/v2\/pages\/7987","targetHints":{"allow":["GET"]}}],"collection":[{"href":"https:\/\/samlink.fi\/fi\/wp-json\/wp\/v2\/pages"}],"about":[{"href":"https:\/\/samlink.fi\/fi\/wp-json\/wp\/v2\/types\/page"}],"author":[{"embeddable":true,"href":"https:\/\/samlink.fi\/fi\/wp-json\/wp\/v2\/users\/17"}],"replies":[{"embeddable":true,"href":"https:\/\/samlink.fi\/fi\/wp-json\/wp\/v2\/comments?post=7987"}],"version-history":[{"count":9,"href":"https:\/\/samlink.fi\/fi\/wp-json\/wp\/v2\/pages\/7987\/revisions"}],"predecessor-version":[{"id":8019,"href":"https:\/\/samlink.fi\/fi\/wp-json\/wp\/v2\/pages\/7987\/revisions\/8019"}],"up":[{"embeddable":true,"href":"https:\/\/samlink.fi\/fi\/wp-json\/wp\/v2\/pages\/1086"}],"wp:attachment":[{"href":"https:\/\/samlink.fi\/fi\/wp-json\/wp\/v2\/media?parent=7987"}],"curies":[{"name":"wp","href":"https:\/\/api.w.org\/{rel}","templated":true}]}}