{"id":7449,"date":"2025-05-16T16:00:38","date_gmt":"2025-05-16T13:00:38","guid":{"rendered":"https:\/\/samlink.fi\/?page_id=7449"},"modified":"2026-03-11T16:19:15","modified_gmt":"2026-03-11T13:19:15","slug":"psd3-vaikutusten-arviointi-yhteistyossa-samlink-ja-dla-piper","status":"publish","type":"page","link":"https:\/\/samlink.fi\/fi\/ratkaisumme\/psd3-vaikutusten-arviointi-yhteistyossa-samlink-ja-dla-piper\/","title":{"rendered":"PSD3-vaikutusten arviointi \u2013 yhteisty\u00f6ss\u00e4 Samlink ja DLA Piper\u00a0"},"content":{"rendered":"<section class=\"wp-block-image-and-text \">\n  <div class=\"white full-width image-large\">\n    <div class=\"wrap\">\n      <div class=\"flex image-right\">\n                          <div class=\"flex-item has-image eight\">\n            <div class=\"image cover\">\n                <img decoding=\"async\"\n                  src=\"https:\/\/samlink.fi\/app\/uploads\/2026\/03\/Samlink_PSD3_1024x576px-300x169.jpg\" srcset=\"https:\/\/samlink.fi\/app\/uploads\/2026\/03\/Samlink_PSD3_1024x576px-300x169.jpg 300w, https:\/\/samlink.fi\/app\/uploads\/2026\/03\/Samlink_PSD3_1024x576px-768x432.jpg 768w, https:\/\/samlink.fi\/app\/uploads\/2026\/03\/Samlink_PSD3_1024x576px.jpg 1024w\" sizes=\"(max-width: 1280px) 100vw, 1280px\" \n                  alt=\"\"\n                  class=\"aspect-ratio-1\" \/>\n            <\/div>\n          <\/div> \n                        <div class=\"flex-item has-text four\">\n          <div>\n                                                                            <h2>Valmistaudu PSD3-direktiiviin Samlinkin ja DLA Piper Suomen tuella<\/h2>\n<p><strong>Uusi maksupalveludirektiivi, PSD3, on tulossa, ja sen vaikutukset pankkien ja maksupalveluntarjoajien toimintaan ovat merkitt\u00e4vi\u00e4. Et ole muutoksen keskell\u00e4 yksin.<\/strong><\/p>\n<p>Samlink ja <a href=\"https:\/\/finland.dlapiper.com\/\" target=\"_blank\" rel=\"noopener\">DLA Piper Finland<\/a> tarjoavat yhdess\u00e4 kattavan PSD3-vaikutusten arviointipalvelun, joka on suunnattu erityisesti pankeille ja maksupalveluntarjoajille. Palvelussa yhdistyv\u00e4t juridinen riskianalyysi sek\u00e4 IT-j\u00e4rjestelmien ja liiketoiminnan arviointi. Tavoitteena on varmistaa, ett\u00e4 organisaatiosi ei ainoastaan t\u00e4yt\u00e4 uuden direktiivin vaatimuksia, vaan on my\u00f6s valmiina hy\u00f6dynt\u00e4m\u00e4\u00e4n sen tarjoamat mahdollisuudet.<\/p>\n<p>Oletpa sitten aloittamassa PSD3-valmisteluja tai jo pitk\u00e4ll\u00e4 suunnittelussa, autamme sinua selkeytt\u00e4m\u00e4\u00e4n tilanteen, rakentamaan varmuutta ja etenem\u00e4\u00e4n k\u00e4yt\u00e4nn\u00f6nl\u00e4heisell\u00e4 suunnitelmalla.<\/p>\n\n              \n                          <a \n        class=\"btn btn-arrow\"\n        href=\"https:\/\/samlink.fi\/contact-us\/\"\n        target=\"\"\n        >\n                    Contact us for more information\n            <\/a>\n                                  <\/div> \n        <\/div>\n      <\/div>\n    <\/div>\n  <\/div>\n<\/section>\n\n\n<section class=\"wp-block-colored-section\">\n  <div class=\"wrap\">\n    <div class=\"title theme-deep-forest\">\n              Arvo ja hy\u00f6dyt \n          <\/div>\n  <\/div>\n\n  <div class=\"colored theme-deep-forest\">\n\n    \n    <div class=\"wrap\">\n            \n      <div \n        class=\"bottom \n        hasheader \n         \n        notop\">\n\n                  <div class=\"flex space-between iconheadertext\">\n                                          <div class=\"flex-item four\">\n                                      <img decoding=\"async\" src=\"https:\/\/samlink.fi\/app\/uploads\/2025\/05\/Samlink_Icon_Legal_IT_Expertise-2.png\" alt=\"\" style=\"width: 45px; height: 45px\">\n                                                        <h2 class= \"underline long\"> Juridiikan ja IT:n asiantuntemus  <\/h2>\n                                                        <p> Saat kokonaisvaltaisen n\u00e4kemyksen s\u00e4\u00e4ntelytulkinnasta j\u00e4rjestelm\u00e4valmiuteen nelj\u00e4lt\u00e4 Samlinkin ja DLA Piperin kokeneelta asiantuntijalta.   <\/p>\n                                  <\/div>\n                              <div class=\"flex-item four\">\n                                      <img decoding=\"async\" src=\"https:\/\/samlink.fi\/app\/uploads\/2025\/05\/Samlink_Icon_Risk_and_Cost-3.png\" alt=\"\" style=\"width: 45px; height: 45px\">\n                                                        <h2 class= \"underline long\"> Riskien ja kustannusten hallinta  <\/h2>\n                                                        <p> Tunnista keskeiset s\u00e4\u00e4ntely- ja IT-riskit ajoissa, v\u00e4lt\u00e4 yll\u00e4tykset ja tehosta korjaavien toimenpiteiden suunnittelua.  <\/p>\n                                  <\/div>\n                              <div class=\"flex-item four\">\n                                      <img decoding=\"async\" src=\"https:\/\/samlink.fi\/app\/uploads\/2025\/05\/Samlink_Icon_Future-ready.png\" alt=\"\" style=\"width: 45px; height: 45px\">\n                                                        <h2 class= \"underline long\"> Tulevaisuuteen katsova strategia  <\/h2>\n                                                        <p> Hy\u00f6dynn\u00e4 PSD3 strategisena mahdollisuutena modernisoida teknologiaa ja linjata sit\u00e4 pitk\u00e4n aikav\u00e4lin liiketoimintatavoitteisiin.  <\/p>\n                                  <\/div>\n                              <div class=\"flex-item four\">\n                                      <img decoding=\"async\" src=\"https:\/\/samlink.fi\/app\/uploads\/2025\/05\/Samlink_Icon_Accelerated_Implementation-2.png\" alt=\"\" style=\"width: 45px; height: 45px\">\n                                                        <h2 class= \"underline long\"> Nopea ja hallittu eteneminen  <\/h2>\n                                                        <p> Rakenteellinen l\u00e4hestymistapamme nopeuttaa valmistautumista ilman suurta h\u00e4iri\u00f6t\u00e4 p\u00e4ivitt\u00e4iseen toimintaan.  <\/p>\n                                  <\/div>\n                              <div class=\"flex-item four\">\n                                      <img decoding=\"async\" src=\"https:\/\/samlink.fi\/app\/uploads\/2025\/05\/Samlink_Icon_Tailored-2.png\" alt=\"\" style=\"width: 45px; height: 45px\">\n                                                        <h2 class= \"underline long\"> R\u00e4\u00e4t\u00e4l\u00f6ity sinun tarpeisiisi  <\/h2>\n                                                        <p> Emme tarjoa valmiita mallipohjia, arviointi perustuu liiketoimintasi ja IT-ymp\u00e4rist\u00f6si erityispiirteisiin.  <\/p>\n                                  <\/div>\n                                            <div class=\"flex-item four\"><\/div>\n                                    <\/div>\n              <\/div>\n    <\/div>  \n  <\/div>\n<\/section>\n\n\n<section class=\"align wp-block-single-post\">\n    <div class=\"wrap\">\n                <div class=\"flex image-right\">\n                                    <div class=\"flex-item six has-image\">\n                                                    <div class=\"image\">\n                                <img decoding=\"async\"\n                                    src=\"https:\/\/samlink.fi\/app\/uploads\/2025\/08\/Samlink_PSD3_Consulting_Article_824x464px.jpg\" srcset=\"https:\/\/samlink.fi\/app\/uploads\/2025\/08\/Samlink_PSD3_Consulting_Article_824x464px.jpg 824w, https:\/\/samlink.fi\/app\/uploads\/2025\/08\/Samlink_PSD3_Consulting_Article_824x464px-300x169.jpg 300w, https:\/\/samlink.fi\/app\/uploads\/2025\/08\/Samlink_PSD3_Consulting_Article_824x464px-768x432.jpg 768w\" sizes=\"(max-width: 1200px) 100vw, 1200px\"                                    alt=\"\"\n                                    class=\"aspect-ratio-1\"\n                                    \/>\n                            <\/div>\n                                                    <\/div>\n                                    <div class=\"flex-item six has-text\">\n                <div>\n                    <span class=\"underline\">Uutiset<\/span>\n                    <h2>\n                                                    Samlink ja DLA Piper auttavat finanssialaa PSD3-muutoksessa\u00a0\n                                            <\/h2>\n                    \n                                                                    <p>EU etenee kohti uuden maksupalveludirektiivin PSD3:n k\u00e4ytt\u00f6\u00f6nottoa. Samlink ja DLA Piper ovat yhdist\u00e4neet voimansa tukeakseen finanssialan toimijoita s\u00e4\u00e4ntelymuutoksen l\u00e4pivienniss\u00e4 selke\u00e4sti, luottamuksellisesti ja strategisella n\u00e4kemyksell\u00e4.\u00a0 PSD2:n pohjalta rakennettu PSD3 paikkaa s\u00e4\u00e4ntelyaukkoja, vahvistaa kuluttajansuojaa ja tiukentaa valvontaa niin perinteisten kuin uusien maksupalveluntarjoajien osalta. Direktiivi ja sen rinnalla tuleva asetus (PSR) tuovat aiempaa&hellip;<\/p>\n                                        <a\n                        href=\"https:\/\/samlink.fi\/fi\/news\/samlink-ja-dla-piper-auttavat-finanssialaa-psd3-muutoksessa\/\"\n                        class=\"btn green btn-arrow\">\n                                                    Lue lis\u00e4\u00e4\n                                            <\/a>\n                    <\/div>\n                <\/div>\n            <\/div>\n        <\/div>\n            <\/div>\n<\/section>\n\n\n<section section class=\"wp-block-contact-form\">\n\n<div class=\"contact has-form\">\n  <div class=\"wrap large theme-spring-green\">\n    <div class=\"wrap small\">\n              <h2 class=\"title\">Ota yhteytt\u00e4<\/h2>\n            \n<div class=\"wpcf7 no-js\" id=\"wpcf7-f7453-o1\" lang=\"en-US\" dir=\"ltr\" data-wpcf7-id=\"7453\">\n<div class=\"screen-reader-response\"><p role=\"status\" aria-live=\"polite\" aria-atomic=\"true\"><\/p> <ul><\/ul><\/div>\n<form action=\"\/fi\/wp-json\/wp\/v2\/pages\/7449#wpcf7-f7453-o1\" method=\"post\" class=\"wpcf7-form init\" aria-label=\"Contact form\" novalidate=\"novalidate\" data-status=\"init\">\n<fieldset class=\"hidden-fields-container\"><input type=\"hidden\" name=\"_wpcf7\" value=\"7453\" \/><input type=\"hidden\" name=\"_wpcf7_version\" value=\"6.1.5\" \/><input type=\"hidden\" name=\"_wpcf7_locale\" value=\"en_US\" \/><input type=\"hidden\" name=\"_wpcf7_unit_tag\" value=\"wpcf7-f7453-o1\" \/><input type=\"hidden\" name=\"_wpcf7_container_post\" value=\"0\" \/><input type=\"hidden\" name=\"_wpcf7_posted_data_hash\" value=\"\" \/>\n<\/fieldset>\n<div class=\"flex-item twelve\"\n<label required>\n\t<p>Aihe<br \/>\n<span class=\"wpcf7-form-control-wrap\" data-name=\"subject\"><select class=\"wpcf7-form-control wpcf7-select wpcf7-validates-as-required\" aria-required=\"true\" aria-invalid=\"false\" name=\"subject\"><option value=\"PSD3\">PSD3<\/option><\/select><\/span>\n\t<\/p>\n<\/div>\n<div class=\"flex flex-item twelve space-between\">\n\t<div class=\"flex-item six\">\n\t\t<p><label required> Nimi <\/label><br \/>\n<span class=\"wpcf7-form-control-wrap\" data-name=\"your-name\"><input size=\"40\" maxlength=\"400\" class=\"wpcf7-form-control wpcf7-text wpcf7-validates-as-required\" autocomplete=\"name\" aria-required=\"true\" aria-invalid=\"false\" value=\"\" type=\"text\" name=\"your-name\" \/><\/span>\n\t\t<\/p>\n\t<\/div>\n\t<div class=\"flex-item six\">\n\t\t<p><label required> S\u00e4hk\u00f6posti <\/label><br \/>\n<span class=\"wpcf7-form-control-wrap\" data-name=\"your-email\"><input size=\"40\" maxlength=\"400\" class=\"wpcf7-form-control wpcf7-text wpcf7-validates-as-required\" autocomplete=\"email\" aria-required=\"true\" aria-invalid=\"false\" value=\"\" type=\"text\" name=\"your-email\" \/><\/span>\n\t\t<\/p>\n\t<\/div>\n<\/div>\n<div class=\"flex-item twelve\">\n\t<p><label> Yritys <\/label><br \/>\n<span class=\"wpcf7-form-control-wrap\" data-name=\"company\"><input size=\"40\" maxlength=\"400\" class=\"wpcf7-form-control wpcf7-text\" aria-invalid=\"false\" value=\"\" type=\"text\" name=\"company\" \/><\/span>\n\t<\/p>\n<\/div>\n<div class=\"flex-item twelve\">\n\t<p><label required> Viesti <\/label><br \/>\n<span class=\"wpcf7-form-control-wrap\" data-name=\"message\"><textarea cols=\"40\" rows=\"10\" maxlength=\"2000\" class=\"wpcf7-form-control wpcf7-textarea wpcf7-validates-as-required\" aria-required=\"true\" aria-invalid=\"false\" name=\"message\"><\/textarea><\/span>\n\t<\/p>\n<\/div>\n<div class=\"acceptance\">\n\t<p><span class=\"wpcf7-form-control-wrap\" data-name=\"acceptance-598\"><span class=\"wpcf7-form-control wpcf7-acceptance\"><span class=\"wpcf7-list-item\"><label><input type=\"checkbox\" name=\"acceptance-598\" value=\"1\" aria-invalid=\"false\" \/><span class=\"wpcf7-list-item-label\">Hyv\u00e4ksyn, ett\u00e4 Samlink tallentaa ja k\u00e4ytt\u00e4\u00e4 tietojani viestinn\u00e4ss\u00e4 ja markkinoinnissa. Jos haluan my\u00f6hemmin poistaa omat tietoni, otan yhteytt\u00e4 <a href=\"mailto:communications@samlink.fi\">communications@samlink.fi<\/a>.<\/span><\/label><\/span><\/span><\/span>\n\t<\/p>\n<\/div>\n<p><span class=\"wpcf7-form-control-wrap\" data-name=\"hcap-cf7\">\t\t<input\n\t\t\t\ttype=\"hidden\"\n\t\t\t\tclass=\"hcaptcha-widget-id\"\n\t\t\t\tname=\"hcaptcha-widget-id\"\n\t\t\t\tvalue=\"eyJzb3VyY2UiOlsiY29udGFjdC1mb3JtLTdcL3dwLWNvbnRhY3QtZm9ybS03LnBocCJdLCJmb3JtX2lkIjo0fQ==-9c152fe4c691d214083dafc70971e164\">\n\t\t\t\t<span id=\"hcap_cf7-69df46910d86b1.29406216\" class=\"wpcf7-form-control h-captcha \"\n\t\t\tdata-sitekey=\"ba39dede-d970-4133-871d-a4d4bb42a726\"\n\t\t\tdata-theme=\"light\"\n\t\t\tdata-size=\"compact\"\n\t\t\tdata-auto=\"false\"\n\t\t\tdata-ajax=\"false\"\n\t\t\tdata-force=\"false\">\n\t\t<\/span>\n\t\t<input type=\"hidden\" id=\"_wpnonce\" name=\"_wpnonce\" value=\"fca0842b24\" \/><input type=\"hidden\" name=\"_wp_http_referer\" value=\"\/fi\/wp-json\/wp\/v2\/pages\/7449\" \/><\/span><input class=\"wpcf7-form-control wpcf7-submit has-spinner\" type=\"submit\" value=\"L\u00e4het\u00e4\" \/>\n<\/p><div class=\"wpcf7-response-output\" aria-hidden=\"true\"><\/div>\n<\/form>\n<\/div>\n\n    <\/div>\n  <\/div>\n<\/div>\n  <\/section>\n","protected":false},"excerpt":{"rendered":"","protected":false},"author":17,"featured_media":0,"parent":1086,"menu_order":0,"comment_status":"closed","ping_status":"closed","template":"template-full-width-hero.blade.php","meta":{"_acf_changed":false,"footnotes":""},"class_list":["post-7449","page","type-page","status-publish","hentry"],"acf":[],"yoast_head":"<!-- This site is optimized with the Yoast SEO plugin v27.4 - https:\/\/yoast.com\/product\/yoast-seo-wordpress\/ -->\n<title>PSD3-vaikutusten arviointi \u2013 yhteisty\u00f6ss\u00e4 Samlink ja DLA Piper\u00a0 - Samlink<\/title>\n<meta name=\"description\" content=\"Samlink ja DLA Piper Finland tarjoavat kattavan PSD3-vaikutusten arviointipalvelun, joka on suunnattu erityisesti pankeille ja maksupalveluntarjoajille.\" \/>\n<meta name=\"robots\" content=\"index, follow, max-snippet:-1, max-image-preview:large, max-video-preview:-1\" \/>\n<link rel=\"canonical\" href=\"https:\/\/samlink.fi\/fi\/ratkaisumme\/psd3-vaikutusten-arviointi-yhteistyossa-samlink-ja-dla-piper\/\" \/>\n<meta property=\"og:locale\" content=\"fi_FI\" \/>\n<meta property=\"og:type\" content=\"article\" \/>\n<meta property=\"og:title\" content=\"PSD3-vaikutusten arviointi \u2013 yhteisty\u00f6ss\u00e4 Samlink ja DLA Piper\u00a0 - Samlink\" \/>\n<meta property=\"og:description\" content=\"Samlink ja DLA Piper Finland tarjoavat kattavan PSD3-vaikutusten arviointipalvelun, joka on suunnattu erityisesti pankeille ja maksupalveluntarjoajille.\" \/>\n<meta property=\"og:url\" content=\"https:\/\/samlink.fi\/fi\/ratkaisumme\/psd3-vaikutusten-arviointi-yhteistyossa-samlink-ja-dla-piper\/\" \/>\n<meta property=\"og:site_name\" content=\"Samlink\" \/>\n<meta property=\"article:modified_time\" content=\"2026-03-11T13:19:15+00:00\" \/>\n<meta property=\"og:image\" content=\"https:\/\/samlink.fi\/app\/uploads\/2023\/05\/samlink-webres-9-e1684845139892.jpg\" \/>\n\t<meta property=\"og:image:width\" content=\"1826\" \/>\n\t<meta property=\"og:image:height\" content=\"1582\" \/>\n\t<meta property=\"og:image:type\" content=\"image\/jpeg\" \/>\n<meta name=\"twitter:card\" content=\"summary_large_image\" \/>\n<meta name=\"twitter:label1\" content=\"Est. reading time\" \/>\n\t<meta name=\"twitter:data1\" content=\"1 minute\" \/>\n<script type=\"application\/ld+json\" class=\"yoast-schema-graph\">{\"@context\":\"https:\\\/\\\/schema.org\",\"@graph\":[{\"@type\":\"WebPage\",\"@id\":\"https:\\\/\\\/samlink.fi\\\/fi\\\/ratkaisumme\\\/psd3-vaikutusten-arviointi-yhteistyossa-samlink-ja-dla-piper\\\/\",\"url\":\"https:\\\/\\\/samlink.fi\\\/fi\\\/ratkaisumme\\\/psd3-vaikutusten-arviointi-yhteistyossa-samlink-ja-dla-piper\\\/\",\"name\":\"PSD3-vaikutusten arviointi \u2013 yhteisty\u00f6ss\u00e4 Samlink ja DLA Piper\u00a0 - Samlink\",\"isPartOf\":{\"@id\":\"https:\\\/\\\/samlink.fi\\\/fi\\\/#website\"},\"datePublished\":\"2025-05-16T13:00:38+00:00\",\"dateModified\":\"2026-03-11T13:19:15+00:00\",\"description\":\"Samlink ja DLA Piper Finland tarjoavat kattavan PSD3-vaikutusten arviointipalvelun, joka on suunnattu erityisesti pankeille ja maksupalveluntarjoajille.\",\"breadcrumb\":{\"@id\":\"https:\\\/\\\/samlink.fi\\\/fi\\\/ratkaisumme\\\/psd3-vaikutusten-arviointi-yhteistyossa-samlink-ja-dla-piper\\\/#breadcrumb\"},\"inLanguage\":\"fi\",\"potentialAction\":[{\"@type\":\"ReadAction\",\"target\":[\"https:\\\/\\\/samlink.fi\\\/fi\\\/ratkaisumme\\\/psd3-vaikutusten-arviointi-yhteistyossa-samlink-ja-dla-piper\\\/\"]}]},{\"@type\":\"BreadcrumbList\",\"@id\":\"https:\\\/\\\/samlink.fi\\\/fi\\\/ratkaisumme\\\/psd3-vaikutusten-arviointi-yhteistyossa-samlink-ja-dla-piper\\\/#breadcrumb\",\"itemListElement\":[{\"@type\":\"ListItem\",\"position\":1,\"name\":\"Home\",\"item\":\"https:\\\/\\\/samlink.fi\\\/fi\\\/\"},{\"@type\":\"ListItem\",\"position\":2,\"name\":\"Ratkaisumme\",\"item\":\"https:\\\/\\\/samlink.fi\\\/fi\\\/ratkaisumme\\\/\"},{\"@type\":\"ListItem\",\"position\":3,\"name\":\"PSD3-vaikutusten arviointi \u2013 yhteisty\u00f6ss\u00e4 Samlink ja DLA Piper\u00a0\"}]},{\"@type\":\"WebSite\",\"@id\":\"https:\\\/\\\/samlink.fi\\\/fi\\\/#website\",\"url\":\"https:\\\/\\\/samlink.fi\\\/fi\\\/\",\"name\":\"Samlink\",\"description\":\"Empowering financial success through innovative IT solutions\",\"potentialAction\":[{\"@type\":\"SearchAction\",\"target\":{\"@type\":\"EntryPoint\",\"urlTemplate\":\"https:\\\/\\\/samlink.fi\\\/fi\\\/?s={search_term_string}\"},\"query-input\":{\"@type\":\"PropertyValueSpecification\",\"valueRequired\":true,\"valueName\":\"search_term_string\"}}],\"inLanguage\":\"fi\"}]}<\/script>\n<!-- \/ Yoast SEO plugin. -->","yoast_head_json":{"title":"PSD3-vaikutusten arviointi \u2013 yhteisty\u00f6ss\u00e4 Samlink ja DLA Piper\u00a0 - Samlink","description":"Samlink ja DLA Piper Finland tarjoavat kattavan PSD3-vaikutusten arviointipalvelun, joka on suunnattu erityisesti pankeille ja maksupalveluntarjoajille.","robots":{"index":"index","follow":"follow","max-snippet":"max-snippet:-1","max-image-preview":"max-image-preview:large","max-video-preview":"max-video-preview:-1"},"canonical":"https:\/\/samlink.fi\/fi\/ratkaisumme\/psd3-vaikutusten-arviointi-yhteistyossa-samlink-ja-dla-piper\/","og_locale":"fi_FI","og_type":"article","og_title":"PSD3-vaikutusten arviointi \u2013 yhteisty\u00f6ss\u00e4 Samlink ja DLA Piper\u00a0 - Samlink","og_description":"Samlink ja DLA Piper Finland tarjoavat kattavan PSD3-vaikutusten arviointipalvelun, joka on suunnattu erityisesti pankeille ja maksupalveluntarjoajille.","og_url":"https:\/\/samlink.fi\/fi\/ratkaisumme\/psd3-vaikutusten-arviointi-yhteistyossa-samlink-ja-dla-piper\/","og_site_name":"Samlink","article_modified_time":"2026-03-11T13:19:15+00:00","og_image":[{"width":1826,"height":1582,"url":"https:\/\/samlink.fi\/app\/uploads\/2023\/05\/samlink-webres-9-e1684845139892.jpg","type":"image\/jpeg"}],"twitter_card":"summary_large_image","twitter_misc":{"Est. reading time":"1 minute"},"schema":{"@context":"https:\/\/schema.org","@graph":[{"@type":"WebPage","@id":"https:\/\/samlink.fi\/fi\/ratkaisumme\/psd3-vaikutusten-arviointi-yhteistyossa-samlink-ja-dla-piper\/","url":"https:\/\/samlink.fi\/fi\/ratkaisumme\/psd3-vaikutusten-arviointi-yhteistyossa-samlink-ja-dla-piper\/","name":"PSD3-vaikutusten arviointi \u2013 yhteisty\u00f6ss\u00e4 Samlink ja DLA Piper\u00a0 - Samlink","isPartOf":{"@id":"https:\/\/samlink.fi\/fi\/#website"},"datePublished":"2025-05-16T13:00:38+00:00","dateModified":"2026-03-11T13:19:15+00:00","description":"Samlink ja DLA Piper Finland tarjoavat kattavan PSD3-vaikutusten arviointipalvelun, joka on suunnattu erityisesti pankeille ja maksupalveluntarjoajille.","breadcrumb":{"@id":"https:\/\/samlink.fi\/fi\/ratkaisumme\/psd3-vaikutusten-arviointi-yhteistyossa-samlink-ja-dla-piper\/#breadcrumb"},"inLanguage":"fi","potentialAction":[{"@type":"ReadAction","target":["https:\/\/samlink.fi\/fi\/ratkaisumme\/psd3-vaikutusten-arviointi-yhteistyossa-samlink-ja-dla-piper\/"]}]},{"@type":"BreadcrumbList","@id":"https:\/\/samlink.fi\/fi\/ratkaisumme\/psd3-vaikutusten-arviointi-yhteistyossa-samlink-ja-dla-piper\/#breadcrumb","itemListElement":[{"@type":"ListItem","position":1,"name":"Home","item":"https:\/\/samlink.fi\/fi\/"},{"@type":"ListItem","position":2,"name":"Ratkaisumme","item":"https:\/\/samlink.fi\/fi\/ratkaisumme\/"},{"@type":"ListItem","position":3,"name":"PSD3-vaikutusten arviointi \u2013 yhteisty\u00f6ss\u00e4 Samlink ja DLA Piper\u00a0"}]},{"@type":"WebSite","@id":"https:\/\/samlink.fi\/fi\/#website","url":"https:\/\/samlink.fi\/fi\/","name":"Samlink","description":"Empowering financial success through innovative IT solutions","potentialAction":[{"@type":"SearchAction","target":{"@type":"EntryPoint","urlTemplate":"https:\/\/samlink.fi\/fi\/?s={search_term_string}"},"query-input":{"@type":"PropertyValueSpecification","valueRequired":true,"valueName":"search_term_string"}}],"inLanguage":"fi"}]}},"_links":{"self":[{"href":"https:\/\/samlink.fi\/fi\/wp-json\/wp\/v2\/pages\/7449","targetHints":{"allow":["GET"]}}],"collection":[{"href":"https:\/\/samlink.fi\/fi\/wp-json\/wp\/v2\/pages"}],"about":[{"href":"https:\/\/samlink.fi\/fi\/wp-json\/wp\/v2\/types\/page"}],"author":[{"embeddable":true,"href":"https:\/\/samlink.fi\/fi\/wp-json\/wp\/v2\/users\/17"}],"replies":[{"embeddable":true,"href":"https:\/\/samlink.fi\/fi\/wp-json\/wp\/v2\/comments?post=7449"}],"version-history":[{"count":8,"href":"https:\/\/samlink.fi\/fi\/wp-json\/wp\/v2\/pages\/7449\/revisions"}],"predecessor-version":[{"id":9010,"href":"https:\/\/samlink.fi\/fi\/wp-json\/wp\/v2\/pages\/7449\/revisions\/9010"}],"up":[{"embeddable":true,"href":"https:\/\/samlink.fi\/fi\/wp-json\/wp\/v2\/pages\/1086"}],"wp:attachment":[{"href":"https:\/\/samlink.fi\/fi\/wp-json\/wp\/v2\/media?parent=7449"}],"curies":[{"name":"wp","href":"https:\/\/api.w.org\/{rel}","templated":true}]}}