{"id":3534,"date":"2023-11-30T13:12:23","date_gmt":"2023-11-30T10:12:23","guid":{"rendered":"https:\/\/samlink.fi\/?page_id=3534"},"modified":"2026-03-13T15:45:36","modified_gmt":"2026-03-13T12:45:36","slug":"advisory-services","status":"publish","type":"page","link":"https:\/\/samlink.fi\/fi\/ratkaisumme\/advisory-services\/","title":{"rendered":"Advisory Services"},"content":{"rendered":"<section class=\"wp-block-heading-and-text\">\n<div class=\"wrap large theme-cloud\">\n    <div class=\"wrap\">\n      <div class=\"flex\">\n                  <div class=\"flex-item\">\n            <h2>Advisory Services \u2013 modernia pankkialan neuvontaa<\/h2>\n          <\/div>\n                          <div class=\"flex-item\">\n            <p>Samlink Advisory Services muokkaa pankkitoiminnan tulevaisuutta vertaansa vailla olevalla asiantuntemuksella liiketoiminnan ja tietotekniikan kohtaamisessa. Tarjoamme r\u00e4\u00e4t\u00e4l\u00f6ityj\u00e4 neuvonta- ja konsultointipalveluja, jotka on luotu vastaamaan pankkisi ainutlaatuisia tarpeita. Tiimill\u00e4mme on vankka kokemus pankkitoiminnasta, s\u00e4\u00e4ntelyst\u00e4 ja huipputeknologiasta, ja se tarjoaa strategista ohjausta, joka edist\u00e4\u00e4 liiketoimintasi kasvua ja menestyst\u00e4.<\/p>\n\n          <\/div>\n              <\/div>\n    <\/div>\n  <\/div>\n<\/section>\n\n<section class=\"wp-block-image-and-text \">\n  <div class=\"white full-width \">\n    <div class=\"wrap\">\n      <div class=\"flex image-right\">\n                          <div class=\"flex-item has-image six\">\n            <div class=\"image cover\">\n                <img decoding=\"async\"\n                  src=\"https:\/\/samlink.fi\/app\/uploads\/2023\/11\/samlink-webres-23-edit-300x200.jpg\" srcset=\"https:\/\/samlink.fi\/app\/uploads\/2023\/11\/samlink-webres-23-edit-300x200.jpg 300w, https:\/\/samlink.fi\/app\/uploads\/2023\/11\/samlink-webres-23-edit-1024x683.jpg 1024w, https:\/\/samlink.fi\/app\/uploads\/2023\/11\/samlink-webres-23-edit-768x512.jpg 768w, https:\/\/samlink.fi\/app\/uploads\/2023\/11\/samlink-webres-23-edit-1536x1024.jpg 1536w, https:\/\/samlink.fi\/app\/uploads\/2023\/11\/samlink-webres-23-edit-2048x1366.jpg 2048w\" sizes=\"(max-width: 1280px) 100vw, 1280px\" \n                  alt=\"Samlink Website\"\n                  class=\"aspect-ratio-1\" \/>\n            <\/div>\n          <\/div> \n                        <div class=\"flex-item has-text six\">\n          <div>\n                                                                            <h2>Digitaalisen aikakauden kattavat palvelut<\/h2>\n<p><span data-contrast=\"none\">Advisory Services on suunniteltu hallitsemaan digitaalisen aikakauden monimutkaisuuksia. Keskitymme digitaalisiin muutosstrategioihin, edistyksellisten teknologioiden k\u00e4ytt\u00f6\u00f6nottoon ja digitaalisen asiakaskokemuksen parantamiseen. Kokonaisratkaisuihimme kuuluvat palvelut verkkosivujen ja mobiilialustojen virtaviivaistamisesta aina edistyneiden pilviteknologioiden integroimiseen.\u00a0<\/span><\/p>\n\n              \n                          <a \n        class=\"btn btn-arrow\"\n        href=\"https:\/\/samlink.fi\/fi\/yhteystiedot\/\"\n        target=\"\"\n        >\n                    Ota yhteytt\u00e4\n            <\/a>\n                                  <\/div> \n        <\/div>\n      <\/div>\n    <\/div>\n  <\/div>\n<\/section>\n\n\n<section class=\"align wp-block-downloads\">\n  <div class=\"wrap\">\n        <h2>Samlinkin julkaisut<\/h2>\n    \n    <div class=\"flex\">\n              <div class=\"flex-item four\">\n          <i class=\"fa-solid fa-file-pdf\"><\/i>\n          <div class=\"image \">\n                                          <img decoding=\"async\" src=\"https:\/\/samlink.fi\/app\/uploads\/2024\/06\/Samlink_Generative_AI_In_Banking_Verkkosivut_768x768px.jpg\" alt=\"\">\n                                    <\/div>\n                    <h3>Valjasta teko\u00e4ly \u2013 Generative AI in Banking<\/h3>\n                              <div> Haluamme auttaa pankkialaa generatiivisen teko\u00e4lyn avulla vastaamaan sen keskeisiin haasteisiin, kuten tuottavuuteen, s\u00e4\u00e4ntelyyn, kilpailukykyyn ja liiketoiminnan kest\u00e4vyyteen. Dokumenttimme tukee generatiivisen teko\u00e4lyn k\u00e4ytt\u00f6\u00f6nottoa liiketoiminnan yll\u00e4pit\u00e4miseksi ja kasvattamiseksi. Raportti on luettavissa englanninkielisen\u00e4. <\/div>\n                    <a class=\"btn red\" href=\"https:\/\/samlink.fi\/app\/uploads\/2024\/06\/Samlink_Generative_AI_In_Banking_Web.pdf\" download>Download<\/a>\n        <\/div>\n              <div class=\"flex-item four\">\n          <i class=\"fa-solid fa-file-pdf\"><\/i>\n          <div class=\"image \">\n                                          <img decoding=\"async\" src=\"https:\/\/samlink.fi\/app\/uploads\/2024\/02\/Samlink_Ecosystem_Enabled_Banking_Instagram_1080x1080px.jpg\" alt=\"Samlink Ecosystem Enabled Banking\">\n                                    <\/div>\n                    <h3>Kohti tulevaisuutta \u2013 Samlink Ecosystem Enabled Banking<\/h3>\n                              <div> Ecosystem Enabled Banking -julkaisumme esittelee viimeisimpi\u00e4 oivalluksiamme uuden sukupolven pankkipalveluille, kun niiden kehitt\u00e4misess\u00e4 hy\u00f6dynnet\u00e4\u00e4n ekosysteemiajattelua ja konsultointipalvelujen muutosvoimaa. Raportti on luettavissa englanninkielisen\u00e4.  <\/div>\n                    <a class=\"btn red\" href=\"https:\/\/samlink.fi\/app\/uploads\/2024\/02\/Samlink_Ecosystem_Enabled_Banking_2024_Web.pdf\" download>Download<\/a>\n        <\/div>\n              <div class=\"flex-item four\">\n          <i class=\"fa-solid fa-file-pdf\"><\/i>\n          <div class=\"image \">\n                                          <img decoding=\"async\" src=\"https:\/\/samlink.fi\/app\/uploads\/2023\/12\/Samlink_Equation_2024_Social_Media_1080x1080px.jpg\" alt=\"Samlink Equation 2024\">\n                                    <\/div>\n                    <h3>Muutosten keskell\u00e4 \u2013 The Samlink Equation 2024<\/h3>\n                              <div> Pankkiala kohtaa horisontin, joka on t\u00e4ynn\u00e4 haasteita ja mahdollisuuksia. Jatkuvan innovaation ja muutoksen aikakaudella olemme laatineet raportin tarjotaksemme n\u00e4kemyksemme pankkialan tilanteesta vuonna 2024. Raportti on luettavissa englanninkielisen\u00e4. <\/div>\n                    <a class=\"btn red\" href=\"https:\/\/samlink.fi\/app\/uploads\/2023\/12\/Samlink_Equation_2024.pdf\" download>Download<\/a>\n        <\/div>\n          <\/div>\n  <\/div>\n<\/section>\n\n\n<section class=\"wp-block-image-and-text \">\n  <div class=\"white wrap large \">\n    <div class=\"wrap\">\n      <div class=\"flex image-left\">\n                          <div class=\"flex-item has-image six\">\n            <div class=\"image cover\">\n                <img decoding=\"async\"\n                  src=\"https:\/\/samlink.fi\/app\/uploads\/2023\/11\/samlink-webres-6-edit-300x200.jpg\" srcset=\"https:\/\/samlink.fi\/app\/uploads\/2023\/11\/samlink-webres-6-edit-300x200.jpg 300w, https:\/\/samlink.fi\/app\/uploads\/2023\/11\/samlink-webres-6-edit-1024x683.jpg 1024w, https:\/\/samlink.fi\/app\/uploads\/2023\/11\/samlink-webres-6-edit-768x512.jpg 768w, https:\/\/samlink.fi\/app\/uploads\/2023\/11\/samlink-webres-6-edit-1536x1024.jpg 1536w, https:\/\/samlink.fi\/app\/uploads\/2023\/11\/samlink-webres-6-edit-2048x1366.jpg 2048w\" sizes=\"(max-width: 1280px) 100vw, 1280px\" \n                  alt=\"Samlink People\"\n                  class=\"aspect-ratio-1\" \/>\n            <\/div>\n          <\/div> \n                        <div class=\"flex-item has-text six\">\n          <div>\n                                      <span class=\"small-title underline\">Luodaan tuloksia yhdess\u00e4<\/span>\n                                      <p>L\u00e4hestymistapamme perustuu k\u00e4yt\u00e4nn\u00f6nl\u00e4heiseen yhteisty\u00f6h\u00f6n asiakkaidemme kanssa, jossa muutokset luodaan yhdess\u00e4. Toimintamalli on osoittautunut tehokkaaksi innovaatioiden edist\u00e4j\u00e4ksi, mahdollistaen r\u00e4\u00e4t\u00e4l\u00f6ityjen ratkaisujen kehitt\u00e4misen ketteriksi, skaalautuviksi ja strategisten tavoitteiden mukaisiksi. Yhdess\u00e4 ideoista syntyy nopeasti konkreettisia ratkaisuja.<\/p>\n<p><strong>Kumppani pankkinne muutosmatkalla<\/strong><\/p>\n<p>Emme ole vain neuvonantajia, vaan muutoskumppaneita. L\u00e4hestymistapamme varmistaa, ett\u00e4 ratkaisut ovat paitsi innovatiivisia, my\u00f6s k\u00e4yt\u00e4nn\u00f6llisi\u00e4 ja helposti toteutettavissa olevia. Muutokset integroituvat saumattomasti pankin tavoitteisiin ja IT-infrastruktuuriin.<\/p>\n\n              \n                          <a \n        class=\"btn btn-arrow\"\n        href=\"https:\/\/samlink.fi\/contact-us\/\"\n        target=\"\"\n        >\n                    Ota yhteytt\u00e4\n            <\/a>\n                                  <\/div> \n        <\/div>\n      <\/div>\n    <\/div>\n  <\/div>\n<\/section>\n\n\n<section class=\"wp-block-image-and-text \">\n  <div class=\"theme-cloud wrap large \">\n    <div class=\"wrap\">\n      <div class=\"flex image-right\">\n                          <div class=\"flex-item has-image six\">\n            <div class=\"image cover\">\n                <img decoding=\"async\"\n                  src=\"https:\/\/samlink.fi\/app\/uploads\/2023\/11\/Samlink_Marraskuun_Uutiskirje_Mock_Up_1080x1080px-300x300.jpg\" srcset=\"https:\/\/samlink.fi\/app\/uploads\/2023\/11\/Samlink_Marraskuun_Uutiskirje_Mock_Up_1080x1080px-300x300.jpg 300w, https:\/\/samlink.fi\/app\/uploads\/2023\/11\/Samlink_Marraskuun_Uutiskirje_Mock_Up_1080x1080px-1024x1024.jpg 1024w, https:\/\/samlink.fi\/app\/uploads\/2023\/11\/Samlink_Marraskuun_Uutiskirje_Mock_Up_1080x1080px-150x150.jpg 150w, https:\/\/samlink.fi\/app\/uploads\/2023\/11\/Samlink_Marraskuun_Uutiskirje_Mock_Up_1080x1080px-768x768.jpg 768w, https:\/\/samlink.fi\/app\/uploads\/2023\/11\/Samlink_Marraskuun_Uutiskirje_Mock_Up_1080x1080px.jpg 1080w\" sizes=\"(max-width: 1280px) 100vw, 1280px\" \n                  alt=\"Samlink Newsletter \"\n                  class=\"aspect-ratio-1\" \/>\n            <\/div>\n          <\/div> \n                        <div class=\"flex-item has-text six\">\n          <div>\n                                      <span class=\"small-title underline\">Edell\u00e4k\u00e4vij\u00f6it\u00e4 proaktiivisen ajattelun ansiosta<\/span>\n                                      <p><span data-contrast=\"none\">Toimialalla, joka on jatkuvassa muutoksessa ja kehittyy nopeasti, meid\u00e4n on pysytt\u00e4v\u00e4 proaktiivisina. Olemme ajan hermolla trendeist\u00e4, s\u00e4\u00e4d\u00f6smuutoksista ja globaaleista k\u00e4yt\u00e4nn\u00f6ist\u00e4 ja t\u00e4ten varmistamme, ett\u00e4 strategianne eiv\u00e4t ole pelk\u00e4st\u00e4\u00e4n oikeita, vaan my\u00f6s uudenaikaisia ja saavat aikaan tuloksia.<\/span><span data-ccp-props=\"{&quot;335557856&quot;:16777215}\">\u00a0<\/span><\/p>\n<p><span data-ccp-props=\"{&quot;335557856&quot;:16777215}\">\u00a0<\/span><\/p>\n<p>&nbsp;<\/p>\n\n              \n                          <a \n        class=\"btn btn-arrow\"\n        href=\"https:\/\/samlink.fi\/fi\/ajankohtaista\/\"\n        target=\"_blank\"\n        >\n                    Lue lis\u00e4\u00e4 alan uutisia\n            <\/a>\n                                  <\/div> \n        <\/div>\n      <\/div>\n    <\/div>\n  <\/div>\n<\/section>\n\n\n<section class=\"align wp-block-image-and-text-with-living-trellis\">\n  <div class=\"flex theme-spring-green\">\n    <div class=\"flex-item six has-image\">\n              <div class=\"image\">\n          \n          <img decoding=\"async\"\n                        src=\"https:\/\/samlink.fi\/app\/uploads\/2023\/11\/samlink-webres-9-edit-e1700124886110.jpg\" srcset=\"\" sizes=\"(max-width: 1200px) 100vw, 1200px\" \n                        alt=\"Samlink Office\"\n                        class=\"aspect-ratio-1\" \/>\n        <\/div>\n          <\/div>\n    <div class=\"flex-item six has-text flex\">\n      <div class=\"flex-item has-text\">\n        \n                  <h2>Sitoudumme erinomaisuuteen <\/h2>\n        \n        \n                  Meill\u00e4 Samlinkissa yhdistyv\u00e4t pankkitoimialan syv\u00e4osaaminen ja IT-innovaatiot. Ota yhteytt\u00e4 ja tutkitaan yhdess\u00e4, kuinka voimme uudistaa pankkinne toimintaa \u2013 samalla valmistautuen tulevaisuuteen, jossa asiakaskeskeisyys ja teknologia kulkevat k\u00e4si k\u00e4dess\u00e4.\n              <\/div>\n      <div class=\"flex-item has-link flex\">\n        \n                  <div class=\"flex-item six link-text\">\n            Modernisoi pankkisi Samlinkin avulla.\n          <\/div>\n        \n        \n                  <div class=\"flex-item six\">\n            <a \n        class=\"btn btn-arrow\"\n        href=\"https:\/\/samlink.fi\/fi\/yhteystiedot\/\"\n        target=\"\"\n        >\n                    Ota yhteytt\u00e4\n            <\/a>\n          <\/div>\n              <\/div>\n    <\/div>\n  <\/div>\n  <img decoding=\"async\" class=\"living-trellis\" src=\"https:\/\/samlink.fi\/app\/themes\/sage\/public\/images\/living-trellis\/Living_Trellis_50-short-white.cc75b9.svg\">\n<\/section>\n","protected":false},"excerpt":{"rendered":"","protected":false},"author":2,"featured_media":0,"parent":1086,"menu_order":0,"comment_status":"closed","ping_status":"closed","template":"template-full-width-hero.blade.php","meta":{"_acf_changed":false,"footnotes":""},"class_list":["post-3534","page","type-page","status-publish","hentry"],"acf":[],"yoast_head":"<!-- This site is optimized with the Yoast SEO plugin v27.3 - https:\/\/yoast.com\/product\/yoast-seo-wordpress\/ -->\n<title>Advisory Services - Samlink<\/title>\n<meta name=\"description\" content=\"Samlink Advisory Services keskittyy muutosstrategioihin, teknologioiden k\u00e4ytt\u00f6\u00f6nottoon ja asiakaskokemuksen parantamiseen.\" \/>\n<meta name=\"robots\" content=\"index, follow, max-snippet:-1, max-image-preview:large, max-video-preview:-1\" \/>\n<link rel=\"canonical\" href=\"https:\/\/samlink.fi\/fi\/ratkaisumme\/advisory-services\/\" \/>\n<meta property=\"og:locale\" content=\"fi_FI\" \/>\n<meta property=\"og:type\" content=\"article\" \/>\n<meta property=\"og:title\" content=\"Advisory Services - Samlink\" \/>\n<meta property=\"og:description\" content=\"Samlink Advisory Services keskittyy muutosstrategioihin, teknologioiden k\u00e4ytt\u00f6\u00f6nottoon ja asiakaskokemuksen parantamiseen.\" \/>\n<meta property=\"og:url\" content=\"https:\/\/samlink.fi\/fi\/ratkaisumme\/advisory-services\/\" \/>\n<meta property=\"og:site_name\" content=\"Samlink\" \/>\n<meta property=\"article:modified_time\" content=\"2026-03-13T12:45:36+00:00\" \/>\n<meta property=\"og:image\" content=\"https:\/\/samlink.fi\/app\/uploads\/2023\/05\/samlink-webres-9-e1684845139892.jpg\" \/>\n\t<meta property=\"og:image:width\" content=\"1826\" \/>\n\t<meta property=\"og:image:height\" content=\"1582\" \/>\n\t<meta property=\"og:image:type\" content=\"image\/jpeg\" \/>\n<meta name=\"twitter:card\" content=\"summary_large_image\" \/>\n<meta name=\"twitter:label1\" content=\"Est. reading time\" \/>\n\t<meta name=\"twitter:data1\" content=\"4 minutes\" \/>\n<script type=\"application\/ld+json\" class=\"yoast-schema-graph\">{\"@context\":\"https:\\\/\\\/schema.org\",\"@graph\":[{\"@type\":\"WebPage\",\"@id\":\"https:\\\/\\\/samlink.fi\\\/fi\\\/ratkaisumme\\\/advisory-services\\\/\",\"url\":\"https:\\\/\\\/samlink.fi\\\/fi\\\/ratkaisumme\\\/advisory-services\\\/\",\"name\":\"Advisory Services - Samlink\",\"isPartOf\":{\"@id\":\"https:\\\/\\\/samlink.fi\\\/fi\\\/#website\"},\"datePublished\":\"2023-11-30T10:12:23+00:00\",\"dateModified\":\"2026-03-13T12:45:36+00:00\",\"description\":\"Samlink Advisory Services keskittyy muutosstrategioihin, teknologioiden k\u00e4ytt\u00f6\u00f6nottoon ja asiakaskokemuksen parantamiseen.\",\"breadcrumb\":{\"@id\":\"https:\\\/\\\/samlink.fi\\\/fi\\\/ratkaisumme\\\/advisory-services\\\/#breadcrumb\"},\"inLanguage\":\"fi\",\"potentialAction\":[{\"@type\":\"ReadAction\",\"target\":[\"https:\\\/\\\/samlink.fi\\\/fi\\\/ratkaisumme\\\/advisory-services\\\/\"]}]},{\"@type\":\"BreadcrumbList\",\"@id\":\"https:\\\/\\\/samlink.fi\\\/fi\\\/ratkaisumme\\\/advisory-services\\\/#breadcrumb\",\"itemListElement\":[{\"@type\":\"ListItem\",\"position\":1,\"name\":\"Home\",\"item\":\"https:\\\/\\\/samlink.fi\\\/fi\\\/\"},{\"@type\":\"ListItem\",\"position\":2,\"name\":\"Ratkaisumme\",\"item\":\"https:\\\/\\\/samlink.fi\\\/fi\\\/ratkaisumme\\\/\"},{\"@type\":\"ListItem\",\"position\":3,\"name\":\"Advisory Services\"}]},{\"@type\":\"WebSite\",\"@id\":\"https:\\\/\\\/samlink.fi\\\/fi\\\/#website\",\"url\":\"https:\\\/\\\/samlink.fi\\\/fi\\\/\",\"name\":\"Samlink\",\"description\":\"Empowering financial success through innovative IT solutions\",\"potentialAction\":[{\"@type\":\"SearchAction\",\"target\":{\"@type\":\"EntryPoint\",\"urlTemplate\":\"https:\\\/\\\/samlink.fi\\\/fi\\\/?s={search_term_string}\"},\"query-input\":{\"@type\":\"PropertyValueSpecification\",\"valueRequired\":true,\"valueName\":\"search_term_string\"}}],\"inLanguage\":\"fi\"}]}<\/script>\n<!-- \/ Yoast SEO plugin. -->","yoast_head_json":{"title":"Advisory Services - Samlink","description":"Samlink Advisory Services keskittyy muutosstrategioihin, teknologioiden k\u00e4ytt\u00f6\u00f6nottoon ja asiakaskokemuksen parantamiseen.","robots":{"index":"index","follow":"follow","max-snippet":"max-snippet:-1","max-image-preview":"max-image-preview:large","max-video-preview":"max-video-preview:-1"},"canonical":"https:\/\/samlink.fi\/fi\/ratkaisumme\/advisory-services\/","og_locale":"fi_FI","og_type":"article","og_title":"Advisory Services - Samlink","og_description":"Samlink Advisory Services keskittyy muutosstrategioihin, teknologioiden k\u00e4ytt\u00f6\u00f6nottoon ja asiakaskokemuksen parantamiseen.","og_url":"https:\/\/samlink.fi\/fi\/ratkaisumme\/advisory-services\/","og_site_name":"Samlink","article_modified_time":"2026-03-13T12:45:36+00:00","og_image":[{"width":1826,"height":1582,"url":"https:\/\/samlink.fi\/app\/uploads\/2023\/05\/samlink-webres-9-e1684845139892.jpg","type":"image\/jpeg"}],"twitter_card":"summary_large_image","twitter_misc":{"Est. reading time":"4 minutes"},"schema":{"@context":"https:\/\/schema.org","@graph":[{"@type":"WebPage","@id":"https:\/\/samlink.fi\/fi\/ratkaisumme\/advisory-services\/","url":"https:\/\/samlink.fi\/fi\/ratkaisumme\/advisory-services\/","name":"Advisory Services - Samlink","isPartOf":{"@id":"https:\/\/samlink.fi\/fi\/#website"},"datePublished":"2023-11-30T10:12:23+00:00","dateModified":"2026-03-13T12:45:36+00:00","description":"Samlink Advisory Services keskittyy muutosstrategioihin, teknologioiden k\u00e4ytt\u00f6\u00f6nottoon ja asiakaskokemuksen parantamiseen.","breadcrumb":{"@id":"https:\/\/samlink.fi\/fi\/ratkaisumme\/advisory-services\/#breadcrumb"},"inLanguage":"fi","potentialAction":[{"@type":"ReadAction","target":["https:\/\/samlink.fi\/fi\/ratkaisumme\/advisory-services\/"]}]},{"@type":"BreadcrumbList","@id":"https:\/\/samlink.fi\/fi\/ratkaisumme\/advisory-services\/#breadcrumb","itemListElement":[{"@type":"ListItem","position":1,"name":"Home","item":"https:\/\/samlink.fi\/fi\/"},{"@type":"ListItem","position":2,"name":"Ratkaisumme","item":"https:\/\/samlink.fi\/fi\/ratkaisumme\/"},{"@type":"ListItem","position":3,"name":"Advisory Services"}]},{"@type":"WebSite","@id":"https:\/\/samlink.fi\/fi\/#website","url":"https:\/\/samlink.fi\/fi\/","name":"Samlink","description":"Empowering financial success through innovative IT solutions","potentialAction":[{"@type":"SearchAction","target":{"@type":"EntryPoint","urlTemplate":"https:\/\/samlink.fi\/fi\/?s={search_term_string}"},"query-input":{"@type":"PropertyValueSpecification","valueRequired":true,"valueName":"search_term_string"}}],"inLanguage":"fi"}]}},"_links":{"self":[{"href":"https:\/\/samlink.fi\/fi\/wp-json\/wp\/v2\/pages\/3534","targetHints":{"allow":["GET"]}}],"collection":[{"href":"https:\/\/samlink.fi\/fi\/wp-json\/wp\/v2\/pages"}],"about":[{"href":"https:\/\/samlink.fi\/fi\/wp-json\/wp\/v2\/types\/page"}],"author":[{"embeddable":true,"href":"https:\/\/samlink.fi\/fi\/wp-json\/wp\/v2\/users\/2"}],"replies":[{"embeddable":true,"href":"https:\/\/samlink.fi\/fi\/wp-json\/wp\/v2\/comments?post=3534"}],"version-history":[{"count":57,"href":"https:\/\/samlink.fi\/fi\/wp-json\/wp\/v2\/pages\/3534\/revisions"}],"predecessor-version":[{"id":9106,"href":"https:\/\/samlink.fi\/fi\/wp-json\/wp\/v2\/pages\/3534\/revisions\/9106"}],"up":[{"embeddable":true,"href":"https:\/\/samlink.fi\/fi\/wp-json\/wp\/v2\/pages\/1086"}],"wp:attachment":[{"href":"https:\/\/samlink.fi\/fi\/wp-json\/wp\/v2\/media?parent=3534"}],"curies":[{"name":"wp","href":"https:\/\/api.w.org\/{rel}","templated":true}]}}