{"id":1519,"date":"2023-05-11T06:05:21","date_gmt":"2023-05-11T03:05:21","guid":{"rendered":"https:\/\/samlink.fi\/ihmiset\/avoimet-tyopaikat\/"},"modified":"2025-01-13T09:55:06","modified_gmt":"2025-01-13T06:55:06","slug":"avoimet-tyopaikat","status":"publish","type":"page","link":"https:\/\/samlink.fi\/fi\/urat\/avoimet-tyopaikat\/","title":{"rendered":"Avoimet ty\u00f6paikat"},"content":{"rendered":"<section class=\"wp-block-heading-and-text\">\n<div class=\"wrap large theme-cloud\">\n    <div class=\"wrap\">\n      <div class=\"flex\">\n                  <div class=\"flex-item\">\n            <h2>Liity joukkoomme<\/h2>\n          <\/div>\n                          <div class=\"flex-item\">\n            <p><span data-contrast=\"none\">Meill\u00e4 ty\u00f6skentelee noin 500 erilaisten alojen osaajaa. Olemme jakautuneet p\u00e4\u00e4asiassa Espoon ja Jyv\u00e4skyl\u00e4n toimistoille, mutta nyky\u00e4\u00e4n kollegoitamme l\u00f6ytyy jopa Unkarista ja Puolasta.<\/span><span data-ccp-props=\"{}\">\u00a0<\/span><\/p>\n<p><span data-contrast=\"none\">Samlinkilaiset toimivat lukuisissa eri teht\u00e4viss\u00e4 esimerkiksi projektinjohdon, sovelluskehityksen, testauksen, tuotekehityksen ja asiakkuuksien parissa.<\/span><span data-ccp-props=\"{}\">\u00a0<\/span><\/p>\n<p><span data-contrast=\"none\">Meilt\u00e4 l\u00f6ytyy niin IT- ja finanssialan kokeneita konkareita kuin uraansa aloittelevia uuden ajan tekij\u00f6it\u00e4.\u00a0<\/span><\/p>\n<p><a href=\"https:\/\/kyndryl.wd5.myworkdayjobs.com\/KyndrylProfessionalCareers?q=Samlink\" target=\"_blank\" rel=\"noopener\"><span class=\"btn\">Avoimet ty\u00f6paikat<\/span><\/a><\/p>\n\n          <\/div>\n              <\/div>\n    <\/div>\n  <\/div>\n<\/section>","protected":false},"excerpt":{"rendered":"","protected":false},"author":11,"featured_media":0,"parent":8136,"menu_order":0,"comment_status":"closed","ping_status":"closed","template":"","meta":{"_acf_changed":false,"footnotes":""},"class_list":["post-1519","page","type-page","status-publish","hentry"],"acf":[],"yoast_head":"<!-- This site is optimized with the Yoast SEO plugin v27.3 - https:\/\/yoast.com\/product\/yoast-seo-wordpress\/ -->\n<title>Avoimet ty\u00f6paikat - Samlink<\/title>\n<meta name=\"description\" content=\"Meilt\u00e4 l\u00f6ytyy niin IT- ja finanssialan kokeneita konkareita kuin uraansa aloittelevia uuden ajan tekij\u00f6it\u00e4.\" \/>\n<meta name=\"robots\" content=\"index, follow, max-snippet:-1, max-image-preview:large, max-video-preview:-1\" \/>\n<link rel=\"canonical\" href=\"https:\/\/samlink.fi\/fi\/urat\/avoimet-tyopaikat\/\" \/>\n<meta property=\"og:locale\" content=\"fi_FI\" \/>\n<meta property=\"og:type\" content=\"article\" \/>\n<meta property=\"og:title\" content=\"Avoimet ty\u00f6paikat - Samlink\" \/>\n<meta property=\"og:description\" content=\"Meilt\u00e4 l\u00f6ytyy niin IT- ja finanssialan kokeneita konkareita kuin uraansa aloittelevia uuden ajan tekij\u00f6it\u00e4.\" \/>\n<meta property=\"og:url\" content=\"https:\/\/samlink.fi\/fi\/urat\/avoimet-tyopaikat\/\" \/>\n<meta property=\"og:site_name\" content=\"Samlink\" \/>\n<meta property=\"article:modified_time\" content=\"2025-01-13T06:55:06+00:00\" \/>\n<meta property=\"og:image\" content=\"https:\/\/samlink.fi\/app\/uploads\/2023\/05\/samlink-webres-9-e1684845139892.jpg\" \/>\n\t<meta property=\"og:image:width\" content=\"1826\" \/>\n\t<meta property=\"og:image:height\" content=\"1582\" \/>\n\t<meta property=\"og:image:type\" content=\"image\/jpeg\" \/>\n<meta name=\"twitter:card\" content=\"summary_large_image\" \/>\n<meta name=\"twitter:label1\" content=\"Est. reading time\" \/>\n\t<meta name=\"twitter:data1\" content=\"1 minute\" \/>\n<script type=\"application\/ld+json\" class=\"yoast-schema-graph\">{\"@context\":\"https:\\\/\\\/schema.org\",\"@graph\":[{\"@type\":\"WebPage\",\"@id\":\"https:\\\/\\\/samlink.fi\\\/fi\\\/urat\\\/avoimet-tyopaikat\\\/\",\"url\":\"https:\\\/\\\/samlink.fi\\\/fi\\\/urat\\\/avoimet-tyopaikat\\\/\",\"name\":\"Avoimet ty\u00f6paikat - Samlink\",\"isPartOf\":{\"@id\":\"https:\\\/\\\/samlink.fi\\\/fi\\\/#website\"},\"datePublished\":\"2023-05-11T03:05:21+00:00\",\"dateModified\":\"2025-01-13T06:55:06+00:00\",\"description\":\"Meilt\u00e4 l\u00f6ytyy niin IT- ja finanssialan kokeneita konkareita kuin uraansa aloittelevia uuden ajan tekij\u00f6it\u00e4.\",\"breadcrumb\":{\"@id\":\"https:\\\/\\\/samlink.fi\\\/fi\\\/urat\\\/avoimet-tyopaikat\\\/#breadcrumb\"},\"inLanguage\":\"fi\",\"potentialAction\":[{\"@type\":\"ReadAction\",\"target\":[\"https:\\\/\\\/samlink.fi\\\/fi\\\/urat\\\/avoimet-tyopaikat\\\/\"]}]},{\"@type\":\"BreadcrumbList\",\"@id\":\"https:\\\/\\\/samlink.fi\\\/fi\\\/urat\\\/avoimet-tyopaikat\\\/#breadcrumb\",\"itemListElement\":[{\"@type\":\"ListItem\",\"position\":1,\"name\":\"Home\",\"item\":\"https:\\\/\\\/samlink.fi\\\/fi\\\/\"},{\"@type\":\"ListItem\",\"position\":2,\"name\":\"Ihmiset\",\"item\":\"https:\\\/\\\/samlink.fi\\\/fi\\\/urat\\\/ihmiset\\\/\"},{\"@type\":\"ListItem\",\"position\":3,\"name\":\"Avoimet ty\u00f6paikat\"}]},{\"@type\":\"WebSite\",\"@id\":\"https:\\\/\\\/samlink.fi\\\/fi\\\/#website\",\"url\":\"https:\\\/\\\/samlink.fi\\\/fi\\\/\",\"name\":\"Samlink\",\"description\":\"Empowering financial success through innovative IT solutions\",\"potentialAction\":[{\"@type\":\"SearchAction\",\"target\":{\"@type\":\"EntryPoint\",\"urlTemplate\":\"https:\\\/\\\/samlink.fi\\\/fi\\\/?s={search_term_string}\"},\"query-input\":{\"@type\":\"PropertyValueSpecification\",\"valueRequired\":true,\"valueName\":\"search_term_string\"}}],\"inLanguage\":\"fi\"}]}<\/script>\n<!-- \/ Yoast SEO plugin. -->","yoast_head_json":{"title":"Avoimet ty\u00f6paikat - Samlink","description":"Meilt\u00e4 l\u00f6ytyy niin IT- ja finanssialan kokeneita konkareita kuin uraansa aloittelevia uuden ajan tekij\u00f6it\u00e4.","robots":{"index":"index","follow":"follow","max-snippet":"max-snippet:-1","max-image-preview":"max-image-preview:large","max-video-preview":"max-video-preview:-1"},"canonical":"https:\/\/samlink.fi\/fi\/urat\/avoimet-tyopaikat\/","og_locale":"fi_FI","og_type":"article","og_title":"Avoimet ty\u00f6paikat - Samlink","og_description":"Meilt\u00e4 l\u00f6ytyy niin IT- ja finanssialan kokeneita konkareita kuin uraansa aloittelevia uuden ajan tekij\u00f6it\u00e4.","og_url":"https:\/\/samlink.fi\/fi\/urat\/avoimet-tyopaikat\/","og_site_name":"Samlink","article_modified_time":"2025-01-13T06:55:06+00:00","og_image":[{"width":1826,"height":1582,"url":"https:\/\/samlink.fi\/app\/uploads\/2023\/05\/samlink-webres-9-e1684845139892.jpg","type":"image\/jpeg"}],"twitter_card":"summary_large_image","twitter_misc":{"Est. reading time":"1 minute"},"schema":{"@context":"https:\/\/schema.org","@graph":[{"@type":"WebPage","@id":"https:\/\/samlink.fi\/fi\/urat\/avoimet-tyopaikat\/","url":"https:\/\/samlink.fi\/fi\/urat\/avoimet-tyopaikat\/","name":"Avoimet ty\u00f6paikat - Samlink","isPartOf":{"@id":"https:\/\/samlink.fi\/fi\/#website"},"datePublished":"2023-05-11T03:05:21+00:00","dateModified":"2025-01-13T06:55:06+00:00","description":"Meilt\u00e4 l\u00f6ytyy niin IT- ja finanssialan kokeneita konkareita kuin uraansa aloittelevia uuden ajan tekij\u00f6it\u00e4.","breadcrumb":{"@id":"https:\/\/samlink.fi\/fi\/urat\/avoimet-tyopaikat\/#breadcrumb"},"inLanguage":"fi","potentialAction":[{"@type":"ReadAction","target":["https:\/\/samlink.fi\/fi\/urat\/avoimet-tyopaikat\/"]}]},{"@type":"BreadcrumbList","@id":"https:\/\/samlink.fi\/fi\/urat\/avoimet-tyopaikat\/#breadcrumb","itemListElement":[{"@type":"ListItem","position":1,"name":"Home","item":"https:\/\/samlink.fi\/fi\/"},{"@type":"ListItem","position":2,"name":"Ihmiset","item":"https:\/\/samlink.fi\/fi\/urat\/ihmiset\/"},{"@type":"ListItem","position":3,"name":"Avoimet ty\u00f6paikat"}]},{"@type":"WebSite","@id":"https:\/\/samlink.fi\/fi\/#website","url":"https:\/\/samlink.fi\/fi\/","name":"Samlink","description":"Empowering financial success through innovative IT solutions","potentialAction":[{"@type":"SearchAction","target":{"@type":"EntryPoint","urlTemplate":"https:\/\/samlink.fi\/fi\/?s={search_term_string}"},"query-input":{"@type":"PropertyValueSpecification","valueRequired":true,"valueName":"search_term_string"}}],"inLanguage":"fi"}]}},"_links":{"self":[{"href":"https:\/\/samlink.fi\/fi\/wp-json\/wp\/v2\/pages\/1519","targetHints":{"allow":["GET"]}}],"collection":[{"href":"https:\/\/samlink.fi\/fi\/wp-json\/wp\/v2\/pages"}],"about":[{"href":"https:\/\/samlink.fi\/fi\/wp-json\/wp\/v2\/types\/page"}],"author":[{"embeddable":true,"href":"https:\/\/samlink.fi\/fi\/wp-json\/wp\/v2\/users\/11"}],"replies":[{"embeddable":true,"href":"https:\/\/samlink.fi\/fi\/wp-json\/wp\/v2\/comments?post=1519"}],"version-history":[{"count":14,"href":"https:\/\/samlink.fi\/fi\/wp-json\/wp\/v2\/pages\/1519\/revisions"}],"predecessor-version":[{"id":5931,"href":"https:\/\/samlink.fi\/fi\/wp-json\/wp\/v2\/pages\/1519\/revisions\/5931"}],"up":[{"embeddable":true,"href":"https:\/\/samlink.fi\/fi\/wp-json\/wp\/v2\/pages\/8136"}],"wp:attachment":[{"href":"https:\/\/samlink.fi\/fi\/wp-json\/wp\/v2\/media?parent=1519"}],"curies":[{"name":"wp","href":"https:\/\/api.w.org\/{rel}","templated":true}]}}