{"id":1508,"date":"2023-04-28T07:57:11","date_gmt":"2023-04-28T04:57:11","guid":{"rendered":"https:\/\/samlink.fi\/ajankohtaista\/"},"modified":"2024-09-30T18:27:31","modified_gmt":"2024-09-30T15:27:31","slug":"ajankohtaista","status":"publish","type":"page","link":"https:\/\/samlink.fi\/fi\/ajankohtaista\/","title":{"rendered":"Ajankohtaista"},"content":{"rendered":"<section class=\"wp-block-follow-us-banner\">\n  <div class=\"wrap large theme-spring-green\">\n    <div class=\"wrap small\">\n              <h2>Haluatko tiet\u00e4\u00e4 lis\u00e4\u00e4?<\/h2>\n      \n              <p>Seuraa meit\u00e4 sosiaalisessa mediassa ja l\u00f6yd\u00e4t ajankohtaisimmat uutiset.<\/p>\n      \n      <div class=\"social-icons\">\n                                        <a \n                        href=\"https:\/\/www.linkedin.com\/company\/oy-samlink-ab\/?originalSubdomain=fi\" \n                        target=\"_blank\">\n                        <i class=\"fa fa-linkedin\" aria-hidden=\"true\"><\/i>\n                    <\/a>\n                                <a \n                        href=\"https:\/\/www.instagram.com\/samlinkoy\/\" \n                        target=\"_blank\">\n                        <i class=\"fa fa-instagram\" aria-hidden=\"true\"><\/i>\n                    <\/a>\n                        <\/div>\n    <\/div>\n  <\/div>\n<\/section>","protected":false},"excerpt":{"rendered":"","protected":false},"author":11,"featured_media":0,"parent":0,"menu_order":0,"comment_status":"closed","ping_status":"closed","template":"template-news.blade.php","meta":{"_acf_changed":false,"footnotes":""},"class_list":["post-1508","page","type-page","status-publish","hentry"],"acf":[],"yoast_head":"<!-- This site is optimized with the Yoast SEO plugin v27.3 - https:\/\/yoast.com\/product\/yoast-seo-wordpress\/ -->\n<title>Ajankohtaista - Samlink<\/title>\n<meta name=\"description\" content=\"Innovatiivisilla finanssialan IT-ratkaisuilla kohti menestyst\u00e4. Lue ajankohtaiset uutiset ja asiakastarinat.\" \/>\n<meta name=\"robots\" content=\"index, follow, max-snippet:-1, max-image-preview:large, max-video-preview:-1\" \/>\n<link rel=\"canonical\" href=\"https:\/\/samlink.fi\/fi\/ajankohtaista\/\" \/>\n<meta property=\"og:locale\" content=\"fi_FI\" \/>\n<meta property=\"og:type\" content=\"article\" \/>\n<meta property=\"og:title\" content=\"Ajankohtaista - Samlink\" \/>\n<meta property=\"og:description\" content=\"Innovatiivisilla finanssialan IT-ratkaisuilla kohti menestyst\u00e4. Lue ajankohtaiset uutiset ja asiakastarinat.\" \/>\n<meta property=\"og:url\" content=\"https:\/\/samlink.fi\/fi\/ajankohtaista\/\" \/>\n<meta property=\"og:site_name\" content=\"Samlink\" \/>\n<meta property=\"article:modified_time\" content=\"2024-09-30T15:27:31+00:00\" \/>\n<meta property=\"og:image\" content=\"https:\/\/samlink.fi\/app\/uploads\/2023\/05\/samlink-webres-9-e1684845139892.jpg\" \/>\n\t<meta property=\"og:image:width\" content=\"1826\" \/>\n\t<meta property=\"og:image:height\" content=\"1582\" \/>\n\t<meta property=\"og:image:type\" content=\"image\/jpeg\" \/>\n<meta name=\"twitter:card\" content=\"summary_large_image\" \/>\n<meta name=\"twitter:label1\" content=\"Est. reading time\" \/>\n\t<meta name=\"twitter:data1\" content=\"1 minute\" \/>\n<script type=\"application\/ld+json\" class=\"yoast-schema-graph\">{\"@context\":\"https:\\\/\\\/schema.org\",\"@graph\":[{\"@type\":\"WebPage\",\"@id\":\"https:\\\/\\\/samlink.fi\\\/fi\\\/ajankohtaista\\\/\",\"url\":\"https:\\\/\\\/samlink.fi\\\/fi\\\/ajankohtaista\\\/\",\"name\":\"Ajankohtaista - Samlink\",\"isPartOf\":{\"@id\":\"https:\\\/\\\/samlink.fi\\\/fi\\\/#website\"},\"datePublished\":\"2023-04-28T04:57:11+00:00\",\"dateModified\":\"2024-09-30T15:27:31+00:00\",\"description\":\"Innovatiivisilla finanssialan IT-ratkaisuilla kohti menestyst\u00e4. Lue ajankohtaiset uutiset ja asiakastarinat.\",\"breadcrumb\":{\"@id\":\"https:\\\/\\\/samlink.fi\\\/fi\\\/ajankohtaista\\\/#breadcrumb\"},\"inLanguage\":\"fi\",\"potentialAction\":[{\"@type\":\"ReadAction\",\"target\":[\"https:\\\/\\\/samlink.fi\\\/fi\\\/ajankohtaista\\\/\"]}]},{\"@type\":\"BreadcrumbList\",\"@id\":\"https:\\\/\\\/samlink.fi\\\/fi\\\/ajankohtaista\\\/#breadcrumb\",\"itemListElement\":[{\"@type\":\"ListItem\",\"position\":1,\"name\":\"Home\",\"item\":\"https:\\\/\\\/samlink.fi\\\/fi\\\/\"},{\"@type\":\"ListItem\",\"position\":2,\"name\":\"Ajankohtaista\"}]},{\"@type\":\"WebSite\",\"@id\":\"https:\\\/\\\/samlink.fi\\\/fi\\\/#website\",\"url\":\"https:\\\/\\\/samlink.fi\\\/fi\\\/\",\"name\":\"Samlink\",\"description\":\"Empowering financial success through innovative IT solutions\",\"potentialAction\":[{\"@type\":\"SearchAction\",\"target\":{\"@type\":\"EntryPoint\",\"urlTemplate\":\"https:\\\/\\\/samlink.fi\\\/fi\\\/?s={search_term_string}\"},\"query-input\":{\"@type\":\"PropertyValueSpecification\",\"valueRequired\":true,\"valueName\":\"search_term_string\"}}],\"inLanguage\":\"fi\"}]}<\/script>\n<!-- \/ Yoast SEO plugin. -->","yoast_head_json":{"title":"Ajankohtaista - Samlink","description":"Innovatiivisilla finanssialan IT-ratkaisuilla kohti menestyst\u00e4. Lue ajankohtaiset uutiset ja asiakastarinat.","robots":{"index":"index","follow":"follow","max-snippet":"max-snippet:-1","max-image-preview":"max-image-preview:large","max-video-preview":"max-video-preview:-1"},"canonical":"https:\/\/samlink.fi\/fi\/ajankohtaista\/","og_locale":"fi_FI","og_type":"article","og_title":"Ajankohtaista - Samlink","og_description":"Innovatiivisilla finanssialan IT-ratkaisuilla kohti menestyst\u00e4. Lue ajankohtaiset uutiset ja asiakastarinat.","og_url":"https:\/\/samlink.fi\/fi\/ajankohtaista\/","og_site_name":"Samlink","article_modified_time":"2024-09-30T15:27:31+00:00","og_image":[{"width":1826,"height":1582,"url":"https:\/\/samlink.fi\/app\/uploads\/2023\/05\/samlink-webres-9-e1684845139892.jpg","type":"image\/jpeg"}],"twitter_card":"summary_large_image","twitter_misc":{"Est. reading time":"1 minute"},"schema":{"@context":"https:\/\/schema.org","@graph":[{"@type":"WebPage","@id":"https:\/\/samlink.fi\/fi\/ajankohtaista\/","url":"https:\/\/samlink.fi\/fi\/ajankohtaista\/","name":"Ajankohtaista - Samlink","isPartOf":{"@id":"https:\/\/samlink.fi\/fi\/#website"},"datePublished":"2023-04-28T04:57:11+00:00","dateModified":"2024-09-30T15:27:31+00:00","description":"Innovatiivisilla finanssialan IT-ratkaisuilla kohti menestyst\u00e4. Lue ajankohtaiset uutiset ja asiakastarinat.","breadcrumb":{"@id":"https:\/\/samlink.fi\/fi\/ajankohtaista\/#breadcrumb"},"inLanguage":"fi","potentialAction":[{"@type":"ReadAction","target":["https:\/\/samlink.fi\/fi\/ajankohtaista\/"]}]},{"@type":"BreadcrumbList","@id":"https:\/\/samlink.fi\/fi\/ajankohtaista\/#breadcrumb","itemListElement":[{"@type":"ListItem","position":1,"name":"Home","item":"https:\/\/samlink.fi\/fi\/"},{"@type":"ListItem","position":2,"name":"Ajankohtaista"}]},{"@type":"WebSite","@id":"https:\/\/samlink.fi\/fi\/#website","url":"https:\/\/samlink.fi\/fi\/","name":"Samlink","description":"Empowering financial success through innovative IT solutions","potentialAction":[{"@type":"SearchAction","target":{"@type":"EntryPoint","urlTemplate":"https:\/\/samlink.fi\/fi\/?s={search_term_string}"},"query-input":{"@type":"PropertyValueSpecification","valueRequired":true,"valueName":"search_term_string"}}],"inLanguage":"fi"}]}},"_links":{"self":[{"href":"https:\/\/samlink.fi\/fi\/wp-json\/wp\/v2\/pages\/1508","targetHints":{"allow":["GET"]}}],"collection":[{"href":"https:\/\/samlink.fi\/fi\/wp-json\/wp\/v2\/pages"}],"about":[{"href":"https:\/\/samlink.fi\/fi\/wp-json\/wp\/v2\/types\/page"}],"author":[{"embeddable":true,"href":"https:\/\/samlink.fi\/fi\/wp-json\/wp\/v2\/users\/11"}],"replies":[{"embeddable":true,"href":"https:\/\/samlink.fi\/fi\/wp-json\/wp\/v2\/comments?post=1508"}],"version-history":[{"count":1,"href":"https:\/\/samlink.fi\/fi\/wp-json\/wp\/v2\/pages\/1508\/revisions"}],"predecessor-version":[{"id":1746,"href":"https:\/\/samlink.fi\/fi\/wp-json\/wp\/v2\/pages\/1508\/revisions\/1746"}],"wp:attachment":[{"href":"https:\/\/samlink.fi\/fi\/wp-json\/wp\/v2\/media?parent=1508"}],"curies":[{"name":"wp","href":"https:\/\/api.w.org\/{rel}","templated":true}]}}