{"id":1501,"date":"2023-05-04T12:04:31","date_gmt":"2023-05-04T09:04:31","guid":{"rendered":"https:\/\/samlink.fi\/ratkaisumme\/siam-pro\/"},"modified":"2026-03-12T12:30:18","modified_gmt":"2026-03-12T09:30:18","slug":"siam-pro","status":"publish","type":"page","link":"https:\/\/samlink.fi\/fi\/ratkaisumme\/siam-pro\/","title":{"rendered":"SIAM Pro"},"content":{"rendered":"<section class=\"wp-block-image-and-text \">\n  <div class=\"white full-width image-large\">\n    <div class=\"wrap\">\n      <div class=\"flex image-right\">\n                          <div class=\"flex-item has-image eight\">\n            <div class=\"image cover\">\n                <img decoding=\"async\"\n                  src=\"https:\/\/samlink.fi\/app\/uploads\/2026\/03\/Samlink_SIAM_1024x576px-300x169.jpg\" srcset=\"https:\/\/samlink.fi\/app\/uploads\/2026\/03\/Samlink_SIAM_1024x576px-300x169.jpg 300w, https:\/\/samlink.fi\/app\/uploads\/2026\/03\/Samlink_SIAM_1024x576px-768x432.jpg 768w, https:\/\/samlink.fi\/app\/uploads\/2026\/03\/Samlink_SIAM_1024x576px.jpg 1024w\" sizes=\"(max-width: 1280px) 100vw, 1280px\" \n                  alt=\"\"\n                  class=\"aspect-ratio-1\" \/>\n            <\/div>\n          <\/div> \n                        <div class=\"flex-item has-text four\">\n          <div>\n                                                                            <h2>Saumatonta palveluintegraatiota SIAM Pron avulla<\/h2>\n<p>SIAM (Service Integration and Management) Pro maksimoi palveluntarjoajiesi yhteisty\u00f6n ja optimaaliset liiketoimintatulokset. Sen avulla voit keskitty\u00e4 ydinliiketoimintaasi sek\u00e4 tarjoamaan huippuluokan palveluita ja asiakaskokemuksia. SIAM Pron avulla yrityksesi voi maksimoida onnistuneen lopputuloksen todenn\u00e4k\u00f6isyyden, ja samalla laajentaa ja innovoida uusia palveluita ja prosesseja.<\/p>\n<p>Hoidamme monimutkaisuudet, jotta voit keskitty\u00e4 siihen, mik\u00e4 on t\u00e4rkeint\u00e4 \u2013 erinomaisen asiakaskokemuksen tuottaminen.<\/p>\n\n              \n                                  <\/div> \n        <\/div>\n      <\/div>\n    <\/div>\n  <\/div>\n<\/section>\n\n\n<section class=\"wp-block-image-and-text \">\n  <div class=\"theme-warm-red wrap large \">\n    <div class=\"wrap\">\n      <div class=\"flex image-right\">\n                          <div class=\"flex-item has-image six\">\n            <div class=\"image cover\">\n                <img decoding=\"async\"\n                  src=\"https:\/\/samlink.fi\/app\/uploads\/2023\/05\/samlink-highres-32-edit-300x200.webp\" srcset=\"https:\/\/samlink.fi\/app\/uploads\/2023\/05\/samlink-highres-32-edit-300x200.webp 300w, https:\/\/samlink.fi\/app\/uploads\/2023\/05\/samlink-highres-32-edit-1024x683.webp 1024w, https:\/\/samlink.fi\/app\/uploads\/2023\/05\/samlink-highres-32-edit-768x512.webp 768w, https:\/\/samlink.fi\/app\/uploads\/2023\/05\/samlink-highres-32-edit-1536x1024.webp 1536w, https:\/\/samlink.fi\/app\/uploads\/2023\/05\/samlink-highres-32-edit.webp 1750w\" sizes=\"(max-width: 1280px) 100vw, 1280px\" \n                  alt=\"Samlink People\"\n                  class=\"aspect-ratio-1\" \/>\n            <\/div>\n          <\/div> \n                        <div class=\"flex-item has-text six\">\n          <div>\n                                                                            <h2>Palveluintegraatiotoimisto tuo arvoa seuraavilla tavoilla<\/h2>\n<p>Palveluintegraatiotoimistomme puolustaa etujasi, toimii puolestapuhujana ja sujuvoittaa vuorovaikutusta palveluntarjoajien kanssa, tuotteiden ja prosessien monimutkaisessa kokonaisuudessa.<\/p>\n<p>Varmistamme, ett\u00e4 kaikki ekosysteemin osat integroituvat saumattomasti yhten\u00e4isiksi, kokonaisvaltaisiksi palveluiksi, ja korostamme selkeit\u00e4 rooleja, yhteisty\u00f6t\u00e4 ja tehokasta viestint\u00e4\u00e4. Kohdistamalla palvelusuoritukset liiketoimintatavoitteisiisi vastaamme paitsi erityistarpeisiisi my\u00f6s parannamme toiminnan tehokkuutta ja joustavuutta.<\/p>\n<p>Asiantuntijatiimimme seuraa ennakoivasti palvelun laatua, ratkaisee mahdolliset ongelmat ja varmistaa alati kehittyvien standardien noudattamisen. Koska meill\u00e4 on oma yhteyshenkil\u00f6 kaikille SIAMiin liittyville asioille, yksinkertaistamme hallintaa ja luomme jatkuvaa lis\u00e4arvoa, jolloin voit olla huoletta ja keskitty\u00e4 selke\u00e4sti liiketoiminnan kasvuun ja jatkuvuuteen.<\/p>\n\n              \n                                  <\/div> \n        <\/div>\n      <\/div>\n    <\/div>\n  <\/div>\n<\/section>\n\n\n<section class=\"align wp-block-paragraph\">\n  <div class=\"wrap large white \">\n    <div class=\"wrap small\">\n              <blockquote><p><span class=\"TextRun SCXW207205976 BCX0\" lang=\"EN-US\" xml:lang=\"EN-US\" data-contrast=\"none\"><span class=\"NormalTextRun SCXW207205976 BCX0\" data-ccp-charstyle=\"normaltextrun\" data-ccp-charstyle-defn=\"{&quot;ObjectId&quot;:&quot;37c78848-bd07-4c0c-8f64-d3447795556b|7&quot;,&quot;ClassId&quot;:1073872969,&quot;Properties&quot;:[469775450,&quot;normaltextrun&quot;,201340122,&quot;1&quot;,134233614,&quot;true&quot;,469778129,&quot;normaltextrun&quot;,335572020,&quot;1&quot;,469778324,&quot;Default Paragraph Font&quot;]}\">\u201c<\/span><\/span><span class=\"TextRun SCXW207205976 BCX0\" lang=\"FI-FI\" xml:lang=\"FI-FI\" data-contrast=\"none\"><span class=\"NormalTextRun SCXW207205976 BCX0\">SIAM Pro kokoaa yhteen asiakkaan IT-ekosysteemin eri osat ja harmonisoi ne optimaalisen suorituskyvyn saavuttamiseksi. Kokenut SIO-tiimimme on varustettu tarvittavilla ty\u00f6kaluilla asiakkaan ekosysteemin kaikkien komponenttien saumattomaan integroimiseen. Varmistamme, ett\u00e4 suorituskyky vastaa liiketoiminnan tarpeita ja helpotamme kommunikaatiota kaikkien osapuolten v\u00e4lill\u00e4.\u201d<\/span><\/span><span class=\"EOP SCXW207205976 BCX0\" data-ccp-props=\"{}\">\u00a0<\/span><\/p><\/blockquote>\n<p><strong>Markus Saintola<br \/>\n<\/strong>Service Control Manager<\/p>\n\n          <\/div>\n  <\/div>\n<\/section>\n\n\n<section class=\"wp-block-image-and-text \">\n  <div class=\"theme-deep-forest wrap large \">\n    <div class=\"wrap\">\n      <div class=\"flex image-right\">\n                          <div class=\"flex-item has-image six\">\n            <div class=\"image cover\">\n                <img decoding=\"async\"\n                  src=\"https:\/\/samlink.fi\/app\/uploads\/2026\/03\/Samlink_SIAM_480x460px-300x288.jpg\" srcset=\"https:\/\/samlink.fi\/app\/uploads\/2026\/03\/Samlink_SIAM_480x460px-300x288.jpg 300w, https:\/\/samlink.fi\/app\/uploads\/2026\/03\/Samlink_SIAM_480x460px.jpg 480w\" sizes=\"(max-width: 1280px) 100vw, 1280px\" \n                  alt=\"\"\n                  class=\"aspect-ratio-1\" \/>\n            <\/div>\n          <\/div> \n                        <div class=\"flex-item has-text six\">\n          <div>\n                                                                            <h2>SIAM Pro -palveluihimme kuuluvat muun muassa<\/h2>\n<ul>\n<li class=\"p2\">Prosessien omistajuus ja hallinta<\/li>\n<li class=\"p2\">Palveluntarjoajien hallinta ja integrointi<\/li>\n<li class=\"p2\">Monitoimittajapalveluiden kehitysprojektien hallinta<\/li>\n<li class=\"p2\">OLA-sopimusten (Operational Level Agreement) rakentaminen ja hallinta<\/li>\n<li class=\"p2\">Jatkuva palvelun parantaminen<\/li>\n<li class=\"p2\">Seuranta ja raportointi<\/li>\n<li class=\"p2\">Palveluintegraatioiden konsultointi<\/li>\n<\/ul>\n\n              \n                                  <\/div> \n        <\/div>\n      <\/div>\n    <\/div>\n  <\/div>\n<\/section>\n","protected":false},"excerpt":{"rendered":"","protected":false},"author":11,"featured_media":0,"parent":1086,"menu_order":0,"comment_status":"closed","ping_status":"closed","template":"template-full-width-hero.blade.php","meta":{"_acf_changed":false,"footnotes":""},"class_list":["post-1501","page","type-page","status-publish","hentry"],"acf":[],"yoast_head":"<!-- This site is optimized with the Yoast SEO plugin v27.4 - https:\/\/yoast.com\/product\/yoast-seo-wordpress\/ -->\n<title>SIAM Pro - Samlink<\/title>\n<meta name=\"description\" content=\"Saumatonta palveluintegraatiota SIAM Pron avulla. SIAM Pro maksimoi palveluntarjoajiesi yhteisty\u00f6n ja optimaaliset liiketoimintatulokset.\" \/>\n<meta name=\"robots\" content=\"index, follow, max-snippet:-1, max-image-preview:large, max-video-preview:-1\" \/>\n<link rel=\"canonical\" href=\"https:\/\/samlink.fi\/fi\/ratkaisumme\/siam-pro\/\" \/>\n<meta property=\"og:locale\" content=\"fi_FI\" \/>\n<meta property=\"og:type\" content=\"article\" \/>\n<meta property=\"og:title\" content=\"SIAM Pro - Samlink\" \/>\n<meta property=\"og:description\" content=\"Saumatonta palveluintegraatiota SIAM Pron avulla. SIAM Pro maksimoi palveluntarjoajiesi yhteisty\u00f6n ja optimaaliset liiketoimintatulokset.\" \/>\n<meta property=\"og:url\" content=\"https:\/\/samlink.fi\/fi\/ratkaisumme\/siam-pro\/\" \/>\n<meta property=\"og:site_name\" content=\"Samlink\" \/>\n<meta property=\"article:modified_time\" content=\"2026-03-12T09:30:18+00:00\" \/>\n<meta property=\"og:image\" content=\"https:\/\/samlink.fi\/app\/uploads\/2023\/05\/samlink-webres-9-e1684845139892.jpg\" \/>\n\t<meta property=\"og:image:width\" content=\"1826\" \/>\n\t<meta property=\"og:image:height\" content=\"1582\" \/>\n\t<meta property=\"og:image:type\" content=\"image\/jpeg\" \/>\n<meta name=\"twitter:card\" content=\"summary_large_image\" \/>\n<meta name=\"twitter:label1\" content=\"Est. reading time\" \/>\n\t<meta name=\"twitter:data1\" content=\"2 minutes\" \/>\n<script type=\"application\/ld+json\" class=\"yoast-schema-graph\">{\"@context\":\"https:\\\/\\\/schema.org\",\"@graph\":[{\"@type\":\"WebPage\",\"@id\":\"https:\\\/\\\/samlink.fi\\\/fi\\\/ratkaisumme\\\/siam-pro\\\/\",\"url\":\"https:\\\/\\\/samlink.fi\\\/fi\\\/ratkaisumme\\\/siam-pro\\\/\",\"name\":\"SIAM Pro - Samlink\",\"isPartOf\":{\"@id\":\"https:\\\/\\\/samlink.fi\\\/fi\\\/#website\"},\"datePublished\":\"2023-05-04T09:04:31+00:00\",\"dateModified\":\"2026-03-12T09:30:18+00:00\",\"description\":\"Saumatonta palveluintegraatiota SIAM Pron avulla. SIAM Pro maksimoi palveluntarjoajiesi yhteisty\u00f6n ja optimaaliset liiketoimintatulokset.\",\"breadcrumb\":{\"@id\":\"https:\\\/\\\/samlink.fi\\\/fi\\\/ratkaisumme\\\/siam-pro\\\/#breadcrumb\"},\"inLanguage\":\"fi\",\"potentialAction\":[{\"@type\":\"ReadAction\",\"target\":[\"https:\\\/\\\/samlink.fi\\\/fi\\\/ratkaisumme\\\/siam-pro\\\/\"]}]},{\"@type\":\"BreadcrumbList\",\"@id\":\"https:\\\/\\\/samlink.fi\\\/fi\\\/ratkaisumme\\\/siam-pro\\\/#breadcrumb\",\"itemListElement\":[{\"@type\":\"ListItem\",\"position\":1,\"name\":\"Home\",\"item\":\"https:\\\/\\\/samlink.fi\\\/fi\\\/\"},{\"@type\":\"ListItem\",\"position\":2,\"name\":\"Ratkaisumme\",\"item\":\"https:\\\/\\\/samlink.fi\\\/fi\\\/ratkaisumme\\\/\"},{\"@type\":\"ListItem\",\"position\":3,\"name\":\"SIAM Pro\"}]},{\"@type\":\"WebSite\",\"@id\":\"https:\\\/\\\/samlink.fi\\\/fi\\\/#website\",\"url\":\"https:\\\/\\\/samlink.fi\\\/fi\\\/\",\"name\":\"Samlink\",\"description\":\"Empowering financial success through innovative IT solutions\",\"potentialAction\":[{\"@type\":\"SearchAction\",\"target\":{\"@type\":\"EntryPoint\",\"urlTemplate\":\"https:\\\/\\\/samlink.fi\\\/fi\\\/?s={search_term_string}\"},\"query-input\":{\"@type\":\"PropertyValueSpecification\",\"valueRequired\":true,\"valueName\":\"search_term_string\"}}],\"inLanguage\":\"fi\"}]}<\/script>\n<!-- \/ Yoast SEO plugin. -->","yoast_head_json":{"title":"SIAM Pro - Samlink","description":"Saumatonta palveluintegraatiota SIAM Pron avulla. SIAM Pro maksimoi palveluntarjoajiesi yhteisty\u00f6n ja optimaaliset liiketoimintatulokset.","robots":{"index":"index","follow":"follow","max-snippet":"max-snippet:-1","max-image-preview":"max-image-preview:large","max-video-preview":"max-video-preview:-1"},"canonical":"https:\/\/samlink.fi\/fi\/ratkaisumme\/siam-pro\/","og_locale":"fi_FI","og_type":"article","og_title":"SIAM Pro - Samlink","og_description":"Saumatonta palveluintegraatiota SIAM Pron avulla. SIAM Pro maksimoi palveluntarjoajiesi yhteisty\u00f6n ja optimaaliset liiketoimintatulokset.","og_url":"https:\/\/samlink.fi\/fi\/ratkaisumme\/siam-pro\/","og_site_name":"Samlink","article_modified_time":"2026-03-12T09:30:18+00:00","og_image":[{"width":1826,"height":1582,"url":"https:\/\/samlink.fi\/app\/uploads\/2023\/05\/samlink-webres-9-e1684845139892.jpg","type":"image\/jpeg"}],"twitter_card":"summary_large_image","twitter_misc":{"Est. reading time":"2 minutes"},"schema":{"@context":"https:\/\/schema.org","@graph":[{"@type":"WebPage","@id":"https:\/\/samlink.fi\/fi\/ratkaisumme\/siam-pro\/","url":"https:\/\/samlink.fi\/fi\/ratkaisumme\/siam-pro\/","name":"SIAM Pro - Samlink","isPartOf":{"@id":"https:\/\/samlink.fi\/fi\/#website"},"datePublished":"2023-05-04T09:04:31+00:00","dateModified":"2026-03-12T09:30:18+00:00","description":"Saumatonta palveluintegraatiota SIAM Pron avulla. SIAM Pro maksimoi palveluntarjoajiesi yhteisty\u00f6n ja optimaaliset liiketoimintatulokset.","breadcrumb":{"@id":"https:\/\/samlink.fi\/fi\/ratkaisumme\/siam-pro\/#breadcrumb"},"inLanguage":"fi","potentialAction":[{"@type":"ReadAction","target":["https:\/\/samlink.fi\/fi\/ratkaisumme\/siam-pro\/"]}]},{"@type":"BreadcrumbList","@id":"https:\/\/samlink.fi\/fi\/ratkaisumme\/siam-pro\/#breadcrumb","itemListElement":[{"@type":"ListItem","position":1,"name":"Home","item":"https:\/\/samlink.fi\/fi\/"},{"@type":"ListItem","position":2,"name":"Ratkaisumme","item":"https:\/\/samlink.fi\/fi\/ratkaisumme\/"},{"@type":"ListItem","position":3,"name":"SIAM Pro"}]},{"@type":"WebSite","@id":"https:\/\/samlink.fi\/fi\/#website","url":"https:\/\/samlink.fi\/fi\/","name":"Samlink","description":"Empowering financial success through innovative IT solutions","potentialAction":[{"@type":"SearchAction","target":{"@type":"EntryPoint","urlTemplate":"https:\/\/samlink.fi\/fi\/?s={search_term_string}"},"query-input":{"@type":"PropertyValueSpecification","valueRequired":true,"valueName":"search_term_string"}}],"inLanguage":"fi"}]}},"_links":{"self":[{"href":"https:\/\/samlink.fi\/fi\/wp-json\/wp\/v2\/pages\/1501","targetHints":{"allow":["GET"]}}],"collection":[{"href":"https:\/\/samlink.fi\/fi\/wp-json\/wp\/v2\/pages"}],"about":[{"href":"https:\/\/samlink.fi\/fi\/wp-json\/wp\/v2\/types\/page"}],"author":[{"embeddable":true,"href":"https:\/\/samlink.fi\/fi\/wp-json\/wp\/v2\/users\/11"}],"replies":[{"embeddable":true,"href":"https:\/\/samlink.fi\/fi\/wp-json\/wp\/v2\/comments?post=1501"}],"version-history":[{"count":13,"href":"https:\/\/samlink.fi\/fi\/wp-json\/wp\/v2\/pages\/1501\/revisions"}],"predecessor-version":[{"id":9092,"href":"https:\/\/samlink.fi\/fi\/wp-json\/wp\/v2\/pages\/1501\/revisions\/9092"}],"up":[{"embeddable":true,"href":"https:\/\/samlink.fi\/fi\/wp-json\/wp\/v2\/pages\/1086"}],"wp:attachment":[{"href":"https:\/\/samlink.fi\/fi\/wp-json\/wp\/v2\/media?parent=1501"}],"curies":[{"name":"wp","href":"https:\/\/api.w.org\/{rel}","templated":true}]}}