{"id":1496,"date":"2023-05-11T06:04:07","date_gmt":"2023-05-11T03:04:07","guid":{"rendered":"https:\/\/samlink.fi\/ratkaisumme\/kyberturvallisuus\/"},"modified":"2026-04-13T14:08:08","modified_gmt":"2026-04-13T11:08:08","slug":"kyberturvallisuus","status":"publish","type":"page","link":"https:\/\/samlink.fi\/fi\/kyberturvallisuus\/","title":{"rendered":"Turvallisuus"},"content":{"rendered":"<section class=\"wp-block-image-and-text \">\n  <div class=\"white wrap large \">\n    <div class=\"wrap\">\n      <div class=\"flex image-left\">\n                          <div class=\"flex-item has-image six\">\n            <div class=\"image cover\">\n                <img decoding=\"async\"\n                  src=\"https:\/\/samlink.fi\/app\/uploads\/2023\/05\/Vital_K_high.svg\" srcset=\"\" sizes=\"(max-width: 1280px) 100vw, 1280px\" \n                  alt=\"\"\n                  class=\"aspect-ratio-1\" \/>\n            <\/div>\n          <\/div> \n                        <div class=\"flex-item has-text six\">\n          <div>\n                                                                            <h2>Sitoudumme turvalliseen ja luotettavaan pankkitoimintaan<\/h2>\n<p>Suojaa pankkisi tulevaisuus turvallisuudella, joka menee pidemm\u00e4lle kuin pelkk\u00e4 puolustautuminen. Meill\u00e4 tietoturva on sis\u00e4\u00e4nrakennettuna kaikkeen, mit\u00e4 suunnittelemme, toteutamme ja yll\u00e4pid\u00e4mme finanssialan toimijoille. Tarjoamme pankkitasoisen suojauksen, joka tukee luottamusta, jatkuvuutta ja kasvua koko toimintaymp\u00e4rist\u00f6ss\u00e4si. Riskiperusteinen toimintatapamme auttaa sinua toimimaan luottavaisesti my\u00f6s uhkakuvien kehittyess\u00e4 ja s\u00e4\u00e4ntelyvaatimusten, kuten DORA ja PSD3, kiristyess\u00e4. Palvelut pysyv\u00e4t k\u00e4ytett\u00e4viss\u00e4, asiakastiedot suojattuina ja modernisointi etenee suunnitellusti ilman, ett\u00e4 toimintavarmuus vaarantuu.<\/p>\n\n              \n                                  <\/div> \n        <\/div>\n      <\/div>\n    <\/div>\n  <\/div>\n<\/section>\n\n\n<section class=\"wp-block-image-and-text \">\n  <div class=\"theme-cloud full-width image-large\">\n    <div class=\"wrap\">\n      <div class=\"flex image-right\">\n                          <div class=\"flex-item has-image eight\">\n            <div class=\"image cover\">\n                <img decoding=\"async\"\n                  src=\"https:\/\/samlink.fi\/app\/uploads\/2023\/05\/samlink-highres-30-edit-300x200.webp\" srcset=\"https:\/\/samlink.fi\/app\/uploads\/2023\/05\/samlink-highres-30-edit-300x200.webp 300w, https:\/\/samlink.fi\/app\/uploads\/2023\/05\/samlink-highres-30-edit-1024x683.webp 1024w, https:\/\/samlink.fi\/app\/uploads\/2023\/05\/samlink-highres-30-edit-768x512.webp 768w, https:\/\/samlink.fi\/app\/uploads\/2023\/05\/samlink-highres-30-edit-1536x1024.webp 1536w, https:\/\/samlink.fi\/app\/uploads\/2023\/05\/samlink-highres-30-edit.webp 1750w\" sizes=\"(max-width: 1280px) 100vw, 1280px\" \n                  alt=\"Samlink Turvallisuus\"\n                  class=\"aspect-ratio-1\" \/>\n            <\/div>\n          <\/div> \n                        <div class=\"flex-item has-text four\">\n          <div>\n                                                                            <h2>Turvallisuus alkaa ihmisist\u00e4<\/h2>\n<p>Toimintavarmuus ja h\u00e4iri\u00f6nsietokyky rakentuvat osaavista ihmisist\u00e4 ja vahvistuvat selkeiden prosessien sek\u00e4 luotettavan teknologian kautta. Tunnistamme palveluillesi kriittisimm\u00e4t riskit, m\u00e4\u00e4rittelemme oikeat hallintatoimet ja varmistamme, ett\u00e4 ne vastaavat sek\u00e4 s\u00e4\u00e4ntelyvaatimuksia ett\u00e4 operatiivisia tarpeita. Mahdollisissa poikkeamatilanteissa asiantuntijamme toimivat nopeasti vaikutusten minimoimiseksi ja palveluiden jatkuvuuden turvaamiseksi. T\u00e4t\u00e4 tukevat moderni SOC-toimintamalli sek\u00e4 selke\u00e4 vastuunjako. Lis\u00e4ksi autamme varautumaan uhkiin pitk\u00e4j\u00e4nteisesti, mukaan lukien k\u00e4yt\u00e4nn\u00f6n askeleet kvanttivalmiuden rakentamiseksi. N\u00e4in organisaatiosi voi toimia luotettavasti t\u00e4n\u00e4\u00e4n ja valmistautua huomiseen.<\/p>\n\n              \n                                  <\/div> \n        <\/div>\n      <\/div>\n    <\/div>\n  <\/div>\n<\/section>\n\n\n<section class=\"align wp-block-single-post\">\n    <div class=\"wrap\">\n                <div class=\"flex image-left\">\n                                    <div class=\"flex-item six has-image\">\n                                                    <div class=\"image\">\n                                <img decoding=\"async\"\n                                    src=\"https:\/\/samlink.fi\/app\/uploads\/2026\/03\/Samlink_Cybersecurity_Embedding_Security_Artikkeli_824x464px.jpg\" srcset=\"https:\/\/samlink.fi\/app\/uploads\/2026\/03\/Samlink_Cybersecurity_Embedding_Security_Artikkeli_824x464px.jpg 824w, https:\/\/samlink.fi\/app\/uploads\/2026\/03\/Samlink_Cybersecurity_Embedding_Security_Artikkeli_824x464px-300x169.jpg 300w, https:\/\/samlink.fi\/app\/uploads\/2026\/03\/Samlink_Cybersecurity_Embedding_Security_Artikkeli_824x464px-768x432.jpg 768w\" sizes=\"(max-width: 1200px) 100vw, 1200px\"                                    alt=\"\"\n                                    class=\"aspect-ratio-1\"\n                                    \/>\n                            <\/div>\n                                                    <\/div>\n                                    <div class=\"flex-item six has-text\">\n                <div>\n                    <span class=\"underline\">Uutiset<\/span>\n                    <h2>\n                                                    Tietoturva on tiekartta, ei pikaratkaisu\n                                            <\/h2>\n                    \n                                                                    <p>Nykyaikaisissa finanssij\u00e4rjestelmiss\u00e4 tietoturvaa ei voida en\u00e4\u00e4 k\u00e4sitell\u00e4 asiana, joka lis\u00e4t\u00e4\u00e4n mukaan vasta kehitysvaiheen j\u00e4lkeen. Samlinkin CISO Christian Eichinin mukaan tietoturvan on oltava kiinte\u00e4 osa koko kehityksen elinkaarta ajattelutapana, yhteisen\u00e4 vastuuna ja jatkuvasti p\u00e4ivittyv\u00e4n\u00e4 tiekarttana. Aiemmissa artikkeleissamme olemme k\u00e4sitelleet muun muassa DORA-s\u00e4\u00e4ntelyn tuomaa s\u00e4\u00e4ntelyresilienssi\u00e4, modernia SOC-toimintaa sek\u00e4 teko\u00e4lypohjaisten uhkien kasvavaa vaikutusta.&hellip;<\/p>\n                                        <a\n                        href=\"https:\/\/samlink.fi\/fi\/news\/tietoturva-on-tiekartta-ei-pikaratkaisu\/\"\n                        class=\"btn  btn-arrow\">\n                                                    Lue lis\u00e4\u00e4\n                                            <\/a>\n                    <\/div>\n                <\/div>\n            <\/div>\n        <\/div>\n            <\/div>\n<\/section>\n\n\n<section class=\"align wp-block-single-post\">\n    <div class=\"wrap\">\n                <div class=\"flex image-right\">\n                                    <div class=\"flex-item six has-image\">\n                                                    <div class=\"image\">\n                                <img decoding=\"async\"\n                                    src=\"https:\/\/samlink.fi\/app\/uploads\/2026\/03\/Samlink_DORA_Announcement_Verkkosivut_artikkeli_824x464xpx.jpg\" srcset=\"https:\/\/samlink.fi\/app\/uploads\/2026\/03\/Samlink_DORA_Announcement_Verkkosivut_artikkeli_824x464xpx.jpg 824w, https:\/\/samlink.fi\/app\/uploads\/2026\/03\/Samlink_DORA_Announcement_Verkkosivut_artikkeli_824x464xpx-300x169.jpg 300w, https:\/\/samlink.fi\/app\/uploads\/2026\/03\/Samlink_DORA_Announcement_Verkkosivut_artikkeli_824x464xpx-768x432.jpg 768w\" sizes=\"(max-width: 1200px) 100vw, 1200px\"                                    alt=\"\"\n                                    class=\"aspect-ratio-1\"\n                                    \/>\n                            <\/div>\n                                                    <\/div>\n                                    <div class=\"flex-item six has-text\">\n                <div>\n                    <span class=\"underline\">Uutiset<\/span>\n                    <h2>\n                                                    DORA-valvonta kriittisille ICT-palveluntarjoajille: mit\u00e4 Kyndrylin CTPP-nimitys merkitsee pankeille\n                                            <\/h2>\n                    \n                                                                    <p>DORA-asetus tuo suoran viranomaisvalvonnan finanssisektorin kriittisille ICT-palveluntarjoajille. Kyndrylin nime\u00e4minen CTPP-toimijaksi lis\u00e4\u00e4 l\u00e4pin\u00e4kyvyytt\u00e4 pankkien k\u00e4ytt\u00e4mien keskeisten teknologiapalvelujen hallintaan. Marraskuussa 2025 Euroopan valvontaviranomaiset (EBA, EIOPA ja ESMA) julkaisivat virallisen listan kriittisist\u00e4 ICT-alan kolmansien osapuolten palveluntarjoajista (Critical ICT Third-Party Providers, CTPP) osana finanssialan digitaalista h\u00e4iri\u00f6nsietokyky\u00e4 koskevaa DORA-asetusta. Kyndryl nimettiin CTPP-toimijaksi edustaen globaaleja toimintojaan&hellip;<\/p>\n                                        <a\n                        href=\"https:\/\/samlink.fi\/fi\/news\/dora-valvonta-kriittisille-ict-palveluntarjoajille-mita-kyndrylin-ctpp-nimitys-merkitsee-pankeille\/\"\n                        class=\"btn  btn-arrow\">\n                                                    Lue lis\u00e4\u00e4\n                                            <\/a>\n                    <\/div>\n                <\/div>\n            <\/div>\n        <\/div>\n            <\/div>\n<\/section>\n\n\n<section class=\"wp-block-image-and-text \">\n  <div class=\"white full-width image-large\">\n    <div class=\"wrap\">\n      <div class=\"flex image-left\">\n                          <div class=\"flex-item has-image eight\">\n            <div class=\"image cover\">\n                <img decoding=\"async\"\n                  src=\"https:\/\/samlink.fi\/app\/uploads\/2026\/03\/Samlink_Sitaattikuva_Christian_Eichin_2133x1200px-1-300x169.jpg\" srcset=\"https:\/\/samlink.fi\/app\/uploads\/2026\/03\/Samlink_Sitaattikuva_Christian_Eichin_2133x1200px-1-300x169.jpg 300w, https:\/\/samlink.fi\/app\/uploads\/2026\/03\/Samlink_Sitaattikuva_Christian_Eichin_2133x1200px-1-1024x576.jpg 1024w, https:\/\/samlink.fi\/app\/uploads\/2026\/03\/Samlink_Sitaattikuva_Christian_Eichin_2133x1200px-1-768x432.jpg 768w, https:\/\/samlink.fi\/app\/uploads\/2026\/03\/Samlink_Sitaattikuva_Christian_Eichin_2133x1200px-1-1536x864.jpg 1536w, https:\/\/samlink.fi\/app\/uploads\/2026\/03\/Samlink_Sitaattikuva_Christian_Eichin_2133x1200px-1-2048x1152.jpg 2048w\" sizes=\"(max-width: 1280px) 100vw, 1280px\" \n                  alt=\"\"\n                  class=\"aspect-ratio-1\" \/>\n            <\/div>\n          <\/div> \n                        <div class=\"flex-item has-text four\">\n          <div>\n                          <span class=\"underline\">Ihmiset<\/span>\n                                                                            <h2>Tietoturvaa rakennetaan yhdess\u00e4<\/h2>\n<p>\u201cTietoturva ei ole ensisijaisesti vaaratilanteiden torjumista, vaan hyvien asioiden mahdollistamista. Kyky\u00e4 luoda selkeytt\u00e4, rakentaa luottamusta ja tukea ihmisi\u00e4 onnistumaan turvallisesti ty\u00f6ss\u00e4\u00e4n.\u201d<\/p>\n<p><strong>Christian Eichin<\/strong><br \/>\nChief Information Security Officer<\/p>\n\n              \n                                  <\/div> \n        <\/div>\n      <\/div>\n    <\/div>\n  <\/div>\n<\/section>\n","protected":false},"excerpt":{"rendered":"","protected":false},"author":11,"featured_media":0,"parent":0,"menu_order":0,"comment_status":"closed","ping_status":"closed","template":"template-full-width-hero.blade.php","meta":{"_acf_changed":false,"footnotes":""},"class_list":["post-1496","page","type-page","status-publish","hentry"],"acf":[],"yoast_head":"<!-- This site is optimized with the Yoast SEO plugin v27.4 - https:\/\/yoast.com\/product\/yoast-seo-wordpress\/ -->\n<title>Turvallisuus - Samlink<\/title>\n<meta name=\"description\" content=\"Turvallisuus on aina asiakkaidemme prioriteetti. Pid\u00e4mme asiakkaamme digitaalisesti turvassa ja toiminnot kyberturvallisina.\" \/>\n<meta name=\"robots\" content=\"index, follow, max-snippet:-1, max-image-preview:large, max-video-preview:-1\" \/>\n<link rel=\"canonical\" href=\"https:\/\/samlink.fi\/fi\/kyberturvallisuus\/\" \/>\n<meta property=\"og:locale\" content=\"fi_FI\" \/>\n<meta property=\"og:type\" content=\"article\" \/>\n<meta property=\"og:title\" content=\"Turvallisuus - Samlink\" \/>\n<meta property=\"og:description\" content=\"Turvallisuus on aina asiakkaidemme prioriteetti. Pid\u00e4mme asiakkaamme digitaalisesti turvassa ja toiminnot kyberturvallisina.\" \/>\n<meta property=\"og:url\" content=\"https:\/\/samlink.fi\/fi\/kyberturvallisuus\/\" \/>\n<meta property=\"og:site_name\" content=\"Samlink\" \/>\n<meta property=\"article:modified_time\" content=\"2026-04-13T11:08:08+00:00\" \/>\n<meta property=\"og:image\" content=\"https:\/\/samlink.fi\/app\/uploads\/2023\/05\/samlink-webres-9-e1684845139892.jpg\" \/>\n\t<meta property=\"og:image:width\" content=\"1826\" \/>\n\t<meta property=\"og:image:height\" content=\"1582\" \/>\n\t<meta property=\"og:image:type\" content=\"image\/jpeg\" \/>\n<meta name=\"twitter:card\" content=\"summary_large_image\" \/>\n<meta name=\"twitter:label1\" content=\"Est. reading time\" \/>\n\t<meta name=\"twitter:data1\" content=\"2 minutes\" \/>\n<script type=\"application\/ld+json\" class=\"yoast-schema-graph\">{\"@context\":\"https:\\\/\\\/schema.org\",\"@graph\":[{\"@type\":\"WebPage\",\"@id\":\"https:\\\/\\\/samlink.fi\\\/fi\\\/kyberturvallisuus\\\/\",\"url\":\"https:\\\/\\\/samlink.fi\\\/fi\\\/kyberturvallisuus\\\/\",\"name\":\"Turvallisuus - Samlink\",\"isPartOf\":{\"@id\":\"https:\\\/\\\/samlink.fi\\\/fi\\\/#website\"},\"datePublished\":\"2023-05-11T03:04:07+00:00\",\"dateModified\":\"2026-04-13T11:08:08+00:00\",\"description\":\"Turvallisuus on aina asiakkaidemme prioriteetti. Pid\u00e4mme asiakkaamme digitaalisesti turvassa ja toiminnot kyberturvallisina.\",\"breadcrumb\":{\"@id\":\"https:\\\/\\\/samlink.fi\\\/fi\\\/kyberturvallisuus\\\/#breadcrumb\"},\"inLanguage\":\"fi\",\"potentialAction\":[{\"@type\":\"ReadAction\",\"target\":[\"https:\\\/\\\/samlink.fi\\\/fi\\\/kyberturvallisuus\\\/\"]}]},{\"@type\":\"BreadcrumbList\",\"@id\":\"https:\\\/\\\/samlink.fi\\\/fi\\\/kyberturvallisuus\\\/#breadcrumb\",\"itemListElement\":[{\"@type\":\"ListItem\",\"position\":1,\"name\":\"Home\",\"item\":\"https:\\\/\\\/samlink.fi\\\/fi\\\/\"},{\"@type\":\"ListItem\",\"position\":2,\"name\":\"Turvallisuus\"}]},{\"@type\":\"WebSite\",\"@id\":\"https:\\\/\\\/samlink.fi\\\/fi\\\/#website\",\"url\":\"https:\\\/\\\/samlink.fi\\\/fi\\\/\",\"name\":\"Samlink\",\"description\":\"Empowering financial success through innovative IT solutions\",\"potentialAction\":[{\"@type\":\"SearchAction\",\"target\":{\"@type\":\"EntryPoint\",\"urlTemplate\":\"https:\\\/\\\/samlink.fi\\\/fi\\\/?s={search_term_string}\"},\"query-input\":{\"@type\":\"PropertyValueSpecification\",\"valueRequired\":true,\"valueName\":\"search_term_string\"}}],\"inLanguage\":\"fi\"}]}<\/script>\n<!-- \/ Yoast SEO plugin. -->","yoast_head_json":{"title":"Turvallisuus - Samlink","description":"Turvallisuus on aina asiakkaidemme prioriteetti. Pid\u00e4mme asiakkaamme digitaalisesti turvassa ja toiminnot kyberturvallisina.","robots":{"index":"index","follow":"follow","max-snippet":"max-snippet:-1","max-image-preview":"max-image-preview:large","max-video-preview":"max-video-preview:-1"},"canonical":"https:\/\/samlink.fi\/fi\/kyberturvallisuus\/","og_locale":"fi_FI","og_type":"article","og_title":"Turvallisuus - Samlink","og_description":"Turvallisuus on aina asiakkaidemme prioriteetti. Pid\u00e4mme asiakkaamme digitaalisesti turvassa ja toiminnot kyberturvallisina.","og_url":"https:\/\/samlink.fi\/fi\/kyberturvallisuus\/","og_site_name":"Samlink","article_modified_time":"2026-04-13T11:08:08+00:00","og_image":[{"width":1826,"height":1582,"url":"https:\/\/samlink.fi\/app\/uploads\/2023\/05\/samlink-webres-9-e1684845139892.jpg","type":"image\/jpeg"}],"twitter_card":"summary_large_image","twitter_misc":{"Est. reading time":"2 minutes"},"schema":{"@context":"https:\/\/schema.org","@graph":[{"@type":"WebPage","@id":"https:\/\/samlink.fi\/fi\/kyberturvallisuus\/","url":"https:\/\/samlink.fi\/fi\/kyberturvallisuus\/","name":"Turvallisuus - Samlink","isPartOf":{"@id":"https:\/\/samlink.fi\/fi\/#website"},"datePublished":"2023-05-11T03:04:07+00:00","dateModified":"2026-04-13T11:08:08+00:00","description":"Turvallisuus on aina asiakkaidemme prioriteetti. Pid\u00e4mme asiakkaamme digitaalisesti turvassa ja toiminnot kyberturvallisina.","breadcrumb":{"@id":"https:\/\/samlink.fi\/fi\/kyberturvallisuus\/#breadcrumb"},"inLanguage":"fi","potentialAction":[{"@type":"ReadAction","target":["https:\/\/samlink.fi\/fi\/kyberturvallisuus\/"]}]},{"@type":"BreadcrumbList","@id":"https:\/\/samlink.fi\/fi\/kyberturvallisuus\/#breadcrumb","itemListElement":[{"@type":"ListItem","position":1,"name":"Home","item":"https:\/\/samlink.fi\/fi\/"},{"@type":"ListItem","position":2,"name":"Turvallisuus"}]},{"@type":"WebSite","@id":"https:\/\/samlink.fi\/fi\/#website","url":"https:\/\/samlink.fi\/fi\/","name":"Samlink","description":"Empowering financial success through innovative IT solutions","potentialAction":[{"@type":"SearchAction","target":{"@type":"EntryPoint","urlTemplate":"https:\/\/samlink.fi\/fi\/?s={search_term_string}"},"query-input":{"@type":"PropertyValueSpecification","valueRequired":true,"valueName":"search_term_string"}}],"inLanguage":"fi"}]}},"_links":{"self":[{"href":"https:\/\/samlink.fi\/fi\/wp-json\/wp\/v2\/pages\/1496","targetHints":{"allow":["GET"]}}],"collection":[{"href":"https:\/\/samlink.fi\/fi\/wp-json\/wp\/v2\/pages"}],"about":[{"href":"https:\/\/samlink.fi\/fi\/wp-json\/wp\/v2\/types\/page"}],"author":[{"embeddable":true,"href":"https:\/\/samlink.fi\/fi\/wp-json\/wp\/v2\/users\/11"}],"replies":[{"embeddable":true,"href":"https:\/\/samlink.fi\/fi\/wp-json\/wp\/v2\/comments?post=1496"}],"version-history":[{"count":33,"href":"https:\/\/samlink.fi\/fi\/wp-json\/wp\/v2\/pages\/1496\/revisions"}],"predecessor-version":[{"id":9184,"href":"https:\/\/samlink.fi\/fi\/wp-json\/wp\/v2\/pages\/1496\/revisions\/9184"}],"wp:attachment":[{"href":"https:\/\/samlink.fi\/fi\/wp-json\/wp\/v2\/media?parent=1496"}],"curies":[{"name":"wp","href":"https:\/\/api.w.org\/{rel}","templated":true}]}}