{"id":1472,"date":"2023-05-11T06:03:36","date_gmt":"2023-05-11T03:03:36","guid":{"rendered":"https:\/\/samlink.fi\/ratkaisumme\/palvelujen-modernisointi\/"},"modified":"2026-03-11T16:26:06","modified_gmt":"2026-03-11T13:26:06","slug":"palvelujen-modernisointi","status":"publish","type":"page","link":"https:\/\/samlink.fi\/fi\/ratkaisumme\/palvelujen-modernisointi\/","title":{"rendered":"Palvelujen modernisointi"},"content":{"rendered":"<section class=\"wp-block-image-and-text \">\n  <div class=\"theme-deep-forest wrap large \">\n    <div class=\"wrap\">\n      <div class=\"flex image-right\">\n                          <div class=\"flex-item has-image six\">\n            <div class=\"image cover\">\n                <img decoding=\"async\"\n                  src=\"https:\/\/samlink.fi\/app\/uploads\/2025\/05\/Samlink_Living_Trellis_Green-269x300.png\" srcset=\"https:\/\/samlink.fi\/app\/uploads\/2025\/05\/Samlink_Living_Trellis_Green-269x300.png 269w, https:\/\/samlink.fi\/app\/uploads\/2025\/05\/Samlink_Living_Trellis_Green.png 667w\" sizes=\"(max-width: 1280px) 100vw, 1280px\" \n                  alt=\"\"\n                  class=\"aspect-ratio-1\" \/>\n            <\/div>\n          <\/div> \n                        <div class=\"flex-item has-text six\">\n          <div>\n                                                                            <h2>Pankkialan tulevaisuutta luomassa<\/h2>\n<p class=\"p3\">Uskomme hankkeisiin, joilla on selke\u00e4t liiketoimintatavoitteet ja p\u00e4\u00e4m\u00e4\u00e4r\u00e4t, jotta asiakkaat saavat todellista arvoa muutoksestaan. Asteittaisen modernisointimme avulla asiakkaamme saa mahdollisuuden keskitty\u00e4 niihin IT-j\u00e4rjestelmiin, jotka tuottavat eniten arvoa liiketoiminnalle.<\/p>\n\n              \n                          <a \n        class=\"btn btn-arrow\"\n        href=\"https:\/\/samlink.fi\/fi\/ota-yhteytta\/\"\n        target=\"\"\n        >\n                    Ota yhteytt\u00e4\n            <\/a>\n                                  <\/div> \n        <\/div>\n      <\/div>\n    <\/div>\n  <\/div>\n<\/section>\n\n\n<section class=\"wp-block-image-and-text \">\n  <div class=\"white full-width image-large\">\n    <div class=\"wrap\">\n      <div class=\"flex image-right\">\n                          <div class=\"flex-item has-image eight\">\n            <div class=\"image cover\">\n                <img decoding=\"async\"\n                  src=\"https:\/\/samlink.fi\/app\/uploads\/2023\/05\/Kyndryl-image-2-1-300x168.webp\" srcset=\"https:\/\/samlink.fi\/app\/uploads\/2023\/05\/Kyndryl-image-2-1-300x168.webp 300w, https:\/\/samlink.fi\/app\/uploads\/2023\/05\/Kyndryl-image-2-1-1024x574.webp 1024w, https:\/\/samlink.fi\/app\/uploads\/2023\/05\/Kyndryl-image-2-1-768x431.webp 768w, https:\/\/samlink.fi\/app\/uploads\/2023\/05\/Kyndryl-image-2-1-1536x862.webp 1536w, https:\/\/samlink.fi\/app\/uploads\/2023\/05\/Kyndryl-image-2-1.webp 1663w\" sizes=\"(max-width: 1280px) 100vw, 1280px\" \n                  alt=\"Samlink\"\n                  class=\"aspect-ratio-1\" \/>\n            <\/div>\n          <\/div> \n                        <div class=\"flex-item has-text four\">\n          <div>\n                                                                            <h2>Mit\u00e4 palvelujen modernisointi tarkoittaa?<\/h2>\n<p>Meille t\u00e4m\u00e4 tarkoittaa mainframe- eli keskuskoneymp\u00e4rist\u00f6n modernisointia ja pilvinatiivien teknologioiden yhdist\u00e4mist\u00e4 keskuskonepohjaiseen peruspankkij\u00e4rjestelm\u00e4\u00e4n. T\u00e4m\u00e4 innovatiivinen l\u00e4hestymistapa mahdollistaa parhaiden ominaisuuksien yhdist\u00e4misen ja tarjoaa saumattoman ja turvallisen kokemuksen asiakkaillemme. Satsaamme edelleen my\u00f6s mainframen kehitt\u00e4miseen, sill\u00e4 maailmanlaajuisesti isot yritykset tukeutuvat keskuskoneteknologiaan.<\/p>\n<p>Liity mukaan missioomme modernisoida palveluita ja koe tulevaisuuden pankkiratkaisut!<\/p>\n\n              \n                                  <\/div> \n        <\/div>\n      <\/div>\n    <\/div>\n  <\/div>\n<\/section>\n\n\n<section class=\"align wp-block-single-post\">\n    <div class=\"wrap\">\n                <div class=\"flex image-left\">\n                                    <div class=\"flex-item six has-image\">\n                                                    <div class=\"image\">\n                                <img decoding=\"async\"\n                                    src=\"https:\/\/samlink.fi\/app\/uploads\/2026\/03\/Samlink_Mainframe_Modernization_Artikekli_824x464px.jpg\" srcset=\"https:\/\/samlink.fi\/app\/uploads\/2026\/03\/Samlink_Mainframe_Modernization_Artikekli_824x464px.jpg 824w, https:\/\/samlink.fi\/app\/uploads\/2026\/03\/Samlink_Mainframe_Modernization_Artikekli_824x464px-300x169.jpg 300w, https:\/\/samlink.fi\/app\/uploads\/2026\/03\/Samlink_Mainframe_Modernization_Artikekli_824x464px-768x432.jpg 768w\" sizes=\"(max-width: 1200px) 100vw, 1200px\"                                    alt=\"\"\n                                    class=\"aspect-ratio-1\"\n                                    \/>\n                            <\/div>\n                                                    <\/div>\n                                    <div class=\"flex-item six has-text\">\n                <div>\n                    <span class=\"underline\">Uutiset<\/span>\n                    <h2>\n                                                    Mainframe-j\u00e4rjestelm\u00e4n modernisointi on teht\u00e4v\u00e4 hallitusti\n                                            <\/h2>\n                    \n                                                                    <p>Pohjoismaisissa ja baltialaisissa pankeissa mainframen uudistaminen ei tarkoita j\u00e4rjestelmien korvaamista, vaan hallinnan s\u00e4ilytt\u00e4mist\u00e4. S\u00e4\u00e4ntely, tietoturvavaatimukset ja kustannuspaineet kasvavat jatkuvasti, joten on l\u00f6ydett\u00e4v\u00e4 tapa uudistaa j\u00e4rjestelmi\u00e4 ilman,liiketoiminnan vakauden vaarantamista. Tarvitaan dataan perustuva ja hallittu l\u00e4hestymistapa, joka mahdollistaa kehityksen, mutta s\u00e4ilytt\u00e4\u00e4 j\u00e4rjestelmien luotettavuuden. Sama viesti nousee esiin my\u00f6s Kyndrylin State of Mainframe&hellip;<\/p>\n                                        <a\n                        href=\"https:\/\/samlink.fi\/fi\/news\/mainframe-jarjestelman-modernisointi-on-tehtava-hallitusti\/\"\n                        class=\"btn  btn-arrow\">\n                                                    Lue lis\u00e4\u00e4\n                                            <\/a>\n                    <\/div>\n                <\/div>\n            <\/div>\n        <\/div>\n            <\/div>\n<\/section>\n\n\n<section class=\"wp-block-image-and-text \">\n  <div class=\"theme-spring-green full-width image-large\">\n    <div class=\"wrap\">\n      <div class=\"flex image-left\">\n                          <div class=\"flex-item has-image eight\">\n            <div class=\"image cover\">\n                <img decoding=\"async\"\n                  src=\"https:\/\/samlink.fi\/app\/uploads\/2023\/11\/samlink-webres-10-edit-300x200.jpg\" srcset=\"https:\/\/samlink.fi\/app\/uploads\/2023\/11\/samlink-webres-10-edit-300x200.jpg 300w, https:\/\/samlink.fi\/app\/uploads\/2023\/11\/samlink-webres-10-edit-1024x683.jpg 1024w, https:\/\/samlink.fi\/app\/uploads\/2023\/11\/samlink-webres-10-edit-768x512.jpg 768w, https:\/\/samlink.fi\/app\/uploads\/2023\/11\/samlink-webres-10-edit-1536x1024.jpg 1536w, https:\/\/samlink.fi\/app\/uploads\/2023\/11\/samlink-webres-10-edit-2048x1366.jpg 2048w\" sizes=\"(max-width: 1280px) 100vw, 1280px\" \n                  alt=\"Samlink People\"\n                  class=\"aspect-ratio-1\" \/>\n            <\/div>\n          <\/div> \n                        <div class=\"flex-item has-text four\">\n          <div>\n                                                                            <h2>Kumppaniverkostot<\/h2>\n<p>Tavoitteenamme on kasvattaa pilvipohjaista kumppaniverkostoamme hy\u00f6dynt\u00e4\u00e4ksemme uusia liiketoimintamahdollisuuksia. Kumppanuuksien avulla pyrimme saavuttamaan toimialan synergioita.<\/p>\n<p><strong>Yhteisty\u00f6 Aura Cloudin kanssa<\/strong><\/p>\n<p>Samlinkin vahva n\u00e4kyvyys ja kokemus finanssialalla sek\u00e4 Aura Cloudin moderni pankkialusta luovat yhdess\u00e4 merkitt\u00e4vi\u00e4 hy\u00f6tyj\u00e4. Yhteisty\u00f6ss\u00e4 luotu ainutlaatuinen ratkaisu yksinkertaistaa asteittaisen modernisoinnin, joka mahdollistaa pankkien siirt\u00e4misen osaksi tai kokonaan pilveen. Asiakkaamme saavat kustannustehokkaan tuotteen, joka mahdollistaa turvalliset ja aikaa s\u00e4\u00e4st\u00e4v\u00e4t palvelut.<\/p>\n\n              \n                          <a \n        class=\"btn btn-arrow\"\n        href=\"https:\/\/www.auracloud.com\/\"\n        target=\"_blank\"\n        >\n                    Tutustu Aura Cloudiin\n            <\/a>\n                                  <\/div> \n        <\/div>\n      <\/div>\n    <\/div>\n  <\/div>\n<\/section>\n","protected":false},"excerpt":{"rendered":"","protected":false},"author":11,"featured_media":0,"parent":1086,"menu_order":0,"comment_status":"closed","ping_status":"closed","template":"template-full-width-hero.blade.php","meta":{"_acf_changed":false,"footnotes":""},"class_list":["post-1472","page","type-page","status-publish","hentry"],"acf":[],"yoast_head":"<!-- This site is optimized with the Yoast SEO plugin v27.4 - https:\/\/yoast.com\/product\/yoast-seo-wordpress\/ -->\n<title>Palvelujen modernisointi - Samlink<\/title>\n<meta name=\"description\" content=\"Pankkialan tulevaisuutta luomassa. Asteittainen l\u00e4hestymistapa antaa asiakkaille mahdollisuuden keskitty\u00e4 niihin IT-j\u00e4rjestelmiin, jotka tuottavat eniten arvoa liiketoiminnalle.\" \/>\n<meta name=\"robots\" content=\"index, follow, max-snippet:-1, max-image-preview:large, max-video-preview:-1\" \/>\n<link rel=\"canonical\" href=\"https:\/\/samlink.fi\/fi\/ratkaisumme\/palvelujen-modernisointi\/\" \/>\n<meta property=\"og:locale\" content=\"fi_FI\" \/>\n<meta property=\"og:type\" content=\"article\" \/>\n<meta property=\"og:title\" content=\"Palvelujen modernisointi - Samlink\" \/>\n<meta property=\"og:description\" content=\"Pankkialan tulevaisuutta luomassa. Asteittainen l\u00e4hestymistapa antaa asiakkaille mahdollisuuden keskitty\u00e4 niihin IT-j\u00e4rjestelmiin, jotka tuottavat eniten arvoa liiketoiminnalle.\" \/>\n<meta property=\"og:url\" content=\"https:\/\/samlink.fi\/fi\/ratkaisumme\/palvelujen-modernisointi\/\" \/>\n<meta property=\"og:site_name\" content=\"Samlink\" \/>\n<meta property=\"article:modified_time\" content=\"2026-03-11T13:26:06+00:00\" \/>\n<meta property=\"og:image\" content=\"https:\/\/samlink.fi\/app\/uploads\/2023\/05\/samlink-webres-9-e1684845139892.jpg\" \/>\n\t<meta property=\"og:image:width\" content=\"1826\" \/>\n\t<meta property=\"og:image:height\" content=\"1582\" \/>\n\t<meta property=\"og:image:type\" content=\"image\/jpeg\" \/>\n<meta name=\"twitter:card\" content=\"summary_large_image\" \/>\n<meta name=\"twitter:label1\" content=\"Est. reading time\" \/>\n\t<meta name=\"twitter:data1\" content=\"2 minutes\" \/>\n<script type=\"application\/ld+json\" class=\"yoast-schema-graph\">{\"@context\":\"https:\\\/\\\/schema.org\",\"@graph\":[{\"@type\":\"WebPage\",\"@id\":\"https:\\\/\\\/samlink.fi\\\/fi\\\/ratkaisumme\\\/palvelujen-modernisointi\\\/\",\"url\":\"https:\\\/\\\/samlink.fi\\\/fi\\\/ratkaisumme\\\/palvelujen-modernisointi\\\/\",\"name\":\"Palvelujen modernisointi - Samlink\",\"isPartOf\":{\"@id\":\"https:\\\/\\\/samlink.fi\\\/fi\\\/#website\"},\"datePublished\":\"2023-05-11T03:03:36+00:00\",\"dateModified\":\"2026-03-11T13:26:06+00:00\",\"description\":\"Pankkialan tulevaisuutta luomassa. Asteittainen l\u00e4hestymistapa antaa asiakkaille mahdollisuuden keskitty\u00e4 niihin IT-j\u00e4rjestelmiin, jotka tuottavat eniten arvoa liiketoiminnalle.\",\"breadcrumb\":{\"@id\":\"https:\\\/\\\/samlink.fi\\\/fi\\\/ratkaisumme\\\/palvelujen-modernisointi\\\/#breadcrumb\"},\"inLanguage\":\"fi\",\"potentialAction\":[{\"@type\":\"ReadAction\",\"target\":[\"https:\\\/\\\/samlink.fi\\\/fi\\\/ratkaisumme\\\/palvelujen-modernisointi\\\/\"]}]},{\"@type\":\"BreadcrumbList\",\"@id\":\"https:\\\/\\\/samlink.fi\\\/fi\\\/ratkaisumme\\\/palvelujen-modernisointi\\\/#breadcrumb\",\"itemListElement\":[{\"@type\":\"ListItem\",\"position\":1,\"name\":\"Home\",\"item\":\"https:\\\/\\\/samlink.fi\\\/fi\\\/\"},{\"@type\":\"ListItem\",\"position\":2,\"name\":\"Ratkaisumme\",\"item\":\"https:\\\/\\\/samlink.fi\\\/fi\\\/ratkaisumme\\\/\"},{\"@type\":\"ListItem\",\"position\":3,\"name\":\"Palvelujen modernisointi\"}]},{\"@type\":\"WebSite\",\"@id\":\"https:\\\/\\\/samlink.fi\\\/fi\\\/#website\",\"url\":\"https:\\\/\\\/samlink.fi\\\/fi\\\/\",\"name\":\"Samlink\",\"description\":\"Empowering financial success through innovative IT solutions\",\"potentialAction\":[{\"@type\":\"SearchAction\",\"target\":{\"@type\":\"EntryPoint\",\"urlTemplate\":\"https:\\\/\\\/samlink.fi\\\/fi\\\/?s={search_term_string}\"},\"query-input\":{\"@type\":\"PropertyValueSpecification\",\"valueRequired\":true,\"valueName\":\"search_term_string\"}}],\"inLanguage\":\"fi\"}]}<\/script>\n<!-- \/ Yoast SEO plugin. -->","yoast_head_json":{"title":"Palvelujen modernisointi - Samlink","description":"Pankkialan tulevaisuutta luomassa. Asteittainen l\u00e4hestymistapa antaa asiakkaille mahdollisuuden keskitty\u00e4 niihin IT-j\u00e4rjestelmiin, jotka tuottavat eniten arvoa liiketoiminnalle.","robots":{"index":"index","follow":"follow","max-snippet":"max-snippet:-1","max-image-preview":"max-image-preview:large","max-video-preview":"max-video-preview:-1"},"canonical":"https:\/\/samlink.fi\/fi\/ratkaisumme\/palvelujen-modernisointi\/","og_locale":"fi_FI","og_type":"article","og_title":"Palvelujen modernisointi - Samlink","og_description":"Pankkialan tulevaisuutta luomassa. Asteittainen l\u00e4hestymistapa antaa asiakkaille mahdollisuuden keskitty\u00e4 niihin IT-j\u00e4rjestelmiin, jotka tuottavat eniten arvoa liiketoiminnalle.","og_url":"https:\/\/samlink.fi\/fi\/ratkaisumme\/palvelujen-modernisointi\/","og_site_name":"Samlink","article_modified_time":"2026-03-11T13:26:06+00:00","og_image":[{"width":1826,"height":1582,"url":"https:\/\/samlink.fi\/app\/uploads\/2023\/05\/samlink-webres-9-e1684845139892.jpg","type":"image\/jpeg"}],"twitter_card":"summary_large_image","twitter_misc":{"Est. reading time":"2 minutes"},"schema":{"@context":"https:\/\/schema.org","@graph":[{"@type":"WebPage","@id":"https:\/\/samlink.fi\/fi\/ratkaisumme\/palvelujen-modernisointi\/","url":"https:\/\/samlink.fi\/fi\/ratkaisumme\/palvelujen-modernisointi\/","name":"Palvelujen modernisointi - Samlink","isPartOf":{"@id":"https:\/\/samlink.fi\/fi\/#website"},"datePublished":"2023-05-11T03:03:36+00:00","dateModified":"2026-03-11T13:26:06+00:00","description":"Pankkialan tulevaisuutta luomassa. Asteittainen l\u00e4hestymistapa antaa asiakkaille mahdollisuuden keskitty\u00e4 niihin IT-j\u00e4rjestelmiin, jotka tuottavat eniten arvoa liiketoiminnalle.","breadcrumb":{"@id":"https:\/\/samlink.fi\/fi\/ratkaisumme\/palvelujen-modernisointi\/#breadcrumb"},"inLanguage":"fi","potentialAction":[{"@type":"ReadAction","target":["https:\/\/samlink.fi\/fi\/ratkaisumme\/palvelujen-modernisointi\/"]}]},{"@type":"BreadcrumbList","@id":"https:\/\/samlink.fi\/fi\/ratkaisumme\/palvelujen-modernisointi\/#breadcrumb","itemListElement":[{"@type":"ListItem","position":1,"name":"Home","item":"https:\/\/samlink.fi\/fi\/"},{"@type":"ListItem","position":2,"name":"Ratkaisumme","item":"https:\/\/samlink.fi\/fi\/ratkaisumme\/"},{"@type":"ListItem","position":3,"name":"Palvelujen modernisointi"}]},{"@type":"WebSite","@id":"https:\/\/samlink.fi\/fi\/#website","url":"https:\/\/samlink.fi\/fi\/","name":"Samlink","description":"Empowering financial success through innovative IT solutions","potentialAction":[{"@type":"SearchAction","target":{"@type":"EntryPoint","urlTemplate":"https:\/\/samlink.fi\/fi\/?s={search_term_string}"},"query-input":{"@type":"PropertyValueSpecification","valueRequired":true,"valueName":"search_term_string"}}],"inLanguage":"fi"}]}},"_links":{"self":[{"href":"https:\/\/samlink.fi\/fi\/wp-json\/wp\/v2\/pages\/1472","targetHints":{"allow":["GET"]}}],"collection":[{"href":"https:\/\/samlink.fi\/fi\/wp-json\/wp\/v2\/pages"}],"about":[{"href":"https:\/\/samlink.fi\/fi\/wp-json\/wp\/v2\/types\/page"}],"author":[{"embeddable":true,"href":"https:\/\/samlink.fi\/fi\/wp-json\/wp\/v2\/users\/11"}],"replies":[{"embeddable":true,"href":"https:\/\/samlink.fi\/fi\/wp-json\/wp\/v2\/comments?post=1472"}],"version-history":[{"count":29,"href":"https:\/\/samlink.fi\/fi\/wp-json\/wp\/v2\/pages\/1472\/revisions"}],"predecessor-version":[{"id":9019,"href":"https:\/\/samlink.fi\/fi\/wp-json\/wp\/v2\/pages\/1472\/revisions\/9019"}],"up":[{"embeddable":true,"href":"https:\/\/samlink.fi\/fi\/wp-json\/wp\/v2\/pages\/1086"}],"wp:attachment":[{"href":"https:\/\/samlink.fi\/fi\/wp-json\/wp\/v2\/media?parent=1472"}],"curies":[{"name":"wp","href":"https:\/\/api.w.org\/{rel}","templated":true}]}}