{"id":1462,"date":"2023-05-04T11:33:17","date_gmt":"2023-05-04T08:33:17","guid":{"rendered":"https:\/\/samlink.fi\/ratkaisumme\/finanssiratkaisut-palveluna\/"},"modified":"2025-12-19T13:43:47","modified_gmt":"2025-12-19T10:43:47","slug":"finanssitoimialan-ratkaisut","status":"publish","type":"page","link":"https:\/\/samlink.fi\/fi\/ratkaisumme\/finanssitoimialan-ratkaisut\/","title":{"rendered":"Pankkikumppani"},"content":{"rendered":"<section class=\"wp-block-image-and-text \">\n  <div class=\"white full-width image-large\">\n    <div class=\"wrap\">\n      <div class=\"flex image-right\">\n                          <div class=\"flex-item has-image eight\">\n            <div class=\"image cover\">\n                <img decoding=\"async\"\n                  src=\"https:\/\/samlink.fi\/app\/uploads\/2025\/12\/Banking_Partner_of_Choice_Modernize_Without_Disruption_2133x1200px-300x169.jpg\" srcset=\"https:\/\/samlink.fi\/app\/uploads\/2025\/12\/Banking_Partner_of_Choice_Modernize_Without_Disruption_2133x1200px-300x169.jpg 300w, https:\/\/samlink.fi\/app\/uploads\/2025\/12\/Banking_Partner_of_Choice_Modernize_Without_Disruption_2133x1200px-1024x576.jpg 1024w, https:\/\/samlink.fi\/app\/uploads\/2025\/12\/Banking_Partner_of_Choice_Modernize_Without_Disruption_2133x1200px-768x432.jpg 768w, https:\/\/samlink.fi\/app\/uploads\/2025\/12\/Banking_Partner_of_Choice_Modernize_Without_Disruption_2133x1200px-1536x864.jpg 1536w, https:\/\/samlink.fi\/app\/uploads\/2025\/12\/Banking_Partner_of_Choice_Modernize_Without_Disruption_2133x1200px-2048x1152.jpg 2048w\" sizes=\"(max-width: 1280px) 100vw, 1280px\" \n                  alt=\"\"\n                  class=\"aspect-ratio-1\" \/>\n            <\/div>\n          <\/div> \n                        <div class=\"flex-item has-text four\">\n          <div>\n                                                                            <h2>Modernisoi ilman h\u00e4iri\u00f6it\u00e4<\/h2>\n<p>Autamme pankkeja uudistumaan turvallisesti, vaiheittain \u2013 ilman k\u00e4ytt\u00f6katkoja tai s\u00e4\u00e4ntelyriskej\u00e4. Yli 30 vuoden kokemus pohjoismaisesta pankkitoiminnasta ja Kyndrylin globaali infrastruktuuriosaaminen takaavat, ett\u00e4 voit modernisoida luottavaisin mielin.<\/p>\n<h2>Miksi pankit valitsevat meid\u00e4t?<\/h2>\n<ul>\n<li><strong>Modernisointi ilman k\u00e4ytt\u00f6katkoa<\/strong>: Uudet alustat integroidaan niin, ett\u00e4 kriittiset j\u00e4rjestelm\u00e4t pysyv\u00e4t toiminnassa.<\/li>\n<li><strong>S\u00e4\u00e4ntely sis\u00e4\u00e4nrakennettuna<\/strong>: PSD3, DORA ja paikalliset vaatimukset huomioidaan jokaisessa ratkaisussa.<\/li>\n<li><strong>Todistetut tulokset<\/strong>: Yli 100 onnistunutta pankkimuutosta, core-j\u00e4rjestelmist\u00e4 digitaalisiin kanaviin ja avoimeen pankkitoimintaan.<\/li>\n<\/ul>\n\n              \n                                  <\/div> \n        <\/div>\n      <\/div>\n    <\/div>\n  <\/div>\n<\/section>\n\n\n<section class=\"wp-block-colored-section\">\n  <div class=\"wrap\">\n    <div class=\"title theme-dark-stone\">\n              Mit\u00e4 hy\u00f6dyt?\n          <\/div>\n  <\/div>\n\n  <div class=\"colored theme-dark-stone\">\n\n    \n    <div class=\"wrap\">\n            \n      <div \n        class=\"bottom \n        hasheader \n         \n        notop\">\n\n                  <div class=\"flex space-between headertextlink flex-item twelve\">\n                                          <div class=\"flex-item four\">\n                                      <h2 class=\"underline\">\n                      Riskien v\u00e4hent\u00e4minen\n                    <\/h2>\n                                                        <p>Vaiheittainen modernisointi minimoi operatiiviset, tietoturva- ja s\u00e4\u00e4ntelyriskit.<\/p>\n                                    \n                                  <\/div>\n                              <div class=\"flex-item four\">\n                                      <h2 class=\"underline\">\n                      Alemmat siirtymis&shy;kustannukset\n                    <\/h2>\n                                                        <p>Optimoi nykyiset j\u00e4rjestelm\u00e4t ennen niiden korvaamista ja s\u00e4\u00e4st\u00e4 kustannuksissa.<\/p>\n                                    \n                                  <\/div>\n                              <div class=\"flex-item four\">\n                                      <h2 class=\"underline\">\n                      Skaalautuvuus\n                    <\/h2>\n                                                        <p>Pilvivalmiit arkkitehtuurit ja teko\u00e4lypalvelut tukevat kasvua ja uusia liiketoimintamalleja. <\/p>\n                                    \n                                  <\/div>\n                                                  <\/div>\n              <\/div>\n    <\/div>  \n  <\/div>\n<\/section>\n\n\n<section class=\"wp-block-image-and-text \">\n  <div class=\"white full-width image-large\">\n    <div class=\"wrap\">\n      <div class=\"flex image-left\">\n                          <div class=\"flex-item has-image eight\">\n            <div class=\"image contain\">\n                <img decoding=\"async\"\n                  src=\"https:\/\/samlink.fi\/app\/uploads\/2025\/12\/Samlink_Sara-300x169.jpg\" srcset=\"https:\/\/samlink.fi\/app\/uploads\/2025\/12\/Samlink_Sara-300x169.jpg 300w, https:\/\/samlink.fi\/app\/uploads\/2025\/12\/Samlink_Sara-1024x576.jpg 1024w, https:\/\/samlink.fi\/app\/uploads\/2025\/12\/Samlink_Sara-768x432.jpg 768w, https:\/\/samlink.fi\/app\/uploads\/2025\/12\/Samlink_Sara-1536x864.jpg 1536w, https:\/\/samlink.fi\/app\/uploads\/2025\/12\/Samlink_Sara-2048x1152.jpg 2048w\" sizes=\"(max-width: 1280px) 100vw, 1280px\" \n                  alt=\"\"\n                  class=\"aspect-ratio-1\" \/>\n            <\/div>\n          <\/div> \n                        <div class=\"flex-item has-text four\">\n          <div>\n                          <span class=\"underline\">Our People<\/span>\n                                                                            <h2>Miksi pankit luottavat Samlinkiin?<\/h2>\n<p>\u201cSamlink ei tarjoa pelkk\u00e4\u00e4 infrastruktuuria, me tarjoamme luottamusta. Missiomme on auttaa pankkeja modernisoimaan turvallisesti ja tehokkaasti s\u00e4ilytt\u00e4en vaatimustenmukaisuus ja jatkuvuus. Yhdess\u00e4 Kyndrylin kanssa luomme ratkaisuja, jotka auttavat finanssialaa menestym\u00e4\u00e4n nopeasti muuttuvassa maailmassa.\u201d<\/p>\n<p><strong>Sara Ramakers<\/strong><br \/>\ntoimitusjohtaja, Samlink<\/p>\n\n              \n                                  <\/div> \n        <\/div>\n      <\/div>\n    <\/div>\n  <\/div>\n<\/section>\n\n\n<section class=\"wp-block-colored-section\">\n  <div class=\"wrap\">\n    <div class=\"title theme-cloud\">\n              Toimitamme\n          <\/div>\n  <\/div>\n\n  <div class=\"colored theme-cloud\">\n\n    \n    <div class=\"wrap\">\n            \n      <div \n        class=\"bottom \n        hasheader \n         \n        notop\">\n\n                  <div class=\"flex headertextlink numberTitleTextLink flex-item twelve space-between\">\n                                          <div class=\"flex-item three\">\n                                      <span class=\"theme-cloud\">\n                      01\n                    <\/span>\n                                                        <h2>\n                      Peruspankki&shy;palvelut\n                    <\/h2>\n                                                        <p>Tilit, maksut, lainat ja (n\u00e4ihin liittyv\u00e4t) taustapalvelut.<\/p>\n                                    \n                                  <\/div>\n                              <div class=\"flex-item three\">\n                                      <span class=\"theme-cloud\">\n                      02\n                    <\/span>\n                                                        <h2>\n                      Digitaaliset kanavat\n                    <\/h2>\n                                                        <p>Mobiilisovellukset, portaalit ja verkkopankki.<\/p>\n                                    \n                                  <\/div>\n                              <div class=\"flex-item three\">\n                                      <span class=\"theme-cloud\">\n                      03\n                    <\/span>\n                                                        <h2>\n                      Avoimen pankkitoi&shy;minnan rajapinnat\n                    <\/h2>\n                                                        <p>Kehitykseen ja turvallisiin ekosysteemeihin.<\/p>\n                                    \n                                  <\/div>\n                              <div class=\"flex-item three\">\n                                      <span class=\"theme-cloud\">\n                      04\n                    <\/span>\n                                                        <h2>\n                      Tietoturva ja s\u00e4\u00e4ntelyn&shy;mukaisuus\n                    <\/h2>\n                                                        <p>Kyberturva, petosten torjunta, digitaalinen identiteetti ja raportointi.<\/p>\n                                    \n                                  <\/div>\n                              <div class=\"flex-item three\">\n                                      <span class=\"theme-cloud\">\n                      05\n                    <\/span>\n                                                        <h2>\n                      Teko\u00e4ly&shy;palvelut\n                    <\/h2>\n                                                        <p>Hallinnoidut AI-alustat \u00e4lykk\u00e4\u00e4mp\u00e4\u00e4n ja nopeampaan toimintaan.<\/p>\n                                    \n                                  <\/div>\n                              <div class=\"flex-item three\">\n                                      <span class=\"theme-cloud\">\n                      06\n                    <\/span>\n                                                        <h2>\n                      Prosessi&shy;automaatio\n                    <\/h2>\n                                                        <p>Palvelupiste, taustapalvelut ja ty\u00f6n automaatio. <\/p>\n                                    \n                                  <\/div>\n                              <div class=\"flex-item three\">\n                                      <span class=\"theme-cloud\">\n                      07\n                    <\/span>\n                                                        <h2>\n                      Hosting ja infrastruktuuri\n                    <\/h2>\n                                                        <p>Korkean k\u00e4ytett\u00e4vyyden turvallinen ja s\u00e4\u00e4ntelynmukainen infrastruktuuri Kyndrylin tuella.<\/p>\n                                    \n                                  <\/div>\n                                                                                                                <div class=\"flex-item three\"><\/div>\n                                                                      <\/div>\n              <\/div>\n    <\/div>  \n  <\/div>\n<\/section>\n\n\n<section class=\"wp-block-image-and-text \">\n  <div class=\"white full-width image-large\">\n    <div class=\"wrap\">\n      <div class=\"flex image-right\">\n                          <div class=\"flex-item has-image eight\">\n            <div class=\"image contain\">\n                <img decoding=\"async\"\n                  src=\"https:\/\/samlink.fi\/app\/uploads\/2025\/12\/Banking_Partner_of_Choice_Pekka_Saastopankki_2133x1200px-300x169.jpg\" srcset=\"https:\/\/samlink.fi\/app\/uploads\/2025\/12\/Banking_Partner_of_Choice_Pekka_Saastopankki_2133x1200px-300x169.jpg 300w, https:\/\/samlink.fi\/app\/uploads\/2025\/12\/Banking_Partner_of_Choice_Pekka_Saastopankki_2133x1200px-1024x576.jpg 1024w, https:\/\/samlink.fi\/app\/uploads\/2025\/12\/Banking_Partner_of_Choice_Pekka_Saastopankki_2133x1200px-768x432.jpg 768w, https:\/\/samlink.fi\/app\/uploads\/2025\/12\/Banking_Partner_of_Choice_Pekka_Saastopankki_2133x1200px-1536x864.jpg 1536w, https:\/\/samlink.fi\/app\/uploads\/2025\/12\/Banking_Partner_of_Choice_Pekka_Saastopankki_2133x1200px-2048x1152.jpg 2048w\" sizes=\"(max-width: 1280px) 100vw, 1280px\" \n                  alt=\"\"\n                  class=\"aspect-ratio-1\" \/>\n            <\/div>\n          <\/div> \n                        <div class=\"flex-item has-text four\">\n          <div>\n                          <span class=\"underline\">Asiakastarinat<\/span>\n                                                                            <h2>K\u00e4yt\u00e4nn\u00f6n todiste<\/h2>\n<p>S\u00e4\u00e4st\u00f6pankkiryhm\u00e4 luottaa Samlinkiin ja Kyndryliin digitaalisen muutoksen toteuttamisessa ilman palvelukatkoja.<\/p>\n<p>\u201cMeill\u00e4 on vahva usko siihen, ett\u00e4 Samlink yhdess\u00e4 Kyndrylin kanssa auttaa meit\u00e4 digitalisaatiossa s\u00e4ilytt\u00e4en nykyisten palveluiden toiminnan ja liiketoiminnan turvallisuuden.\u201d<\/p>\n<p><strong>Pekka Suomalainen<\/strong><br \/>\nCIO, Suomen S\u00e4\u00e4st\u00f6pankkiryhm\u00e4<\/p>\n\n              \n                                  <\/div> \n        <\/div>\n      <\/div>\n    <\/div>\n  <\/div>\n<\/section>\n\n\n<section class=\"wp-block-image-and-text \">\n  <div class=\"theme-deep-forest wrap large \">\n    <div class=\"wrap\">\n      <div class=\"flex image-right\">\n                          <div class=\"flex-item has-image six\">\n            <div class=\"image cover\">\n                <img decoding=\"async\"\n                  src=\"https:\/\/samlink.fi\/app\/uploads\/2025\/05\/Samlink_Living_Trellis_Green-269x300.png\" srcset=\"https:\/\/samlink.fi\/app\/uploads\/2025\/05\/Samlink_Living_Trellis_Green-269x300.png 269w, https:\/\/samlink.fi\/app\/uploads\/2025\/05\/Samlink_Living_Trellis_Green.png 667w\" sizes=\"(max-width: 1280px) 100vw, 1280px\" \n                  alt=\"\"\n                  class=\"aspect-ratio-1\" \/>\n            <\/div>\n          <\/div> \n                        <div class=\"flex-item has-text six\">\n          <div>\n                                      <span class=\"small-title underline\">Arvioidaan yhdess\u00e4 modernisointi- ja s\u00e4\u00e4ntelyvalmiutesi. <\/span>\n                                      <p>Varaa luottamuksellinen keskustelu Samlinkin asiantuntijoiden kanssa ja l\u00f6yd\u00e4 turvalliset modernisointipolut, PSD3\/DORA-valmius ja riskienhallintastrategiat pankkisi profiilin mukaan.<\/p>\n<p>T\u00e4yt\u00e4 alla oleva lomake, niin asiantuntijamme ovat sinuun yhteydess\u00e4.<\/p>\n\n              \n                                  <\/div> \n        <\/div>\n      <\/div>\n    <\/div>\n  <\/div>\n<\/section>\n\n\n<section section class=\"wp-block-contact-form\">\n\n<div class=\"contact has-form\">\n  <div class=\"wrap large white\">\n    <div class=\"wrap small\">\n            \n<div class=\"wpcf7 no-js\" id=\"wpcf7-f892-o1\" lang=\"en-US\" dir=\"ltr\" data-wpcf7-id=\"892\">\n<div class=\"screen-reader-response\"><p role=\"status\" aria-live=\"polite\" aria-atomic=\"true\"><\/p> <ul><\/ul><\/div>\n<form action=\"\/fi\/wp-json\/wp\/v2\/pages\/1462#wpcf7-f892-o1\" method=\"post\" class=\"wpcf7-form init\" aria-label=\"Contact form\" novalidate=\"novalidate\" data-status=\"init\">\n<fieldset class=\"hidden-fields-container\"><input type=\"hidden\" name=\"_wpcf7\" value=\"892\" \/><input type=\"hidden\" name=\"_wpcf7_version\" value=\"6.1.5\" \/><input type=\"hidden\" name=\"_wpcf7_locale\" value=\"en_US\" \/><input type=\"hidden\" name=\"_wpcf7_unit_tag\" value=\"wpcf7-f892-o1\" \/><input type=\"hidden\" name=\"_wpcf7_container_post\" value=\"0\" \/><input type=\"hidden\" name=\"_wpcf7_posted_data_hash\" value=\"\" \/>\n<\/fieldset>\n<div class=\"flex-item twelve\"\n<label required>\n\t<p>Aihe<br \/>\n<span class=\"wpcf7-form-control-wrap\" data-name=\"subject\"><select class=\"wpcf7-form-control wpcf7-select wpcf7-validates-as-required\" aria-required=\"true\" aria-invalid=\"false\" name=\"subject\"><option value=\"Myynti\">Myynti<\/option><option value=\"Viestint\u00e4\">Viestint\u00e4<\/option><option value=\"Konsultointipalvelut\">Konsultointipalvelut<\/option><option value=\"AI Services\">AI Services<\/option><option value=\"PSD3\">PSD3<\/option><option value=\"Sovelluskehitys\">Sovelluskehitys<\/option><\/select><\/span>\n\t<\/p>\n<\/div>\n<div class=\"flex flex-item twelve space-between\">\n\t<div class=\"flex-item six\">\n\t\t<p><label required> Nimi <\/label><br \/>\n<span class=\"wpcf7-form-control-wrap\" data-name=\"your-name\"><input size=\"40\" maxlength=\"400\" class=\"wpcf7-form-control wpcf7-text wpcf7-validates-as-required\" autocomplete=\"name\" aria-required=\"true\" aria-invalid=\"false\" value=\"\" type=\"text\" name=\"your-name\" \/><\/span>\n\t\t<\/p>\n\t<\/div>\n\t<div class=\"flex-item six\">\n\t\t<p><label required> S\u00e4hk\u00f6posti <\/label><br \/>\n<span class=\"wpcf7-form-control-wrap\" data-name=\"your-email\"><input size=\"40\" maxlength=\"400\" class=\"wpcf7-form-control wpcf7-text wpcf7-validates-as-required\" autocomplete=\"email\" aria-required=\"true\" aria-invalid=\"false\" value=\"\" type=\"text\" name=\"your-email\" \/><\/span>\n\t\t<\/p>\n\t<\/div>\n<\/div>\n<div class=\"flex-item twelve\">\n\t<p><label> Yritys <\/label><br \/>\n<span class=\"wpcf7-form-control-wrap\" data-name=\"company\"><input size=\"40\" maxlength=\"400\" class=\"wpcf7-form-control wpcf7-text\" aria-invalid=\"false\" value=\"\" type=\"text\" name=\"company\" \/><\/span>\n\t<\/p>\n<\/div>\n<div class=\"flex-item twelve\">\n\t<p><label required> Viesti <\/label><br \/>\n<span class=\"wpcf7-form-control-wrap\" data-name=\"message\"><textarea cols=\"40\" rows=\"10\" maxlength=\"2000\" class=\"wpcf7-form-control wpcf7-textarea wpcf7-validates-as-required\" aria-required=\"true\" aria-invalid=\"false\" name=\"message\"><\/textarea><\/span>\n\t<\/p>\n<\/div>\n<div class=\"acceptance\">\n\t<p><span class=\"wpcf7-form-control-wrap\" data-name=\"acceptance-598\"><span class=\"wpcf7-form-control wpcf7-acceptance\"><span class=\"wpcf7-list-item\"><label><input type=\"checkbox\" name=\"acceptance-598\" value=\"1\" aria-invalid=\"false\" \/><span class=\"wpcf7-list-item-label\">Hyv\u00e4ksyn, ett\u00e4 Samlink tallentaa ja k\u00e4ytt\u00e4\u00e4 tietojani viestinn\u00e4ss\u00e4 ja markkinoinnissa. Jos haluan my\u00f6hemmin poistaa omat tietoni, otan yhteytt\u00e4 <a href=\"mailto:communications@samlink.fi\">communications@samlink.fi<\/a>.<\/span><\/label><\/span><\/span><\/span>\n\t<\/p>\n<\/div>\n<p><span class=\"wpcf7-form-control-wrap\" data-name=\"hcap-cf7\">\t\t<input\n\t\t\t\ttype=\"hidden\"\n\t\t\t\tclass=\"hcaptcha-widget-id\"\n\t\t\t\tname=\"hcaptcha-widget-id\"\n\t\t\t\tvalue=\"eyJzb3VyY2UiOlsiY29udGFjdC1mb3JtLTdcL3dwLWNvbnRhY3QtZm9ybS03LnBocCJdLCJmb3JtX2lkIjowfQ==-b8768694ac30a2484df2da095aa2465f\">\n\t\t\t\t<span id=\"hcap_cf7-69d8d01bcef643.50967426\" class=\"wpcf7-form-control h-captcha \"\n\t\t\tdata-sitekey=\"ba39dede-d970-4133-871d-a4d4bb42a726\"\n\t\t\tdata-theme=\"light\"\n\t\t\tdata-size=\"compact\"\n\t\t\tdata-auto=\"false\"\n\t\t\tdata-ajax=\"false\"\n\t\t\tdata-force=\"false\">\n\t\t<\/span>\n\t\t<input type=\"hidden\" id=\"_wpnonce\" name=\"_wpnonce\" value=\"f96881ea99\" \/><input type=\"hidden\" name=\"_wp_http_referer\" value=\"\/fi\/wp-json\/wp\/v2\/pages\/1462\" \/><\/span><input class=\"wpcf7-form-control wpcf7-submit has-spinner\" type=\"submit\" value=\"L\u00e4het\u00e4\" \/>\n<\/p><div class=\"wpcf7-response-output\" aria-hidden=\"true\"><\/div>\n<\/form>\n<\/div>\n\n    <\/div>\n  <\/div>\n<\/div>\n  <\/section>\n","protected":false},"excerpt":{"rendered":"","protected":false},"author":17,"featured_media":0,"parent":1086,"menu_order":0,"comment_status":"closed","ping_status":"closed","template":"template-full-width-hero.blade.php","meta":{"_acf_changed":false,"footnotes":""},"class_list":["post-1462","page","type-page","status-publish","hentry"],"acf":[],"yoast_head":"<!-- This site is optimized with the Yoast SEO plugin v27.3 - https:\/\/yoast.com\/product\/yoast-seo-wordpress\/ -->\n<title>Pankkikumppani - Samlink<\/title>\n<meta name=\"description\" content=\"Olemme sitoutuneet tarjoamaan huippuluokan pankkiratkaisuja, jotka auttavat kasvattamaan liiketoimintaasi ja pysym\u00e4\u00e4n kilpailijoitasi edell\u00e4\" \/>\n<meta name=\"robots\" content=\"index, follow, max-snippet:-1, max-image-preview:large, max-video-preview:-1\" \/>\n<link rel=\"canonical\" href=\"https:\/\/samlink.fi\/fi\/ratkaisumme\/finanssitoimialan-ratkaisut\/\" \/>\n<meta property=\"og:locale\" content=\"fi_FI\" \/>\n<meta property=\"og:type\" content=\"article\" \/>\n<meta property=\"og:title\" content=\"Pankkikumppani - Samlink\" \/>\n<meta property=\"og:description\" content=\"Olemme sitoutuneet tarjoamaan huippuluokan pankkiratkaisuja, jotka auttavat kasvattamaan liiketoimintaasi ja pysym\u00e4\u00e4n kilpailijoitasi edell\u00e4\" \/>\n<meta property=\"og:url\" content=\"https:\/\/samlink.fi\/fi\/ratkaisumme\/finanssitoimialan-ratkaisut\/\" \/>\n<meta property=\"og:site_name\" content=\"Samlink\" \/>\n<meta property=\"article:modified_time\" content=\"2025-12-19T10:43:47+00:00\" \/>\n<meta property=\"og:image\" content=\"https:\/\/samlink.fi\/app\/uploads\/2023\/05\/samlink-webres-9-e1684845139892.jpg\" \/>\n\t<meta property=\"og:image:width\" content=\"1826\" \/>\n\t<meta property=\"og:image:height\" content=\"1582\" \/>\n\t<meta property=\"og:image:type\" content=\"image\/jpeg\" \/>\n<meta name=\"twitter:card\" content=\"summary_large_image\" \/>\n<meta name=\"twitter:label1\" content=\"Est. reading time\" \/>\n\t<meta name=\"twitter:data1\" content=\"3 minutes\" \/>\n<script type=\"application\/ld+json\" class=\"yoast-schema-graph\">{\"@context\":\"https:\\\/\\\/schema.org\",\"@graph\":[{\"@type\":\"WebPage\",\"@id\":\"https:\\\/\\\/samlink.fi\\\/fi\\\/ratkaisumme\\\/finanssitoimialan-ratkaisut\\\/\",\"url\":\"https:\\\/\\\/samlink.fi\\\/fi\\\/ratkaisumme\\\/finanssitoimialan-ratkaisut\\\/\",\"name\":\"Pankkikumppani - Samlink\",\"isPartOf\":{\"@id\":\"https:\\\/\\\/samlink.fi\\\/fi\\\/#website\"},\"datePublished\":\"2023-05-04T08:33:17+00:00\",\"dateModified\":\"2025-12-19T10:43:47+00:00\",\"description\":\"Olemme sitoutuneet tarjoamaan huippuluokan pankkiratkaisuja, jotka auttavat kasvattamaan liiketoimintaasi ja pysym\u00e4\u00e4n kilpailijoitasi edell\u00e4\",\"breadcrumb\":{\"@id\":\"https:\\\/\\\/samlink.fi\\\/fi\\\/ratkaisumme\\\/finanssitoimialan-ratkaisut\\\/#breadcrumb\"},\"inLanguage\":\"fi\",\"potentialAction\":[{\"@type\":\"ReadAction\",\"target\":[\"https:\\\/\\\/samlink.fi\\\/fi\\\/ratkaisumme\\\/finanssitoimialan-ratkaisut\\\/\"]}]},{\"@type\":\"BreadcrumbList\",\"@id\":\"https:\\\/\\\/samlink.fi\\\/fi\\\/ratkaisumme\\\/finanssitoimialan-ratkaisut\\\/#breadcrumb\",\"itemListElement\":[{\"@type\":\"ListItem\",\"position\":1,\"name\":\"Home\",\"item\":\"https:\\\/\\\/samlink.fi\\\/fi\\\/\"},{\"@type\":\"ListItem\",\"position\":2,\"name\":\"Ratkaisumme\",\"item\":\"https:\\\/\\\/samlink.fi\\\/fi\\\/ratkaisumme\\\/\"},{\"@type\":\"ListItem\",\"position\":3,\"name\":\"Pankkikumppani\"}]},{\"@type\":\"WebSite\",\"@id\":\"https:\\\/\\\/samlink.fi\\\/fi\\\/#website\",\"url\":\"https:\\\/\\\/samlink.fi\\\/fi\\\/\",\"name\":\"Samlink\",\"description\":\"Empowering financial success through innovative IT solutions\",\"potentialAction\":[{\"@type\":\"SearchAction\",\"target\":{\"@type\":\"EntryPoint\",\"urlTemplate\":\"https:\\\/\\\/samlink.fi\\\/fi\\\/?s={search_term_string}\"},\"query-input\":{\"@type\":\"PropertyValueSpecification\",\"valueRequired\":true,\"valueName\":\"search_term_string\"}}],\"inLanguage\":\"fi\"}]}<\/script>\n<!-- \/ Yoast SEO plugin. -->","yoast_head_json":{"title":"Pankkikumppani - Samlink","description":"Olemme sitoutuneet tarjoamaan huippuluokan pankkiratkaisuja, jotka auttavat kasvattamaan liiketoimintaasi ja pysym\u00e4\u00e4n kilpailijoitasi edell\u00e4","robots":{"index":"index","follow":"follow","max-snippet":"max-snippet:-1","max-image-preview":"max-image-preview:large","max-video-preview":"max-video-preview:-1"},"canonical":"https:\/\/samlink.fi\/fi\/ratkaisumme\/finanssitoimialan-ratkaisut\/","og_locale":"fi_FI","og_type":"article","og_title":"Pankkikumppani - Samlink","og_description":"Olemme sitoutuneet tarjoamaan huippuluokan pankkiratkaisuja, jotka auttavat kasvattamaan liiketoimintaasi ja pysym\u00e4\u00e4n kilpailijoitasi edell\u00e4","og_url":"https:\/\/samlink.fi\/fi\/ratkaisumme\/finanssitoimialan-ratkaisut\/","og_site_name":"Samlink","article_modified_time":"2025-12-19T10:43:47+00:00","og_image":[{"width":1826,"height":1582,"url":"https:\/\/samlink.fi\/app\/uploads\/2023\/05\/samlink-webres-9-e1684845139892.jpg","type":"image\/jpeg"}],"twitter_card":"summary_large_image","twitter_misc":{"Est. reading time":"3 minutes"},"schema":{"@context":"https:\/\/schema.org","@graph":[{"@type":"WebPage","@id":"https:\/\/samlink.fi\/fi\/ratkaisumme\/finanssitoimialan-ratkaisut\/","url":"https:\/\/samlink.fi\/fi\/ratkaisumme\/finanssitoimialan-ratkaisut\/","name":"Pankkikumppani - Samlink","isPartOf":{"@id":"https:\/\/samlink.fi\/fi\/#website"},"datePublished":"2023-05-04T08:33:17+00:00","dateModified":"2025-12-19T10:43:47+00:00","description":"Olemme sitoutuneet tarjoamaan huippuluokan pankkiratkaisuja, jotka auttavat kasvattamaan liiketoimintaasi ja pysym\u00e4\u00e4n kilpailijoitasi edell\u00e4","breadcrumb":{"@id":"https:\/\/samlink.fi\/fi\/ratkaisumme\/finanssitoimialan-ratkaisut\/#breadcrumb"},"inLanguage":"fi","potentialAction":[{"@type":"ReadAction","target":["https:\/\/samlink.fi\/fi\/ratkaisumme\/finanssitoimialan-ratkaisut\/"]}]},{"@type":"BreadcrumbList","@id":"https:\/\/samlink.fi\/fi\/ratkaisumme\/finanssitoimialan-ratkaisut\/#breadcrumb","itemListElement":[{"@type":"ListItem","position":1,"name":"Home","item":"https:\/\/samlink.fi\/fi\/"},{"@type":"ListItem","position":2,"name":"Ratkaisumme","item":"https:\/\/samlink.fi\/fi\/ratkaisumme\/"},{"@type":"ListItem","position":3,"name":"Pankkikumppani"}]},{"@type":"WebSite","@id":"https:\/\/samlink.fi\/fi\/#website","url":"https:\/\/samlink.fi\/fi\/","name":"Samlink","description":"Empowering financial success through innovative IT solutions","potentialAction":[{"@type":"SearchAction","target":{"@type":"EntryPoint","urlTemplate":"https:\/\/samlink.fi\/fi\/?s={search_term_string}"},"query-input":{"@type":"PropertyValueSpecification","valueRequired":true,"valueName":"search_term_string"}}],"inLanguage":"fi"}]}},"_links":{"self":[{"href":"https:\/\/samlink.fi\/fi\/wp-json\/wp\/v2\/pages\/1462","targetHints":{"allow":["GET"]}}],"collection":[{"href":"https:\/\/samlink.fi\/fi\/wp-json\/wp\/v2\/pages"}],"about":[{"href":"https:\/\/samlink.fi\/fi\/wp-json\/wp\/v2\/types\/page"}],"author":[{"embeddable":true,"href":"https:\/\/samlink.fi\/fi\/wp-json\/wp\/v2\/users\/17"}],"replies":[{"embeddable":true,"href":"https:\/\/samlink.fi\/fi\/wp-json\/wp\/v2\/comments?post=1462"}],"version-history":[{"count":28,"href":"https:\/\/samlink.fi\/fi\/wp-json\/wp\/v2\/pages\/1462\/revisions"}],"predecessor-version":[{"id":8615,"href":"https:\/\/samlink.fi\/fi\/wp-json\/wp\/v2\/pages\/1462\/revisions\/8615"}],"up":[{"embeddable":true,"href":"https:\/\/samlink.fi\/fi\/wp-json\/wp\/v2\/pages\/1086"}],"wp:attachment":[{"href":"https:\/\/samlink.fi\/fi\/wp-json\/wp\/v2\/media?parent=1462"}],"curies":[{"name":"wp","href":"https:\/\/api.w.org\/{rel}","templated":true}]}}