{"id":1455,"date":"2023-05-11T06:01:56","date_gmt":"2023-05-11T03:01:56","guid":{"rendered":"https:\/\/samlink.fi\/samlink\/strategia\/"},"modified":"2025-02-26T14:27:02","modified_gmt":"2025-02-26T11:27:02","slug":"strategia","status":"publish","type":"page","link":"https:\/\/samlink.fi\/fi\/samlink\/strategia\/","title":{"rendered":"Strategia ja arvot"},"content":{"rendered":"<section class=\"wp-block-image-and-text \">\n  <div class=\"white wrap large \">\n    <div class=\"wrap\">\n      <div class=\"flex image-left\">\n                          <div class=\"flex-item has-image six\">\n            <div class=\"image cover\">\n                <img decoding=\"async\"\n                  src=\"https:\/\/samlink.fi\/app\/uploads\/2023\/05\/samlink-webres-11-1-300x200.jpg\" srcset=\"https:\/\/samlink.fi\/app\/uploads\/2023\/05\/samlink-webres-11-1-300x200.jpg 300w, https:\/\/samlink.fi\/app\/uploads\/2023\/05\/samlink-webres-11-1-1024x683.jpg 1024w, https:\/\/samlink.fi\/app\/uploads\/2023\/05\/samlink-webres-11-1-768x512.jpg 768w, https:\/\/samlink.fi\/app\/uploads\/2023\/05\/samlink-webres-11-1-1536x1024.jpg 1536w, https:\/\/samlink.fi\/app\/uploads\/2023\/05\/samlink-webres-11-1-2048x1366.jpg 2048w\" sizes=\"(max-width: 1280px) 100vw, 1280px\" \n                  alt=\"Samlink strategy\"\n                  class=\"aspect-ratio-1\" \/>\n            <\/div>\n          <\/div> \n                        <div class=\"flex-item has-text six\">\n          <div>\n                                      <span class=\"small-title underline\">The Kyndryl Banking IT Powerhouse<\/span>\n                                      <p>Samlink auttaa pohjoismaisia pankkeja menestym\u00e4\u00e4n nopeasti kehittyv\u00e4n pankkiteknologian parissa. Kehit\u00e4mme innovatiivisia ratkaisuja ja hy\u00f6dynn\u00e4mme edistynytt\u00e4 teknologiaa ratkaistaksemme pankkialan liiketoiminnan keskeisi\u00e4 haasteita. Tiivis yhteisty\u00f6 varmistaa, ett\u00e4 ratkaisumme t\u00e4ytt\u00e4v\u00e4t asiakkaidemme erityistarpeet. Yhdess\u00e4 Kyndrylin kanssa yhdist\u00e4mme globaalin asiantuntemuksen ja paikallisen osaamisen. Me Samlinkissa muovaamme pankkialan digitaalista tulevaisuutta.<\/p>\n\n              \n                                  <\/div> \n        <\/div>\n      <\/div>\n    <\/div>\n  <\/div>\n<\/section>\n\n\n<section class=\"align wp-block-paragraph\">\n  <div class=\"wrap large theme-cloud \">\n    <div class=\"wrap small\">\n              <h2>Kehit\u00e4mme pankkialan IT-ratkaisuja yhdess\u00e4 Kyndrylin kanssa<\/h2>\n<p>Pankkisektori kehittyy nopeasti, ja kasvavat asiakasvaatimukset sek\u00e4 teknologian edistysaskeleet muovaavat toimintaymp\u00e4rist\u00f6\u00e4. Samlinkissa hy\u00f6dynn\u00e4mme t\u00e4t\u00e4 muutosta vahvistamalla perustaamme ja investoimalla innovaatioihin, jotta voimme jatkossakin olla luotettava IT-kumppani pohjoismaisille pankeille.<\/p>\n<h3>Asiakasl\u00e4ht\u00f6inen l\u00e4hestymistapa<\/h3>\n<p>Asiakkaamme ovat kaiken toiminnan ytimess\u00e4. Yhdist\u00e4mme syv\u00e4llisen toimialatuntemuksen, huipputeknologian ja tarkasti toteutetut k\u00e4yt\u00e4nn\u00f6t, ja tavoitteenamme on ylitt\u00e4\u00e4 odotukset kaikissa vaiheissa. Olemme sitoutuneet olemaan pankkialan IT-ratkaisuissa valittu kumppani, joka ei pelk\u00e4st\u00e4\u00e4n vastaa t\u00e4m\u00e4n p\u00e4iv\u00e4n haasteisiin, vaan my\u00f6s ennakoi huomisen tarpeet.<\/p>\n<h3>Rakennamme tulevaisuuden pankkiteknologiaratkaisuja<\/h3>\n<p>Keskeinen osa toimintaamme on ydinalustamme modernisointi, joka mahdollistaa skaalautuvat, tehokkaat ja innovatiiviset pankkiteknologiaratkaisut. Hy\u00f6dynn\u00e4mme automaatiota ja seurantaty\u00f6kaluja varmistaaksemme, ett\u00e4 pankkialan IT-palvelumme pysyv\u00e4t ajankohtaisina ja vastaavat liiketoiminnan kehittyvi\u00e4 tarpeita. Yhteisty\u00f6ss\u00e4 ja Advisory Services -palveluidemme kautta luomme yhdess\u00e4 asiakkaidemme kanssa ratkaisuja, jotka tuottavat mitattavaa arvoa.<\/p>\n<h3>Kyndrylin tukema kehitys<\/h3>\n<p>Strateginen kumppanuutemme Kyndrylin kanssa tarjoaa meille p\u00e4\u00e4syn globaalin asiantuntemuksen, parhaiden k\u00e4yt\u00e4nt\u00f6jen ja pankkiteknologian uusimpien innovaatioiden maailmaan. Yhdess\u00e4 muokkaamme tapaa, jolla IT-palvelut tukevat pankkisektoria, varmistaen luotettavuuden, skaalautuvuuden ja poikkeuksellisen asiakaskokemuksen.<\/p>\n<h3>The Kyndryl Banking IT Powerhouse<\/h3>\n<p>Visiomme on selke\u00e4: haluamme olla pohjoismaiden johtava IT-kumppani pankkialalla. Keskittym\u00e4ll\u00e4 asiakaskokemukseen, teknologian johtajuuteen ja huippuosaamiseen varmistamme jatkuvan parantamisen ja kasvun asiakkaillemme ja kumppaneillemme.<\/p>\n\n          <\/div>\n  <\/div>\n<\/section>\n\n\n<section class=\"wp-block-colored-section\">\n  <div class=\"wrap\">\n    <div class=\"title theme-deep-forest\">\n              Arvot\n          <\/div>\n  <\/div>\n\n  <div class=\"colored theme-deep-forest\">\n\n    \n    <div class=\"wrap\">\n              \n          <div class=\"top flex space-between align-center\">  \n            <div class=\"right flex-item five\">\n                                                <h2>Strategian p\u00e4\u00e4kohdat<\/h2>  \n                                                  Kyndryl Way -periaatteen mukaisesti se, miten toimimme asiakkaiden kanssa, liittyy tapaan, jolla organisoimme itsemme. Pyrimme rakentamaan t\u00e4t\u00e4 kulttuuria joka p\u00e4iv\u00e4 olemalla:\n                                          <\/div>\n\n            <div class=\"left flex-item textcontent five flex justify-end\">\n                          <\/div>\n          <\/div>\n\n                      \n      <div \n        class=\"bottom \n        hasheader \n         \n        hastop\">\n\n                  <div class=\"flex space-between iconheadertext\">\n                                          <div class=\"flex-item four\">\n                                      <img decoding=\"async\" src=\"https:\/\/samlink.fi\/app\/uploads\/2023\/05\/Kyndryl-Way-Icon-Flat.svg\" alt=\"Kyndryl Way icon Flat\" style=\"width: 45px; height: 45px\">\n                                                        <h2 class= \"underline\"> Flat <\/h2>\n                                                        <p> Litte\u00e4, jotta mahdollistamme vastuulliset, osallistavat tiimit. <\/p>\n                                  <\/div>\n                              <div class=\"flex-item four\">\n                                      <img decoding=\"async\" src=\"https:\/\/samlink.fi\/app\/uploads\/2023\/05\/Kyndryl-Way-Icon-Fast.svg\" alt=\"Kyndryl Way icon Fast\" style=\"width: 45px; height: 45px\">\n                                                        <h2 class= \"underline\"> Fast <\/h2>\n                                                        <p> Nopea, yksinkertaisuuden vaaliminen kaikkialla. <\/p>\n                                  <\/div>\n                              <div class=\"flex-item four\">\n                                      <img decoding=\"async\" src=\"https:\/\/samlink.fi\/app\/uploads\/2023\/05\/Kyndryl-Way-Icon-Focused.svg\" alt=\"Kyndryl Way logo\" style=\"width: 45px; height: 45px\">\n                                                        <h2 class= \"underline\"> Focused <\/h2>\n                                                        <p> Keskittynyt tarjoamaan poikkeuksellisia palveluja. <\/p>\n                                  <\/div>\n                              <div class=\"flex-item four\">\n                                      <img decoding=\"async\" src=\"https:\/\/samlink.fi\/app\/uploads\/2023\/05\/Kyndryl-Way-Icon-Restless.svg\" alt=\"Kyndryl Way icon Restless\" style=\"width: 45px; height: 45px\">\n                                                        <h2 class= \"underline\"> Restless <\/h2>\n                                                        <p> Pyrkimys jatkuvaan ennakointiin, oppimiseen ja innovointiin. <\/p>\n                                  <\/div>\n                              <div class=\"flex-item four\">\n                                      <img decoding=\"async\" src=\"https:\/\/samlink.fi\/app\/uploads\/2023\/05\/Kyndryl-Way-Icon-Empathetic.svg\" alt=\"Kyndryl Way icon Emphatetic\" style=\"width: 45px; height: 45px\">\n                                                        <h2 class= \"underline\"> Empathetic <\/h2>\n                                                        <p> Empaattinen palvelemaan luottamuksellisesti ja avoimesti. <\/p>\n                                  <\/div>\n                              <div class=\"flex-item four\">\n                                      <img decoding=\"async\" src=\"https:\/\/samlink.fi\/app\/uploads\/2023\/05\/Kyndryl-Way-Icon-Devoted.svg\" alt=\"Kyndryl Way icon Devoted\" style=\"width: 45px; height: 45px\">\n                                                        <h2 class= \"underline\"> Devoted <\/h2>\n                                                        <p> Omistautunut yhteiselle menestykselle. <\/p>\n                                  <\/div>\n                                                  <\/div>\n              <\/div>\n    <\/div>  \n  <\/div>\n<\/section>\n\n\n<section class=\"align wp-block-single-post\">\n    <div class=\"wrap\">\n                <div class=\"flex image-left\">\n                                    <div class=\"flex-item six has-image\">\n                                                    <div class=\"image\">\n                                <img decoding=\"async\"\n                                    src=\"https:\/\/samlink.fi\/app\/uploads\/2025\/02\/UK_Ajankohtaista_012025_Verkkosivut_824x464px.jpg\" srcset=\"https:\/\/samlink.fi\/app\/uploads\/2025\/02\/UK_Ajankohtaista_012025_Verkkosivut_824x464px.jpg 824w, https:\/\/samlink.fi\/app\/uploads\/2025\/02\/UK_Ajankohtaista_012025_Verkkosivut_824x464px-300x169.jpg 300w, https:\/\/samlink.fi\/app\/uploads\/2025\/02\/UK_Ajankohtaista_012025_Verkkosivut_824x464px-768x432.jpg 768w\" sizes=\"(max-width: 1200px) 100vw, 1200px\"                                    alt=\"\"\n                                    class=\"aspect-ratio-1\"\n                                    \/>\n                            <\/div>\n                                                    <\/div>\n                                    <div class=\"flex-item six has-text\">\n                <div>\n                    <span class=\"underline\">Uutiset<\/span>\n                    <h2>\n                                                    Rakennetaan tulevaisuutta yhdess\u00e4: Samlink auttaa pankkeja pysym\u00e4\u00e4n kehityksen k\u00e4rjess\u00e4\u00a0\n                                            <\/h2>\n                    \n                                                                    <p>Rahank\u00e4sittelytapamme muuttuvat nopeasti, ja pankkien on pysytt\u00e4v\u00e4 kehityksen mukana. Samlinkissa emme vain sopeudu n\u00e4ihin muutoksiin \u2013 me johdamme niit\u00e4. P\u00e4ivitetty strategiamme varmistaa, ett\u00e4 luomme innovatiivisia, skaalautuvia ja turvallisia IT-ratkaisuja, jotka auttavat asiakkaitamme menestym\u00e4\u00e4n jatkuvasti kehittyv\u00e4ss\u00e4 markkinassa.\u00a0 Me emme vain mieti seuraavaa suurta kehitysaskelta, autamme sinua saavuttamaan tavoitteesi askel kerrallaan.\u00a0 Strategiamme&hellip;<\/p>\n                                        <a\n                        href=\"https:\/\/samlink.fi\/fi\/news\/rakennetaan-tulevaisuutta-yhdessa-samlink-auttaa-pankkeja-pysymaan-kehityksen-karjessa\/\"\n                        class=\"btn  btn-arrow\">\n                                                    Lue lis\u00e4\u00e4\n                                            <\/a>\n                    <\/div>\n                <\/div>\n            <\/div>\n        <\/div>\n            <\/div>\n<\/section>\n","protected":false},"excerpt":{"rendered":"","protected":false},"author":11,"featured_media":0,"parent":1078,"menu_order":0,"comment_status":"closed","ping_status":"closed","template":"template-text-with-image-banner.blade.php","meta":{"_acf_changed":false,"footnotes":""},"class_list":["post-1455","page","type-page","status-publish","hentry"],"acf":[],"yoast_head":"<!-- This site is optimized with the Yoast SEO plugin v27.4 - https:\/\/yoast.com\/product\/yoast-seo-wordpress\/ -->\n<title>Strategia ja arvot - Samlink<\/title>\n<meta name=\"description\" content=\"Samlink, yhdess\u00e4 Kyndrylin kanssa, kehitt\u00e4\u00e4 pankkialan IT:t\u00e4 Pohjoismaissa ja tarjoaa innovatiivisia skaalautuvia pankkiteknologiaratkaisuja.\" \/>\n<meta name=\"robots\" content=\"index, follow, max-snippet:-1, max-image-preview:large, max-video-preview:-1\" \/>\n<link rel=\"canonical\" href=\"https:\/\/samlink.fi\/fi\/samlink\/strategia\/\" \/>\n<meta property=\"og:locale\" content=\"fi_FI\" \/>\n<meta property=\"og:type\" content=\"article\" \/>\n<meta property=\"og:title\" content=\"Strategia ja arvot - Samlink\" \/>\n<meta property=\"og:description\" content=\"Samlink, yhdess\u00e4 Kyndrylin kanssa, kehitt\u00e4\u00e4 pankkialan IT:t\u00e4 Pohjoismaissa ja tarjoaa innovatiivisia skaalautuvia pankkiteknologiaratkaisuja.\" \/>\n<meta property=\"og:url\" content=\"https:\/\/samlink.fi\/fi\/samlink\/strategia\/\" \/>\n<meta property=\"og:site_name\" content=\"Samlink\" \/>\n<meta property=\"article:modified_time\" content=\"2025-02-26T11:27:02+00:00\" \/>\n<meta property=\"og:image\" content=\"https:\/\/samlink.fi\/app\/uploads\/2023\/05\/samlink-webres-9-e1684845139892.jpg\" \/>\n\t<meta property=\"og:image:width\" content=\"1826\" \/>\n\t<meta property=\"og:image:height\" content=\"1582\" \/>\n\t<meta property=\"og:image:type\" content=\"image\/jpeg\" \/>\n<meta name=\"twitter:card\" content=\"summary_large_image\" \/>\n<meta name=\"twitter:label1\" content=\"Est. reading time\" \/>\n\t<meta name=\"twitter:data1\" content=\"4 minutes\" \/>\n<script type=\"application\/ld+json\" class=\"yoast-schema-graph\">{\"@context\":\"https:\\\/\\\/schema.org\",\"@graph\":[{\"@type\":\"WebPage\",\"@id\":\"https:\\\/\\\/samlink.fi\\\/fi\\\/samlink\\\/strategia\\\/\",\"url\":\"https:\\\/\\\/samlink.fi\\\/fi\\\/samlink\\\/strategia\\\/\",\"name\":\"Strategia ja arvot - Samlink\",\"isPartOf\":{\"@id\":\"https:\\\/\\\/samlink.fi\\\/fi\\\/#website\"},\"datePublished\":\"2023-05-11T03:01:56+00:00\",\"dateModified\":\"2025-02-26T11:27:02+00:00\",\"description\":\"Samlink, yhdess\u00e4 Kyndrylin kanssa, kehitt\u00e4\u00e4 pankkialan IT:t\u00e4 Pohjoismaissa ja tarjoaa innovatiivisia skaalautuvia pankkiteknologiaratkaisuja.\",\"breadcrumb\":{\"@id\":\"https:\\\/\\\/samlink.fi\\\/fi\\\/samlink\\\/strategia\\\/#breadcrumb\"},\"inLanguage\":\"fi\",\"potentialAction\":[{\"@type\":\"ReadAction\",\"target\":[\"https:\\\/\\\/samlink.fi\\\/fi\\\/samlink\\\/strategia\\\/\"]}]},{\"@type\":\"BreadcrumbList\",\"@id\":\"https:\\\/\\\/samlink.fi\\\/fi\\\/samlink\\\/strategia\\\/#breadcrumb\",\"itemListElement\":[{\"@type\":\"ListItem\",\"position\":1,\"name\":\"Home\",\"item\":\"https:\\\/\\\/samlink.fi\\\/fi\\\/\"},{\"@type\":\"ListItem\",\"position\":2,\"name\":\"Samlink\",\"item\":\"https:\\\/\\\/samlink.fi\\\/fi\\\/samlink\\\/\"},{\"@type\":\"ListItem\",\"position\":3,\"name\":\"Strategia ja arvot\"}]},{\"@type\":\"WebSite\",\"@id\":\"https:\\\/\\\/samlink.fi\\\/fi\\\/#website\",\"url\":\"https:\\\/\\\/samlink.fi\\\/fi\\\/\",\"name\":\"Samlink\",\"description\":\"Empowering financial success through innovative IT solutions\",\"potentialAction\":[{\"@type\":\"SearchAction\",\"target\":{\"@type\":\"EntryPoint\",\"urlTemplate\":\"https:\\\/\\\/samlink.fi\\\/fi\\\/?s={search_term_string}\"},\"query-input\":{\"@type\":\"PropertyValueSpecification\",\"valueRequired\":true,\"valueName\":\"search_term_string\"}}],\"inLanguage\":\"fi\"}]}<\/script>\n<!-- \/ Yoast SEO plugin. -->","yoast_head_json":{"title":"Strategia ja arvot - Samlink","description":"Samlink, yhdess\u00e4 Kyndrylin kanssa, kehitt\u00e4\u00e4 pankkialan IT:t\u00e4 Pohjoismaissa ja tarjoaa innovatiivisia skaalautuvia pankkiteknologiaratkaisuja.","robots":{"index":"index","follow":"follow","max-snippet":"max-snippet:-1","max-image-preview":"max-image-preview:large","max-video-preview":"max-video-preview:-1"},"canonical":"https:\/\/samlink.fi\/fi\/samlink\/strategia\/","og_locale":"fi_FI","og_type":"article","og_title":"Strategia ja arvot - Samlink","og_description":"Samlink, yhdess\u00e4 Kyndrylin kanssa, kehitt\u00e4\u00e4 pankkialan IT:t\u00e4 Pohjoismaissa ja tarjoaa innovatiivisia skaalautuvia pankkiteknologiaratkaisuja.","og_url":"https:\/\/samlink.fi\/fi\/samlink\/strategia\/","og_site_name":"Samlink","article_modified_time":"2025-02-26T11:27:02+00:00","og_image":[{"width":1826,"height":1582,"url":"https:\/\/samlink.fi\/app\/uploads\/2023\/05\/samlink-webres-9-e1684845139892.jpg","type":"image\/jpeg"}],"twitter_card":"summary_large_image","twitter_misc":{"Est. reading time":"4 minutes"},"schema":{"@context":"https:\/\/schema.org","@graph":[{"@type":"WebPage","@id":"https:\/\/samlink.fi\/fi\/samlink\/strategia\/","url":"https:\/\/samlink.fi\/fi\/samlink\/strategia\/","name":"Strategia ja arvot - Samlink","isPartOf":{"@id":"https:\/\/samlink.fi\/fi\/#website"},"datePublished":"2023-05-11T03:01:56+00:00","dateModified":"2025-02-26T11:27:02+00:00","description":"Samlink, yhdess\u00e4 Kyndrylin kanssa, kehitt\u00e4\u00e4 pankkialan IT:t\u00e4 Pohjoismaissa ja tarjoaa innovatiivisia skaalautuvia pankkiteknologiaratkaisuja.","breadcrumb":{"@id":"https:\/\/samlink.fi\/fi\/samlink\/strategia\/#breadcrumb"},"inLanguage":"fi","potentialAction":[{"@type":"ReadAction","target":["https:\/\/samlink.fi\/fi\/samlink\/strategia\/"]}]},{"@type":"BreadcrumbList","@id":"https:\/\/samlink.fi\/fi\/samlink\/strategia\/#breadcrumb","itemListElement":[{"@type":"ListItem","position":1,"name":"Home","item":"https:\/\/samlink.fi\/fi\/"},{"@type":"ListItem","position":2,"name":"Samlink","item":"https:\/\/samlink.fi\/fi\/samlink\/"},{"@type":"ListItem","position":3,"name":"Strategia ja arvot"}]},{"@type":"WebSite","@id":"https:\/\/samlink.fi\/fi\/#website","url":"https:\/\/samlink.fi\/fi\/","name":"Samlink","description":"Empowering financial success through innovative IT solutions","potentialAction":[{"@type":"SearchAction","target":{"@type":"EntryPoint","urlTemplate":"https:\/\/samlink.fi\/fi\/?s={search_term_string}"},"query-input":{"@type":"PropertyValueSpecification","valueRequired":true,"valueName":"search_term_string"}}],"inLanguage":"fi"}]}},"_links":{"self":[{"href":"https:\/\/samlink.fi\/fi\/wp-json\/wp\/v2\/pages\/1455","targetHints":{"allow":["GET"]}}],"collection":[{"href":"https:\/\/samlink.fi\/fi\/wp-json\/wp\/v2\/pages"}],"about":[{"href":"https:\/\/samlink.fi\/fi\/wp-json\/wp\/v2\/types\/page"}],"author":[{"embeddable":true,"href":"https:\/\/samlink.fi\/fi\/wp-json\/wp\/v2\/users\/11"}],"replies":[{"embeddable":true,"href":"https:\/\/samlink.fi\/fi\/wp-json\/wp\/v2\/comments?post=1455"}],"version-history":[{"count":23,"href":"https:\/\/samlink.fi\/fi\/wp-json\/wp\/v2\/pages\/1455\/revisions"}],"predecessor-version":[{"id":6486,"href":"https:\/\/samlink.fi\/fi\/wp-json\/wp\/v2\/pages\/1455\/revisions\/6486"}],"up":[{"embeddable":true,"href":"https:\/\/samlink.fi\/fi\/wp-json\/wp\/v2\/pages\/1078"}],"wp:attachment":[{"href":"https:\/\/samlink.fi\/fi\/wp-json\/wp\/v2\/media?parent=1455"}],"curies":[{"name":"wp","href":"https:\/\/api.w.org\/{rel}","templated":true}]}}