{"id":1429,"date":"2023-05-11T06:02:32","date_gmt":"2023-05-11T03:02:32","guid":{"rendered":"https:\/\/samlink.fi\/samlink\/vastuullisuus\/"},"modified":"2024-11-22T14:27:33","modified_gmt":"2024-11-22T11:27:33","slug":"vastuullisuus","status":"publish","type":"page","link":"https:\/\/samlink.fi\/fi\/samlink\/vastuullisuus\/","title":{"rendered":"Yritysvastuu"},"content":{"rendered":"<section class=\"wp-block-image-and-text \">\n  <div class=\"theme-spring-green wrap large \">\n    <div class=\"wrap\">\n      <div class=\"flex image-left\">\n                          <div class=\"flex-item has-image six\">\n            <div class=\"image cover\">\n                <img decoding=\"async\"\n                  src=\"https:\/\/samlink.fi\/app\/uploads\/2023\/05\/Kyndryl-image-15-1-300x147.webp\" srcset=\"https:\/\/samlink.fi\/app\/uploads\/2023\/05\/Kyndryl-image-15-1-300x147.webp 300w, https:\/\/samlink.fi\/app\/uploads\/2023\/05\/Kyndryl-image-15-1-1024x503.webp 1024w, https:\/\/samlink.fi\/app\/uploads\/2023\/05\/Kyndryl-image-15-1-768x377.webp 768w, https:\/\/samlink.fi\/app\/uploads\/2023\/05\/Kyndryl-image-15-1.webp 1234w\" sizes=\"(max-width: 1280px) 100vw, 1280px\" \n                  alt=\"Kyndryl\"\n                  class=\"aspect-ratio-1\" \/>\n            <\/div>\n          <\/div> \n                        <div class=\"flex-item has-text six\">\n          <div>\n                                      <span class=\"small-title underline\">Kohti parempaa huomista<\/span>\n                                      <p><span data-contrast=\"none\">Sitoutumisemme vastuullisuuteen pohjautuu emoyhti\u00f6mme Kyndrylin <\/span><a href=\"https:\/\/www.kyndryl.com\/nz\/en\/about-us\/corporate-responsibility\" target=\"_blank\" rel=\"noopener\"><span data-contrast=\"none\">vastuullisuusstrategiaan<\/span><\/a><span data-contrast=\"none\">.\u00a0<\/span><span data-ccp-props=\"{&quot;201341983&quot;:0,&quot;335559739&quot;:160,&quot;335559740&quot;:259}\">\u00a0<\/span><\/p>\n<p>Vuonna 2023 tunnistimme nelj\u00e4 keskeist\u00e4 vastuullisuusteemaa, jotka ohjaavat nyt toimiamme positiivisen vaikutuksen luomiseksi. Toteutamme n\u00e4it\u00e4 aloitteita aktiivisesti, luottaen kykyymme n\u00e4ytt\u00e4\u00e4 esimerkki\u00e4 ja luoda merkityksellisi\u00e4 tekoja yhteiskunnalle.<\/p>\n<p>Askel askeleelta rakennamme parempaa tulevaisuutta yritysvastuustrategiaamme perustuen, t\u00e4ysin sitoutuneina tekem\u00e4\u00e4n pysyv\u00e4n muutoksen.<\/p>\n<p>Tutustu vastuullisuusteemoihimme alla!<\/p>\n\n              \n                                  <\/div> \n        <\/div>\n      <\/div>\n    <\/div>\n  <\/div>\n<\/section>\n\n\n<section class=\"align wp-block-image-and-text-boxes\">\n  <div class=\"wrap theme-cloud\">\n          <div class=\"flex\">\n                  <div class=\"flex-item six\">\n            <div class=\"item\">\n              <div class=\"image\">\n                                  \n                  <img decoding=\"async\"\n                        src=\"https:\/\/samlink.fi\/app\/uploads\/2023\/05\/Kyndryl-image-4-1.webp\" srcset=\"https:\/\/samlink.fi\/app\/uploads\/2023\/05\/Kyndryl-image-4-1.webp 1244w, https:\/\/samlink.fi\/app\/uploads\/2023\/05\/Kyndryl-image-4-1-300x146.webp 300w, https:\/\/samlink.fi\/app\/uploads\/2023\/05\/Kyndryl-image-4-1-1024x499.webp 1024w, https:\/\/samlink.fi\/app\/uploads\/2023\/05\/Kyndryl-image-4-1-768x374.webp 768w\" sizes=\"(max-width: 600px) 100vw, 600px\" \n                        alt=\"Samlink People\"\n                        class=\"aspect-ratio-1\" \/>\n                              <\/div>\n              <div class=\"text\">\n                <h2> Haluttu ty\u00f6nantaja <\/h2>\n                <div> Haluamme varmistaa, ett\u00e4 alan parhaat osaajat pysyv\u00e4t meill\u00e4 ja liittyv\u00e4t osaksi organisaatiotamme. Siksi Samlink panostaa ty\u00f6ntekij\u00f6idens\u00e4 hyvinvointiin monin tavoin sek\u00e4 mahdollistaa ja tukee heid\u00e4n osaamisensa kehitt\u00e4mist\u00e4. Samlink kehitt\u00e4\u00e4 ja vaalii Kyndryl Way -kulttuuria, jossa jokainen voi tuntea olonsa psykologisesti turvalliseksi ja olla oma itsens\u00e4 ty\u00f6paikalla. Tavoitteena on varmistaa, ett\u00e4 jokainen Samlinkin ty\u00f6ntekij\u00e4 voi olla ylpe\u00e4 ty\u00f6nantajastaan ja ty\u00f6yhteis\u00f6st\u00e4\u00e4n. <\/div>\n                              <\/div>\n            <\/div>\n          <\/div>\n                  <div class=\"flex-item six\">\n            <div class=\"item\">\n              <div class=\"image\">\n                                  \n                  <img decoding=\"async\"\n                        src=\"https:\/\/samlink.fi\/app\/uploads\/2023\/05\/samlink-highres-40-edit.webp\" srcset=\"https:\/\/samlink.fi\/app\/uploads\/2023\/05\/samlink-highres-40-edit.webp 1750w, https:\/\/samlink.fi\/app\/uploads\/2023\/05\/samlink-highres-40-edit-300x200.webp 300w, https:\/\/samlink.fi\/app\/uploads\/2023\/05\/samlink-highres-40-edit-1024x683.webp 1024w, https:\/\/samlink.fi\/app\/uploads\/2023\/05\/samlink-highres-40-edit-768x512.webp 768w, https:\/\/samlink.fi\/app\/uploads\/2023\/05\/samlink-highres-40-edit-1536x1024.webp 1536w\" sizes=\"(max-width: 600px) 100vw, 600px\" \n                        alt=\"Samlink People\"\n                        class=\"aspect-ratio-1\" \/>\n                              <\/div>\n              <div class=\"text\">\n                <h2> Asiantuntijuutta hyv\u00e4n edist\u00e4miseen <\/h2>\n                <div> Tulevaisuudessa Samlink tunnetaan avainpelaajana oman alansa aiheiden tietoisuuden edist\u00e4misess\u00e4. Samlink toimii pankkialalla, jossa esimerkiksi tietoturva on erityisen t\u00e4rke\u00e4ss\u00e4 roolissa. Meill\u00e4 on runsaasti kokemusta t\u00e4ll\u00e4 alueella, mik\u00e4 voi hy\u00f6dytt\u00e4\u00e4 koko yhteiskuntaa. Samlink viestii laajasti tietoturvasta ja muista toimintaansa liittyvist\u00e4 aiheista, jotka voivat lis\u00e4t\u00e4 n\u00e4iden asioiden ymm\u00e4rryst\u00e4. Teema on laaja ja mahdollistaa monenlaisia toimenpiteit\u00e4 siihen liittyen. <\/div>\n                              <\/div>\n            <\/div>\n          <\/div>\n                  <div class=\"flex-item six\">\n            <div class=\"item\">\n              <div class=\"image\">\n                                  \n                  <img decoding=\"async\"\n                        src=\"https:\/\/samlink.fi\/app\/uploads\/2023\/05\/Kyndryl-image-10-1.webp\" srcset=\"https:\/\/samlink.fi\/app\/uploads\/2023\/05\/Kyndryl-image-10-1.webp 1264w, https:\/\/samlink.fi\/app\/uploads\/2023\/05\/Kyndryl-image-10-1-300x200.webp 300w, https:\/\/samlink.fi\/app\/uploads\/2023\/05\/Kyndryl-image-10-1-1024x682.webp 1024w, https:\/\/samlink.fi\/app\/uploads\/2023\/05\/Kyndryl-image-10-1-768x512.webp 768w\" sizes=\"(max-width: 600px) 100vw, 600px\" \n                        alt=\"Kyndryl\"\n                        class=\"aspect-ratio-1\" \/>\n                              <\/div>\n              <div class=\"text\">\n                <h2> Luonto edell\u00e4 arjessa <\/h2>\n                <div> Samlink huomioi luontoa kaikessa toiminnassaan. Arjessa t\u00e4m\u00e4 tarkoittaa pieni\u00e4 tekoja ja henkil\u00f6st\u00f6n osallistuttamista niihin. Laajemmassa mittakaavassa luonnon huomioiminen integroidaan p\u00e4\u00e4t\u00f6ksentekoon. Viestimme aktiivisesti luontoarvoistamme henkil\u00f6st\u00f6llemme, mik\u00e4 ihanteellisesti n\u00e4kyy konkreettisina p\u00e4ivitt\u00e4isin\u00e4 tekoina Samlinkin ty\u00f6ntekij\u00f6iden keskuudessa. <\/div>\n                              <\/div>\n            <\/div>\n          <\/div>\n                  <div class=\"flex-item six\">\n            <div class=\"item\">\n              <div class=\"image\">\n                                  \n                  <img decoding=\"async\"\n                        src=\"https:\/\/samlink.fi\/app\/uploads\/2023\/05\/Kyndryl-image-20-2.webp\" srcset=\"https:\/\/samlink.fi\/app\/uploads\/2023\/05\/Kyndryl-image-20-2.webp 1234w, https:\/\/samlink.fi\/app\/uploads\/2023\/05\/Kyndryl-image-20-2-300x169.webp 300w, https:\/\/samlink.fi\/app\/uploads\/2023\/05\/Kyndryl-image-20-2-1024x576.webp 1024w, https:\/\/samlink.fi\/app\/uploads\/2023\/05\/Kyndryl-image-20-2-768x432.webp 768w\" sizes=\"(max-width: 600px) 100vw, 600px\" \n                        alt=\"Samlink Service Modernization\"\n                        class=\"aspect-ratio-1\" \/>\n                              <\/div>\n              <div class=\"text\">\n                <h2> Taloudellista l\u00e4pin\u00e4kyvyytt\u00e4 <\/h2>\n                <div> Voimme edist\u00e4\u00e4 yritysten yritysvastuun eri teemoja vain, jos yrityksemme taloudellinen asema on hyv\u00e4. Liiketoiminnan kannattavuus, kilpailukyky ja tehokkuus varmistetaan ja niist\u00e4 tiedotetaan suunnitelmallisesti ja s\u00e4\u00e4nn\u00f6llisesti. T\u00e4m\u00e4n asenteen tulisi olla linjassa s\u00e4\u00e4nn\u00f6llisen taloudellisen viestinn\u00e4n kanssa. Tasapainoinen talous ja laadukas riskienhallinta luovat turvallisuutta, mik\u00e4 on hyv\u00e4ksi ymp\u00e4r\u00f6iv\u00e4lle yhteiskunnalle. <\/div>\n                              <\/div>\n            <\/div>\n          <\/div>\n              <\/div>\n      <\/div>\n<\/section>\n\n\n<section class=\"align wp-block-paragraph\">\n  <div class=\"wrap large theme-skye \">\n    <div class=\"wrap small\">\n              <blockquote><p><span class=\"NormalTextRun SCXW226227425 BCX0\">\u201cKoska toimimme pankkisektorilla, meill\u00e4 on erityinen vastuu toimia l\u00e4pin\u00e4kyv\u00e4sti ja avoimesti yhteiskunnan eduksi. <\/span><span class=\"NormalTextRun SCXW226227425 BCX0\">Haluamme <\/span><span class=\"NormalTextRun SCXW226227425 BCX0\">jatkuvasti kehitt\u00e4<\/span><span class=\"NormalTextRun SCXW226227425 BCX0\">\u00e4<\/span><span class=\"NormalTextRun SCXW226227425 BCX0\"> tasa-arvoisuutta sek\u00e4 edist\u00e4m\u00e4\u00e4n inklusiivisuutta kaikessa toiminnassamme. Vastuullisuusmatkamme on vasta alussa, mutta jonain <\/span><span class=\"NormalTextRun SCXW226227425 BCX0\">p\u00e4iv\u00e4n\u00e4 haluamme olla johtava esimerkki vastuullisesti liiketoimintaa harjoittavasta toimijasta. Emoyhti\u00f6mme <\/span><span class=\"NormalTextRun SpellingErrorV2Themed SCXW226227425 BCX0\">Kyndrylin<\/span><span class=\"NormalTextRun SCXW226227425 BCX0\"> tuki tuo vahvan <\/span><span class=\"NormalTextRun SCXW226227425 BCX0\">pohjan <\/span><span class=\"NormalTextRun SCXW226227425 BCX0\">tavoitteelle.\u201d <\/span><\/p><\/blockquote>\n<p><span class=\"TextRun SCXW248558669 BCX0\" lang=\"EN-US\" xml:lang=\"EN-US\" data-contrast=\"auto\"><span class=\"NormalTextRun SCXW248558669 BCX0\"><br \/>\n<\/span><\/span><strong><span class=\"TextRun MacChromeBold SCXW248558669 BCX0\" lang=\"EN-US\" xml:lang=\"EN-US\" data-contrast=\"auto\"><span class=\"NormalTextRun SCXW248558669 BCX0\">Sirpa<\/span> <span class=\"NormalTextRun SpellingErrorV2Themed SCXW248558669 BCX0\">Auervirta<br \/>\n<\/span><\/span><\/strong><span class=\"TextRun SCXW248558669 BCX0\" lang=\"EN-US\" xml:lang=\"EN-US\" data-contrast=\"auto\"><span class=\"NormalTextRun SCXW248558669 BCX0\">viestint\u00e4johtaja<\/span><\/span><\/p>\n\n          <\/div>\n  <\/div>\n<\/section>\n\n\n<section class=\"align wp-block-paragraph\">\n  <div class=\"wrap large theme-cloud \">\n    <div class=\"wrap small\">\n              <h2><b><span data-contrast=\"none\">Pieni\u00e4 tekoja joka p\u00e4iv\u00e4<\/span><\/b><span data-ccp-props=\"{&quot;201341983&quot;:0,&quot;335559739&quot;:160,&quot;335559740&quot;:259}\">\u00a0<\/span><\/h2>\n<p><span data-contrast=\"none\">Samalla kun kehit\u00e4mme vastuullisuusty\u00f6mme kokonaiskuvaa, pyrimme tekem\u00e4\u00e4n pieni\u00e4 hyvi\u00e4 tekoja p\u00e4ivitt\u00e4in arjessamme ja tuomaan vastuullisuutta osaksi jokaista ty\u00f6p\u00e4iv\u00e4\u00e4.<\/span><span data-ccp-props=\"{&quot;201341983&quot;:0,&quot;335559739&quot;:160,&quot;335559740&quot;:259}\">\u00a0<\/span><\/p>\n<h3>Samlink Cares -ohjelma &#8211; Vapaaehtoistoiminta ty\u00f6ajalla<\/h3>\n<p>Tarjoamme ty\u00f6ntekij\u00f6illemme mahdollisuuden k\u00e4ytt\u00e4\u00e4 kahdeksan tuntia ty\u00f6aikaa vuodessa vapaaehtoisty\u00f6h\u00f6n. Ty\u00f6skentely vapaaehtoisty\u00f6n parissa vaikuttaa my\u00f6nteisesti maailmaan ja tekee yhten\u00e4isyyden voiman n\u00e4kyv\u00e4ksi meit\u00e4 ymp\u00e4r\u00f6iv\u00e4ss\u00e4 maailmassa.<\/p>\n<h3>Lahjoitukset hyv\u00e4ntekev\u00e4isyyteen<\/h3>\n<p><span data-contrast=\"none\">Osallistumme hyv\u00e4ntekev\u00e4isyystapahtumiin ja tuemme valikoituja hyv\u00e4ntekev\u00e4isyysj\u00e4rjest\u00f6j\u00e4. Esimerkiksi tuemma <\/span><a href=\"https:\/\/www.team-rynkeby.fi\/\" target=\"_blank\" rel=\"noopener\"><span data-contrast=\"none\">Team Rynkeby Espoo -py\u00f6r\u00e4ilyjoukkuetta<\/span><\/a><span data-contrast=\"none\">, joka ker\u00e4\u00e4 rahaa vakavasti sairaille lapsille. Teemme vuosittain my\u00f6s joululahjoituksen vaihtuvalle hyv\u00e4ntekev\u00e4isyysj\u00e4rjest\u00f6lle.<\/span><span data-ccp-props=\"{&quot;201341983&quot;:0,&quot;335559685&quot;:0,&quot;335559739&quot;:160,&quot;335559740&quot;:259}\">\u00a0<\/span><\/p>\n<h3>Hybridity\u00f6 ja ymp\u00e4rist\u00f6yst\u00e4v\u00e4llinen ty\u00f6matkailu<\/h3>\n<p>Suuri osa ty\u00f6ntekij\u00f6ist\u00e4mme ty\u00f6skentelee suurimman osan ty\u00f6p\u00e4ivist\u00e4\u00e4n kotoa k\u00e4sin, mik\u00e4 v\u00e4hent\u00e4\u00e4 merkitt\u00e4v\u00e4sti ty\u00f6matkojen p\u00e4\u00e4st\u00f6j\u00e4. Kannustamme ty\u00f6ntekij\u00f6it\u00e4mme py\u00f6r\u00e4ilem\u00e4\u00e4n t\u00f6ihin tarjoamalla polkupy\u00f6r\u00e4etua. Espoon toimipisteess\u00e4mme on yhteisk\u00e4ytt\u00f6isi\u00e4 polkupy\u00f6ri\u00e4, joita voi k\u00e4ytt\u00e4\u00e4 lyhyit\u00e4 matkoja ymp\u00e4rist\u00f6yst\u00e4v\u00e4llisesti.<\/p>\n<h3>Kehitt\u00e4mismahdollisuudet<\/h3>\n<p>Tarjoamme ty\u00f6ntekij\u00f6illemme mahdollisuuden kouluttautua Kyndrylin laajan koulutuskirjaston avulla.<\/p>\n<h3><b><span data-contrast=\"none\">J\u00e4rki edell\u00e4 talousasioissa<\/span><\/b><span data-contrast=\"none\">\u00a0<\/span><\/h3>\n<p><span data-contrast=\"none\">Panostamme riskienhallintaan ja hallittuun kasvuun. Viestimme s\u00e4\u00e4nn\u00f6llisesti ja avoimesti talouteen liittyv\u00e4st\u00e4 toiminnastamme.<\/span><span data-ccp-props=\"{&quot;201341983&quot;:0,&quot;335559685&quot;:0,&quot;335559739&quot;:160,&quot;335559740&quot;:259}\">\u00a0<\/span><\/p>\n<h3><b><span data-contrast=\"none\">Ty\u00f6ntekij\u00f6iden \u00e4\u00e4ni kuuluviin<\/span><\/b><\/h3>\n<p><span data-contrast=\"none\">Osallistamme monipuolisesti henkil\u00f6st\u00f6\u00e4mme p\u00e4\u00e4t\u00f6ksentekoon. Esimerkiksi strategiamme tehtiin yhdess\u00e4 henkil\u00f6st\u00f6n kanssa. <\/span><span data-ccp-props=\"{&quot;201341983&quot;:0,&quot;335559685&quot;:0,&quot;335559739&quot;:160,&quot;335559740&quot;:259}\">\u00a0<\/span><\/p>\n<h3><b><span data-contrast=\"none\">Viestint\u00e4 luo ymm\u00e4rryst\u00e4<\/span><\/b><\/h3>\n<p><span data-contrast=\"none\">Vastuullisuusviestint\u00e4 on osa sis\u00e4isen viestinn\u00e4n strategiaamme. Julkaisemme henkil\u00f6st\u00f6llemme kuukausittain vastuullisuudesta kertovaa sis\u00e4lt\u00f6\u00e4 ja pyrimme lis\u00e4\u00e4m\u00e4\u00e4n heid\u00e4n ymm\u00e4rryst\u00e4\u00e4n erilaisiin aiheisiin liittyen.<\/span><span data-ccp-props=\"{&quot;201341983&quot;:0,&quot;335559685&quot;:0,&quot;335559739&quot;:160,&quot;335559740&quot;:259}\">\u00a0<\/span><\/p>\n\n          <\/div>\n  <\/div>\n<\/section>\n\n\n<section class=\"align wp-block-single-post\">\n    <div class=\"wrap\">\n                <div class=\"flex image-left\">\n                                    <div class=\"flex-item six has-image\">\n                                                    <div class=\"image\">\n                                <img decoding=\"async\"\n                                    src=\"https:\/\/samlink.fi\/app\/uploads\/2023\/05\/UK_Ajankohtaista_Vastuullisuus_052023_3000x1130px_v3-scaled.jpg\" srcset=\"https:\/\/samlink.fi\/app\/uploads\/2023\/05\/UK_Ajankohtaista_Vastuullisuus_052023_3000x1130px_v3-scaled.jpg 2560w, https:\/\/samlink.fi\/app\/uploads\/2023\/05\/UK_Ajankohtaista_Vastuullisuus_052023_3000x1130px_v3-300x113.jpg 300w, https:\/\/samlink.fi\/app\/uploads\/2023\/05\/UK_Ajankohtaista_Vastuullisuus_052023_3000x1130px_v3-1024x386.jpg 1024w, https:\/\/samlink.fi\/app\/uploads\/2023\/05\/UK_Ajankohtaista_Vastuullisuus_052023_3000x1130px_v3-768x289.jpg 768w, https:\/\/samlink.fi\/app\/uploads\/2023\/05\/UK_Ajankohtaista_Vastuullisuus_052023_3000x1130px_v3-1536x579.jpg 1536w, https:\/\/samlink.fi\/app\/uploads\/2023\/05\/UK_Ajankohtaista_Vastuullisuus_052023_3000x1130px_v3-2048x771.jpg 2048w\" sizes=\"(max-width: 1200px) 100vw, 1200px\"                                    alt=\"Samlink Vastuullisuus\"\n                                    class=\"aspect-ratio-1\"\n                                    \/>\n                            <\/div>\n                                                    <\/div>\n                                    <div class=\"flex-item six has-text\">\n                <div>\n                    <span class=\"underline\">Uutiset<\/span>\n                    <h2>\n                                                    Kohti parempaa huomista\n                                            <\/h2>\n                    \n                                                                    <p>Toiminta finanssialalla edellytt\u00e4\u00e4 erityist\u00e4 l\u00e4pin\u00e4kyvyytt\u00e4 ja avoimuutta. Tasa-arvoisuus ja inklusiivisuus ovat meille t\u00e4rkeit\u00e4 asioita, joita kehit\u00e4mme jatkuvasti. Haluamme my\u00f6s pit\u00e4\u00e4 ihmiset ajan tasalla siit\u00e4, mit\u00e4 yrityksen sis\u00e4ll\u00e4 tapahtuu. Ainoastaan n\u00e4in ihmiset voivat aidosti sitoutua ty\u00f6paikkaansa. Alkuvuonna 2023 p\u00e4\u00e4timme Samlinkille vastuullisuusteemat, joihin sitoudumme ja joiden pohjalta haluamme edist\u00e4\u00e4 toimintaamme sek\u00e4 toteuttaa&hellip;<\/p>\n                                        <a\n                        href=\"https:\/\/samlink.fi\/fi\/news\/kohti-parempaa-huomista\/\"\n                        class=\"btn  btn-arrow\">\n                                                    Lue lis\u00e4\u00e4\n                                            <\/a>\n                    <\/div>\n                <\/div>\n            <\/div>\n        <\/div>\n            <\/div>\n<\/section>\n","protected":false},"excerpt":{"rendered":"","protected":false},"author":11,"featured_media":0,"parent":1078,"menu_order":0,"comment_status":"closed","ping_status":"closed","template":"template-text-with-image-banner.blade.php","meta":{"_acf_changed":false,"footnotes":""},"class_list":["post-1429","page","type-page","status-publish","hentry"],"acf":[],"yoast_head":"<!-- This site is optimized with the Yoast SEO plugin v27.3 - https:\/\/yoast.com\/product\/yoast-seo-wordpress\/ -->\n<title>Yritysvastuu - Samlink<\/title>\n<meta name=\"description\" content=\"Vuonna 2023 m\u00e4\u00e4rittelimme nelj\u00e4 keskeist\u00e4 kest\u00e4v\u00e4n kehityksen teemaa, jotka nyt ohjaavat toimintaamme my\u00f6nteisten vaikutusten aikaansaamiseksi. Lue lis\u00e4\u00e4.\" \/>\n<meta name=\"robots\" content=\"index, follow, max-snippet:-1, max-image-preview:large, max-video-preview:-1\" \/>\n<link rel=\"canonical\" href=\"https:\/\/samlink.fi\/fi\/samlink\/vastuullisuus\/\" \/>\n<meta property=\"og:locale\" content=\"fi_FI\" \/>\n<meta property=\"og:type\" content=\"article\" \/>\n<meta property=\"og:title\" content=\"Yritysvastuu - Samlink\" \/>\n<meta property=\"og:description\" content=\"Vuonna 2023 m\u00e4\u00e4rittelimme nelj\u00e4 keskeist\u00e4 kest\u00e4v\u00e4n kehityksen teemaa, jotka nyt ohjaavat toimintaamme my\u00f6nteisten vaikutusten aikaansaamiseksi. Lue lis\u00e4\u00e4.\" \/>\n<meta property=\"og:url\" content=\"https:\/\/samlink.fi\/fi\/samlink\/vastuullisuus\/\" \/>\n<meta property=\"og:site_name\" content=\"Samlink\" \/>\n<meta property=\"article:modified_time\" content=\"2024-11-22T11:27:33+00:00\" \/>\n<meta property=\"og:image\" content=\"https:\/\/samlink.fi\/app\/uploads\/2023\/05\/samlink-webres-9-e1684845139892.jpg\" \/>\n\t<meta property=\"og:image:width\" content=\"1826\" \/>\n\t<meta property=\"og:image:height\" content=\"1582\" \/>\n\t<meta property=\"og:image:type\" content=\"image\/jpeg\" \/>\n<meta name=\"twitter:card\" content=\"summary_large_image\" \/>\n<meta name=\"twitter:label1\" content=\"Est. reading time\" \/>\n\t<meta name=\"twitter:data1\" content=\"4 minutes\" \/>\n<script type=\"application\/ld+json\" class=\"yoast-schema-graph\">{\"@context\":\"https:\\\/\\\/schema.org\",\"@graph\":[{\"@type\":\"WebPage\",\"@id\":\"https:\\\/\\\/samlink.fi\\\/fi\\\/samlink\\\/vastuullisuus\\\/\",\"url\":\"https:\\\/\\\/samlink.fi\\\/fi\\\/samlink\\\/vastuullisuus\\\/\",\"name\":\"Yritysvastuu - Samlink\",\"isPartOf\":{\"@id\":\"https:\\\/\\\/samlink.fi\\\/fi\\\/#website\"},\"datePublished\":\"2023-05-11T03:02:32+00:00\",\"dateModified\":\"2024-11-22T11:27:33+00:00\",\"description\":\"Vuonna 2023 m\u00e4\u00e4rittelimme nelj\u00e4 keskeist\u00e4 kest\u00e4v\u00e4n kehityksen teemaa, jotka nyt ohjaavat toimintaamme my\u00f6nteisten vaikutusten aikaansaamiseksi. Lue lis\u00e4\u00e4.\",\"breadcrumb\":{\"@id\":\"https:\\\/\\\/samlink.fi\\\/fi\\\/samlink\\\/vastuullisuus\\\/#breadcrumb\"},\"inLanguage\":\"fi\",\"potentialAction\":[{\"@type\":\"ReadAction\",\"target\":[\"https:\\\/\\\/samlink.fi\\\/fi\\\/samlink\\\/vastuullisuus\\\/\"]}]},{\"@type\":\"BreadcrumbList\",\"@id\":\"https:\\\/\\\/samlink.fi\\\/fi\\\/samlink\\\/vastuullisuus\\\/#breadcrumb\",\"itemListElement\":[{\"@type\":\"ListItem\",\"position\":1,\"name\":\"Home\",\"item\":\"https:\\\/\\\/samlink.fi\\\/fi\\\/\"},{\"@type\":\"ListItem\",\"position\":2,\"name\":\"Samlink\",\"item\":\"https:\\\/\\\/samlink.fi\\\/fi\\\/samlink\\\/\"},{\"@type\":\"ListItem\",\"position\":3,\"name\":\"Yritysvastuu\"}]},{\"@type\":\"WebSite\",\"@id\":\"https:\\\/\\\/samlink.fi\\\/fi\\\/#website\",\"url\":\"https:\\\/\\\/samlink.fi\\\/fi\\\/\",\"name\":\"Samlink\",\"description\":\"Empowering financial success through innovative IT solutions\",\"potentialAction\":[{\"@type\":\"SearchAction\",\"target\":{\"@type\":\"EntryPoint\",\"urlTemplate\":\"https:\\\/\\\/samlink.fi\\\/fi\\\/?s={search_term_string}\"},\"query-input\":{\"@type\":\"PropertyValueSpecification\",\"valueRequired\":true,\"valueName\":\"search_term_string\"}}],\"inLanguage\":\"fi\"}]}<\/script>\n<!-- \/ Yoast SEO plugin. -->","yoast_head_json":{"title":"Yritysvastuu - Samlink","description":"Vuonna 2023 m\u00e4\u00e4rittelimme nelj\u00e4 keskeist\u00e4 kest\u00e4v\u00e4n kehityksen teemaa, jotka nyt ohjaavat toimintaamme my\u00f6nteisten vaikutusten aikaansaamiseksi. Lue lis\u00e4\u00e4.","robots":{"index":"index","follow":"follow","max-snippet":"max-snippet:-1","max-image-preview":"max-image-preview:large","max-video-preview":"max-video-preview:-1"},"canonical":"https:\/\/samlink.fi\/fi\/samlink\/vastuullisuus\/","og_locale":"fi_FI","og_type":"article","og_title":"Yritysvastuu - Samlink","og_description":"Vuonna 2023 m\u00e4\u00e4rittelimme nelj\u00e4 keskeist\u00e4 kest\u00e4v\u00e4n kehityksen teemaa, jotka nyt ohjaavat toimintaamme my\u00f6nteisten vaikutusten aikaansaamiseksi. Lue lis\u00e4\u00e4.","og_url":"https:\/\/samlink.fi\/fi\/samlink\/vastuullisuus\/","og_site_name":"Samlink","article_modified_time":"2024-11-22T11:27:33+00:00","og_image":[{"width":1826,"height":1582,"url":"https:\/\/samlink.fi\/app\/uploads\/2023\/05\/samlink-webres-9-e1684845139892.jpg","type":"image\/jpeg"}],"twitter_card":"summary_large_image","twitter_misc":{"Est. reading time":"4 minutes"},"schema":{"@context":"https:\/\/schema.org","@graph":[{"@type":"WebPage","@id":"https:\/\/samlink.fi\/fi\/samlink\/vastuullisuus\/","url":"https:\/\/samlink.fi\/fi\/samlink\/vastuullisuus\/","name":"Yritysvastuu - Samlink","isPartOf":{"@id":"https:\/\/samlink.fi\/fi\/#website"},"datePublished":"2023-05-11T03:02:32+00:00","dateModified":"2024-11-22T11:27:33+00:00","description":"Vuonna 2023 m\u00e4\u00e4rittelimme nelj\u00e4 keskeist\u00e4 kest\u00e4v\u00e4n kehityksen teemaa, jotka nyt ohjaavat toimintaamme my\u00f6nteisten vaikutusten aikaansaamiseksi. Lue lis\u00e4\u00e4.","breadcrumb":{"@id":"https:\/\/samlink.fi\/fi\/samlink\/vastuullisuus\/#breadcrumb"},"inLanguage":"fi","potentialAction":[{"@type":"ReadAction","target":["https:\/\/samlink.fi\/fi\/samlink\/vastuullisuus\/"]}]},{"@type":"BreadcrumbList","@id":"https:\/\/samlink.fi\/fi\/samlink\/vastuullisuus\/#breadcrumb","itemListElement":[{"@type":"ListItem","position":1,"name":"Home","item":"https:\/\/samlink.fi\/fi\/"},{"@type":"ListItem","position":2,"name":"Samlink","item":"https:\/\/samlink.fi\/fi\/samlink\/"},{"@type":"ListItem","position":3,"name":"Yritysvastuu"}]},{"@type":"WebSite","@id":"https:\/\/samlink.fi\/fi\/#website","url":"https:\/\/samlink.fi\/fi\/","name":"Samlink","description":"Empowering financial success through innovative IT solutions","potentialAction":[{"@type":"SearchAction","target":{"@type":"EntryPoint","urlTemplate":"https:\/\/samlink.fi\/fi\/?s={search_term_string}"},"query-input":{"@type":"PropertyValueSpecification","valueRequired":true,"valueName":"search_term_string"}}],"inLanguage":"fi"}]}},"_links":{"self":[{"href":"https:\/\/samlink.fi\/fi\/wp-json\/wp\/v2\/pages\/1429","targetHints":{"allow":["GET"]}}],"collection":[{"href":"https:\/\/samlink.fi\/fi\/wp-json\/wp\/v2\/pages"}],"about":[{"href":"https:\/\/samlink.fi\/fi\/wp-json\/wp\/v2\/types\/page"}],"author":[{"embeddable":true,"href":"https:\/\/samlink.fi\/fi\/wp-json\/wp\/v2\/users\/11"}],"replies":[{"embeddable":true,"href":"https:\/\/samlink.fi\/fi\/wp-json\/wp\/v2\/comments?post=1429"}],"version-history":[{"count":26,"href":"https:\/\/samlink.fi\/fi\/wp-json\/wp\/v2\/pages\/1429\/revisions"}],"predecessor-version":[{"id":5570,"href":"https:\/\/samlink.fi\/fi\/wp-json\/wp\/v2\/pages\/1429\/revisions\/5570"}],"up":[{"embeddable":true,"href":"https:\/\/samlink.fi\/fi\/wp-json\/wp\/v2\/pages\/1078"}],"wp:attachment":[{"href":"https:\/\/samlink.fi\/fi\/wp-json\/wp\/v2\/media?parent=1429"}],"curies":[{"name":"wp","href":"https:\/\/api.w.org\/{rel}","templated":true}]}}