{"id":1086,"date":"2023-05-04T07:57:14","date_gmt":"2023-05-04T04:57:14","guid":{"rendered":"https:\/\/samlink.fi\/ratkaisumme\/"},"modified":"2026-03-12T12:15:15","modified_gmt":"2026-03-12T09:15:15","slug":"ratkaisumme","status":"publish","type":"page","link":"https:\/\/samlink.fi\/fi\/ratkaisumme\/","title":{"rendered":"Ratkaisumme"},"content":{"rendered":"<section class=\"wp-block-image-and-text \">\n  <div class=\"white wrap large \">\n    <div class=\"wrap\">\n      <div class=\"flex image-left\">\n                          <div class=\"flex-item has-image six\">\n            <div class=\"image cover\">\n                <img decoding=\"async\"\n                  src=\"https:\/\/samlink.fi\/app\/uploads\/2023\/05\/Vital_K_high.svg\" srcset=\"\" sizes=\"(max-width: 1280px) 100vw, 1280px\" \n                  alt=\"\"\n                  class=\"aspect-ratio-1\" \/>\n            <\/div>\n          <\/div> \n                        <div class=\"flex-item has-text six\">\n          <div>\n                                                                            <h2>Meill\u00e4 on asiantuntemusta, me kehit\u00e4mme ja uudistamme<\/h2>\n<p>Toimintamme kulmakivi on yhteisty\u00f6 asiakkaiden, emoyhti\u00f6 Kyndrylin ja valittujen teknologiakumppaneiden kanssa. Yhdess\u00e4 Kyndrylin kanssa olemme samanaikaisesti paikallisia ja globaaleja. Pyrimme luomaan arvoa asiakkaillemme jatkuvalla kehitt\u00e4misell\u00e4, palveluiden uudistamisella ja investoinneilla suurkone- ja pilviteknologiaosaamiseen luovat arvoa asiakkaillemme nyt ja tulevaisuudessa. Liiketoiminnan jatkuvuus on etusijalla kaikessa toiminnassamme.<\/p>\n<p><span data-contrast=\"auto\">\u00a0<\/span><\/p>\n\n              \n                                  <\/div> \n        <\/div>\n      <\/div>\n    <\/div>\n  <\/div>\n<\/section>\n\n\n<section class=\"wp-block-colored-section\">\n  <div class=\"wrap\">\n    <div class=\"title theme-skye\">\n              Our Solutions\n          <\/div>\n  <\/div>\n\n  <div class=\"colored theme-skye\">\n\n    \n    <div class=\"wrap\">\n            \n      <div \n        class=\"bottom \n        hasheader \n         \n        notop\">\n\n                  <div class=\"flex headertextlink numberTitleTextLink flex-item twelve space-between\">\n                                          <div class=\"flex-item three\">\n                                      <span class=\"theme-skye\">\n                      01\n                    <\/span>\n                                                        <h2>\n                      Advisory Services\n                    <\/h2>\n                                                        <p>Tarjoamme strategista ohjausta, joka sys\u00e4\u00e4 pankkisi kohti tulevaisuutta.<\/p>\n                                    \n                   \n                    <a \n                        class=\"btn-arrow\"\n                        href=\"https:\/\/samlink.fi\/fi\/ratkaisumme\/advisory-services\/\"\n                        target=\"\"\n                        >\n                                                    Konsultointipalvelut\n                                            <\/a>\n                                  <\/div>\n                              <div class=\"flex-item three\">\n                                      <span class=\"theme-skye\">\n                      02\n                    <\/span>\n                                                        <h2>\n                      AI Services\n                    <\/h2>\n                                                        <p>Vakaata, luotettavaa ja t\u00e4ysin hallinnoitua teko\u00e4lypalvelua pankeille.<\/p>\n                                    \n                   \n                    <a \n                        class=\"btn-arrow\"\n                        href=\"https:\/\/samlink.fi\/fi\/ratkaisumme\/tekoalypalvelut-pankkien-tarpeisiin\/\"\n                        target=\"\"\n                        >\n                                                    Teko\u00e4lypalvelut\n                                            <\/a>\n                                  <\/div>\n                              <div class=\"flex-item three\">\n                                      <span class=\"theme-skye\">\n                      03\n                    <\/span>\n                                                        <h2>\n                      Sovelluskehitys\n                    <\/h2>\n                                                        <p>R\u00e4\u00e4t\u00e4l\u00f6ity\u00e4 sovelluskehityst\u00e4 pankeille.<\/p>\n                                    \n                   \n                    <a \n                        class=\"btn-arrow\"\n                        href=\"https:\/\/samlink.fi\/fi\/ratkaisumme\/sovelluskehitys\/\"\n                        target=\"\"\n                        >\n                                                    Sovelluskehitys\n                                            <\/a>\n                                  <\/div>\n                              <div class=\"flex-item three\">\n                                      <span class=\"theme-skye\">\n                      04\n                    <\/span>\n                                                        <h2>\n                      Pankkikumppani\n                    <\/h2>\n                                                        <p>Pankkikumppani riskitt\u00f6m\u00e4\u00e4n modernisointiin.<\/p>\n                                    \n                   \n                    <a \n                        class=\"btn-arrow\"\n                        href=\"https:\/\/samlink.fi\/our-solutions\/banking-partner-of-choice\/\"\n                        target=\"\"\n                        >\n                                                    Banking Partner of Choice\n                                            <\/a>\n                                  <\/div>\n                              <div class=\"flex-item three\">\n                                      <span class=\"theme-skye\">\n                      05\n                    <\/span>\n                                                        <h2>\n                      Palvelujen modernisointi\n                    <\/h2>\n                                                        <p>Mullistamme pankkialaa jatkuvalla kehityksell\u00e4 ja innovatiivisilla ratkaisuilla.<\/p>\n                                    \n                   \n                    <a \n                        class=\"btn-arrow\"\n                        href=\"https:\/\/samlink.fi\/fi\/ratkaisumme\/palvelujen-modernisointi\/\"\n                        target=\"\"\n                        >\n                                                    Palvelujen modernisointi\n                                            <\/a>\n                                  <\/div>\n                              <div class=\"flex-item three\">\n                                      <span class=\"theme-skye\">\n                      06\n                    <\/span>\n                                                        <h2>\n                      PSD3\n                    <\/h2>\n                                                        <p>Samlink ja DLA Piper Finland tarjoavat yhdess\u00e4 kattavan PSD3-vaikutusten arviointipalvelun, joka on suunnattu erityisesti pankeille ja maksupalveluntarjoajille.<\/p>\n                                    \n                   \n                    <a \n                        class=\"btn-arrow\"\n                        href=\"https:\/\/samlink.fi\/fi\/ratkaisumme\/psd3-vaikutusten-arviointi-yhteistyossa-samlink-ja-dla-piper\/\"\n                        target=\"\"\n                        >\n                                                    PSD3-vaikutusten arviointi\n                                            <\/a>\n                                  <\/div>\n                              <div class=\"flex-item three\">\n                                      <span class=\"theme-skye\">\n                      07\n                    <\/span>\n                                                        <h2>\n                      SIAM Pro\n                    <\/h2>\n                                                        <p>Luomme saumattoman palveluintegraation SIAM Pron avulla.<\/p>\n                                    \n                   \n                    <a \n                        class=\"btn-arrow\"\n                        href=\"https:\/\/samlink.fi\/fi\/ratkaisumme\/siam-pro\/\"\n                        target=\"\"\n                        >\n                                                    SIAM Pro\n                                            <\/a>\n                                  <\/div>\n                                                                                                                <div class=\"flex-item three\"><\/div>\n                                                                      <\/div>\n              <\/div>\n    <\/div>  \n  <\/div>\n<\/section>\n\n\n<section class=\"wp-block-image-and-text \">\n  <div class=\"white full-width image-large\">\n    <div class=\"wrap\">\n      <div class=\"flex image-left\">\n                          <div class=\"flex-item has-image eight\">\n            <div class=\"image cover\">\n                <img decoding=\"async\"\n                  src=\"https:\/\/samlink.fi\/app\/uploads\/2026\/03\/Samlink_Sitaatti_Sara_2_1024x576px-300x169.jpg\" srcset=\"https:\/\/samlink.fi\/app\/uploads\/2026\/03\/Samlink_Sitaatti_Sara_2_1024x576px-300x169.jpg 300w, https:\/\/samlink.fi\/app\/uploads\/2026\/03\/Samlink_Sitaatti_Sara_2_1024x576px-768x432.jpg 768w, https:\/\/samlink.fi\/app\/uploads\/2026\/03\/Samlink_Sitaatti_Sara_2_1024x576px.jpg 1024w\" sizes=\"(max-width: 1280px) 100vw, 1280px\" \n                  alt=\"\"\n                  class=\"aspect-ratio-1\" \/>\n            <\/div>\n          <\/div> \n                        <div class=\"flex-item has-text four\">\n          <div>\n                          <span class=\"underline\">Ihmiset<\/span>\n                                                                            <h2>Ty\u00f6mme alkaa asiakkaidemme tavoitteista<\/h2>\n<p>\u201cAutamme pankkeja uudistumaan luottavaisin mielin ja toimitamme ratkaisuja ja palveluja, jotka tukevat heid\u00e4n henkil\u00f6st\u00f6\u00e4\u00e4n, asiakkaitaan ja strategisia p\u00e4\u00e4m\u00e4\u00e4ri\u00e4\u00e4n.\u201d<\/p>\n<p><strong>Sara Ramakers\u200b<\/strong><br \/>\nSamlinkin toimitusjohtaja<\/p>\n\n              \n                                  <\/div> \n        <\/div>\n      <\/div>\n    <\/div>\n  <\/div>\n<\/section>\n\n\n<section class=\"wp-block-image-and-text \">\n  <div class=\"white full-width image-large\">\n    <div class=\"wrap\">\n      <div class=\"flex image-right\">\n                          <div class=\"flex-item has-image eight\">\n            <div class=\"image cover\">\n                <img decoding=\"async\"\n                  src=\"https:\/\/samlink.fi\/app\/uploads\/2026\/03\/Samlink_Our_Solutions_Stellar_Customer_Service_2_1024x576px-300x169.jpg\" srcset=\"https:\/\/samlink.fi\/app\/uploads\/2026\/03\/Samlink_Our_Solutions_Stellar_Customer_Service_2_1024x576px-300x169.jpg 300w, https:\/\/samlink.fi\/app\/uploads\/2026\/03\/Samlink_Our_Solutions_Stellar_Customer_Service_2_1024x576px-768x432.jpg 768w, https:\/\/samlink.fi\/app\/uploads\/2026\/03\/Samlink_Our_Solutions_Stellar_Customer_Service_2_1024x576px.jpg 1024w\" sizes=\"(max-width: 1280px) 100vw, 1280px\" \n                  alt=\"\"\n                  class=\"aspect-ratio-1\" \/>\n            <\/div>\n          <\/div> \n                        <div class=\"flex-item has-text four\">\n          <div>\n                                                                            <h2>Loistava asiakaspalvelu<\/h2>\n<p><span class=\"TextRun SCXW87066815 BCX0\" lang=\"FI-FI\" xml:lang=\"FI-FI\" data-contrast=\"none\"><span class=\"NormalTextRun SCXW87066815 BCX0\">Olemme p\u00e4\u00e4tt\u00e4neet vied\u00e4 asiakaskokemuksen ja -tyytyv\u00e4isyyden uudelle tasolle. Kahden organisaation osaamisella meill\u00e4 on t\u00e4ydelliset edellytykset saavuttaa t\u00e4m\u00e4 tavoite. Tavoitteenamme on johtaa finanssialan kehityst\u00e4 ja tarjota asiakkaillemme raikkaita ja innovatiivisia n\u00e4k\u00f6kulmia. Loistavan asiakaskokemuksen luominen ja ihmisten asettaminen kasvun ja kehityksen keski\u00f6\u00f6n ovat avainelementtej\u00e4. Asenteenamme on tuottaa kasvua ja arvoa.<\/span><\/span><\/p>\n\n              \n                          <a \n        class=\"btn btn-arrow\"\n        href=\"https:\/\/samlink.fi\/fi\/samlink\/\"\n        target=\"\"\n        >\n                    Meist\u00e4\n            <\/a>\n                                  <\/div> \n        <\/div>\n      <\/div>\n    <\/div>\n  <\/div>\n<\/section>\n","protected":false},"excerpt":{"rendered":"","protected":false},"author":11,"featured_media":0,"parent":0,"menu_order":0,"comment_status":"closed","ping_status":"closed","template":"template-full-width-hero.blade.php","meta":{"_acf_changed":false,"footnotes":""},"class_list":["post-1086","page","type-page","status-publish","hentry"],"acf":[],"yoast_head":"<!-- This site is optimized with the Yoast SEO plugin v27.4 - https:\/\/yoast.com\/product\/yoast-seo-wordpress\/ -->\n<title>Ratkaisumme - Samlink<\/title>\n<meta name=\"description\" content=\"Jatkuva kehitys, palveluiden asteittainen modernisointi sek\u00e4 mainframe\u2013 ja pilviteknologiaosaaminen luovat asiakkaille arvoa nyt ja tulevaisuudessa.\" \/>\n<meta name=\"robots\" content=\"index, follow, max-snippet:-1, max-image-preview:large, max-video-preview:-1\" \/>\n<link rel=\"canonical\" href=\"https:\/\/samlink.fi\/fi\/ratkaisumme\/\" \/>\n<meta property=\"og:locale\" content=\"fi_FI\" \/>\n<meta property=\"og:type\" content=\"article\" \/>\n<meta property=\"og:title\" content=\"Ratkaisumme - Samlink\" \/>\n<meta property=\"og:description\" content=\"Jatkuva kehitys, palveluiden asteittainen modernisointi sek\u00e4 mainframe\u2013 ja pilviteknologiaosaaminen luovat asiakkaille arvoa nyt ja tulevaisuudessa.\" \/>\n<meta property=\"og:url\" content=\"https:\/\/samlink.fi\/fi\/ratkaisumme\/\" \/>\n<meta property=\"og:site_name\" content=\"Samlink\" \/>\n<meta property=\"article:modified_time\" content=\"2026-03-12T09:15:15+00:00\" \/>\n<meta property=\"og:image\" content=\"https:\/\/samlink.fi\/app\/uploads\/2023\/05\/samlink-webres-9-e1684845139892.jpg\" \/>\n\t<meta property=\"og:image:width\" content=\"1826\" \/>\n\t<meta property=\"og:image:height\" content=\"1582\" \/>\n\t<meta property=\"og:image:type\" content=\"image\/jpeg\" \/>\n<meta name=\"twitter:card\" content=\"summary_large_image\" \/>\n<meta name=\"twitter:label1\" content=\"Est. reading time\" \/>\n\t<meta name=\"twitter:data1\" content=\"2 minutes\" \/>\n<script type=\"application\/ld+json\" class=\"yoast-schema-graph\">{\"@context\":\"https:\\\/\\\/schema.org\",\"@graph\":[{\"@type\":\"WebPage\",\"@id\":\"https:\\\/\\\/samlink.fi\\\/fi\\\/ratkaisumme\\\/\",\"url\":\"https:\\\/\\\/samlink.fi\\\/fi\\\/ratkaisumme\\\/\",\"name\":\"Ratkaisumme - Samlink\",\"isPartOf\":{\"@id\":\"https:\\\/\\\/samlink.fi\\\/fi\\\/#website\"},\"datePublished\":\"2023-05-04T04:57:14+00:00\",\"dateModified\":\"2026-03-12T09:15:15+00:00\",\"description\":\"Jatkuva kehitys, palveluiden asteittainen modernisointi sek\u00e4 mainframe\u2013 ja pilviteknologiaosaaminen luovat asiakkaille arvoa nyt ja tulevaisuudessa.\",\"breadcrumb\":{\"@id\":\"https:\\\/\\\/samlink.fi\\\/fi\\\/ratkaisumme\\\/#breadcrumb\"},\"inLanguage\":\"fi\",\"potentialAction\":[{\"@type\":\"ReadAction\",\"target\":[\"https:\\\/\\\/samlink.fi\\\/fi\\\/ratkaisumme\\\/\"]}]},{\"@type\":\"BreadcrumbList\",\"@id\":\"https:\\\/\\\/samlink.fi\\\/fi\\\/ratkaisumme\\\/#breadcrumb\",\"itemListElement\":[{\"@type\":\"ListItem\",\"position\":1,\"name\":\"Home\",\"item\":\"https:\\\/\\\/samlink.fi\\\/fi\\\/\"},{\"@type\":\"ListItem\",\"position\":2,\"name\":\"Ratkaisumme\"}]},{\"@type\":\"WebSite\",\"@id\":\"https:\\\/\\\/samlink.fi\\\/fi\\\/#website\",\"url\":\"https:\\\/\\\/samlink.fi\\\/fi\\\/\",\"name\":\"Samlink\",\"description\":\"Empowering financial success through innovative IT solutions\",\"potentialAction\":[{\"@type\":\"SearchAction\",\"target\":{\"@type\":\"EntryPoint\",\"urlTemplate\":\"https:\\\/\\\/samlink.fi\\\/fi\\\/?s={search_term_string}\"},\"query-input\":{\"@type\":\"PropertyValueSpecification\",\"valueRequired\":true,\"valueName\":\"search_term_string\"}}],\"inLanguage\":\"fi\"}]}<\/script>\n<!-- \/ Yoast SEO plugin. -->","yoast_head_json":{"title":"Ratkaisumme - Samlink","description":"Jatkuva kehitys, palveluiden asteittainen modernisointi sek\u00e4 mainframe\u2013 ja pilviteknologiaosaaminen luovat asiakkaille arvoa nyt ja tulevaisuudessa.","robots":{"index":"index","follow":"follow","max-snippet":"max-snippet:-1","max-image-preview":"max-image-preview:large","max-video-preview":"max-video-preview:-1"},"canonical":"https:\/\/samlink.fi\/fi\/ratkaisumme\/","og_locale":"fi_FI","og_type":"article","og_title":"Ratkaisumme - Samlink","og_description":"Jatkuva kehitys, palveluiden asteittainen modernisointi sek\u00e4 mainframe\u2013 ja pilviteknologiaosaaminen luovat asiakkaille arvoa nyt ja tulevaisuudessa.","og_url":"https:\/\/samlink.fi\/fi\/ratkaisumme\/","og_site_name":"Samlink","article_modified_time":"2026-03-12T09:15:15+00:00","og_image":[{"width":1826,"height":1582,"url":"https:\/\/samlink.fi\/app\/uploads\/2023\/05\/samlink-webres-9-e1684845139892.jpg","type":"image\/jpeg"}],"twitter_card":"summary_large_image","twitter_misc":{"Est. reading time":"2 minutes"},"schema":{"@context":"https:\/\/schema.org","@graph":[{"@type":"WebPage","@id":"https:\/\/samlink.fi\/fi\/ratkaisumme\/","url":"https:\/\/samlink.fi\/fi\/ratkaisumme\/","name":"Ratkaisumme - Samlink","isPartOf":{"@id":"https:\/\/samlink.fi\/fi\/#website"},"datePublished":"2023-05-04T04:57:14+00:00","dateModified":"2026-03-12T09:15:15+00:00","description":"Jatkuva kehitys, palveluiden asteittainen modernisointi sek\u00e4 mainframe\u2013 ja pilviteknologiaosaaminen luovat asiakkaille arvoa nyt ja tulevaisuudessa.","breadcrumb":{"@id":"https:\/\/samlink.fi\/fi\/ratkaisumme\/#breadcrumb"},"inLanguage":"fi","potentialAction":[{"@type":"ReadAction","target":["https:\/\/samlink.fi\/fi\/ratkaisumme\/"]}]},{"@type":"BreadcrumbList","@id":"https:\/\/samlink.fi\/fi\/ratkaisumme\/#breadcrumb","itemListElement":[{"@type":"ListItem","position":1,"name":"Home","item":"https:\/\/samlink.fi\/fi\/"},{"@type":"ListItem","position":2,"name":"Ratkaisumme"}]},{"@type":"WebSite","@id":"https:\/\/samlink.fi\/fi\/#website","url":"https:\/\/samlink.fi\/fi\/","name":"Samlink","description":"Empowering financial success through innovative IT solutions","potentialAction":[{"@type":"SearchAction","target":{"@type":"EntryPoint","urlTemplate":"https:\/\/samlink.fi\/fi\/?s={search_term_string}"},"query-input":{"@type":"PropertyValueSpecification","valueRequired":true,"valueName":"search_term_string"}}],"inLanguage":"fi"}]}},"_links":{"self":[{"href":"https:\/\/samlink.fi\/fi\/wp-json\/wp\/v2\/pages\/1086","targetHints":{"allow":["GET"]}}],"collection":[{"href":"https:\/\/samlink.fi\/fi\/wp-json\/wp\/v2\/pages"}],"about":[{"href":"https:\/\/samlink.fi\/fi\/wp-json\/wp\/v2\/types\/page"}],"author":[{"embeddable":true,"href":"https:\/\/samlink.fi\/fi\/wp-json\/wp\/v2\/users\/11"}],"replies":[{"embeddable":true,"href":"https:\/\/samlink.fi\/fi\/wp-json\/wp\/v2\/comments?post=1086"}],"version-history":[{"count":43,"href":"https:\/\/samlink.fi\/fi\/wp-json\/wp\/v2\/pages\/1086\/revisions"}],"predecessor-version":[{"id":9088,"href":"https:\/\/samlink.fi\/fi\/wp-json\/wp\/v2\/pages\/1086\/revisions\/9088"}],"wp:attachment":[{"href":"https:\/\/samlink.fi\/fi\/wp-json\/wp\/v2\/media?parent=1086"}],"curies":[{"name":"wp","href":"https:\/\/api.w.org\/{rel}","templated":true}]}}