{"id":1078,"date":"2023-04-28T09:39:45","date_gmt":"2023-04-28T06:39:45","guid":{"rendered":"https:\/\/samlink.fi\/meista\/"},"modified":"2026-03-31T15:39:20","modified_gmt":"2026-03-31T12:39:20","slug":"samlink","status":"publish","type":"page","link":"https:\/\/samlink.fi\/fi\/samlink\/","title":{"rendered":"Samlink"},"content":{"rendered":"<section class=\"wp-block-image-and-text \">\n  <div class=\"white wrap large \">\n    <div class=\"wrap\">\n      <div class=\"flex image-left\">\n                          <div class=\"flex-item has-image six\">\n            <div class=\"image cover\">\n                <img decoding=\"async\"\n                  src=\"https:\/\/samlink.fi\/app\/uploads\/2023\/05\/Vital_K_high.svg\" srcset=\"\" sizes=\"(max-width: 1280px) 100vw, 1280px\" \n                  alt=\"\"\n                  class=\"aspect-ratio-1\" \/>\n            <\/div>\n          <\/div> \n                        <div class=\"flex-item has-text six\">\n          <div>\n                                                                            <h2>Mik\u00e4 on Samlink? Pankkialan IT\u2011osaamista osana Kyndryli\u00e4<\/h2>\n<p>Samlink toimii Kyndrylin pankkiteknologian osaamiskeskuksena Pohjoismaissa. Yli 30 vuoden ajan tiimimme ovat tukeneet turvallisten ja luotettavien pankkipalvelujen kehityst\u00e4 yhdist\u00e4m\u00e4ll\u00e4 vahvan toimialatuntemuksen nykyaikaisiin teknisiin toimintatapoihin.<\/p>\n<p>Osana Kyndryli\u00e4 tuomme pankkisektorin erityisvaatimuksiin liittyv\u00e4\u00e4 asiantuntemusta. Ty\u00f6mme keskittyy ratkaisuihin, jotka auttavat finanssialan toimijoita kehitt\u00e4m\u00e4\u00e4n j\u00e4rjestelmi\u00e4\u00e4n hallitusti ja pitk\u00e4n aikav\u00e4lin jatkuvuutta tukien.<\/p>\n\n              \n                                  <\/div> \n        <\/div>\n      <\/div>\n    <\/div>\n  <\/div>\n<\/section>\n\n\n<section class=\"wp-block-image-and-text \">\n  <div class=\"theme-cloud full-width \">\n    <div class=\"wrap\">\n      <div class=\"flex image-right\">\n                          <div class=\"flex-item has-image six\">\n            <div class=\"image cover\">\n                <img decoding=\"async\"\n                  src=\"https:\/\/samlink.fi\/app\/uploads\/2023\/05\/Kyndryl-image-6-1-300x260.webp\" srcset=\"https:\/\/samlink.fi\/app\/uploads\/2023\/05\/Kyndryl-image-6-1-300x260.webp 300w, https:\/\/samlink.fi\/app\/uploads\/2023\/05\/Kyndryl-image-6-1-1024x887.webp 1024w, https:\/\/samlink.fi\/app\/uploads\/2023\/05\/Kyndryl-image-6-1-768x665.webp 768w, https:\/\/samlink.fi\/app\/uploads\/2023\/05\/Kyndryl-image-6-1-1536x1330.webp 1536w, https:\/\/samlink.fi\/app\/uploads\/2023\/05\/Kyndryl-image-6-1.webp 1746w\" sizes=\"(max-width: 1280px) 100vw, 1280px\" \n                  alt=\"Kyndryl sign\"\n                  class=\"aspect-ratio-1\" \/>\n            <\/div>\n          <\/div> \n                        <div class=\"flex-item has-text six\">\n          <div>\n                                                                            <h2><span class=\"TextRun SCXW250160655 BCX0\" lang=\"EN-US\" xml:lang=\"EN-US\" data-contrast=\"auto\"><span class=\"NormalTextRun SpellingErrorV2Themed SCXW250160655 BCX0\">Kyndryl<\/span><\/span><\/h2>\n<p><span class=\"TextRun SCXW200576306 BCX0\" lang=\"FI-FI\" xml:lang=\"FI-FI\" data-contrast=\"none\"><span class=\"NormalTextRun SCXW200576306 BCX0\">Olemme aloittaneet kasvumatkamme yhdess\u00e4 <\/span><span class=\"NormalTextRun SpellingErrorV2Themed SCXW200576306 BCX0\">Kyndrylin<\/span><span class=\"NormalTextRun SCXW200576306 BCX0\"> kanssa. Arvostetut asiakkaamme ja kumppanimme hy\u00f6tyv\u00e4t uudesta digitaalisesta ekosysteemist\u00e4mme ja kahden organisaation ihmisten asiantuntijuudesta. <\/span><span class=\"NormalTextRun SCXW200576306 BCX0\">Vankka osaamisemme finanssiratkaisuissa ja -palveluissa yhdistettyn\u00e4 <\/span><span class=\"NormalTextRun SpellingErrorV2Themed SCXW200576306 BCX0\">Kyndrylin<\/span><span class=\"NormalTextRun SCXW200576306 BCX0\"> korkeasti skaalautuvaan infrastruktuuriin luo suurta arvoa asiakkaillemme. <\/span><span class=\"NormalTextRun SCXW200576306 BCX0\">Haluamme olla asiakkaidemme ja ty\u00f6ntekij\u00f6idemme ykk\u00f6svalinta \u2013 nyt ja tulevaisuudessa.<\/span><\/span><\/p>\n<p><a href=\"https:\/\/www.kyndryl.com\/fi\/en\" target=\"_blank\" rel=\"noopener\"><span class=\"btn\">Tutustu Kyndryliin<\/span><\/a><\/p>\n\n              \n                                  <\/div> \n        <\/div>\n      <\/div>\n    <\/div>\n  <\/div>\n<\/section>\n\n\n<section class=\"align wp-block-large-links remove-top-margin\">\n<div class=\"wrap\">\n      <ul class=\"flex\">\n                        <li class=\"flex-item\">\n              <a href=\"https:\/\/samlink.fi\/fi\/samlink\/strategia\/\" target=\"\">\n                <h2>Strategia <\/h2>\n                <p><\/p>\n              <\/a>\n          <\/li>\n                                <li class=\"flex-item\">\n              <a href=\"https:\/\/samlink.fi\/fi\/samlink\/vastuullisuus\/\" target=\"\">\n                <h2>Vastuullisuus <\/h2>\n                <p><\/p>\n              <\/a>\n          <\/li>\n                  <\/ul>\n  <\/div>\n<\/section>\n\n\n<section class=\"wp-block-image-and-text remove-top-margin\">\n  <div class=\"theme-skye wrap large \">\n    <div class=\"wrap\">\n      <div class=\"flex image-right\">\n                          <div class=\"flex-item has-image six\">\n            <div class=\"image cover\">\n                <img decoding=\"async\"\n                  src=\"https:\/\/samlink.fi\/app\/uploads\/2023\/05\/samlink-highres-35-edit-300x200.webp\" srcset=\"https:\/\/samlink.fi\/app\/uploads\/2023\/05\/samlink-highres-35-edit-300x200.webp 300w, https:\/\/samlink.fi\/app\/uploads\/2023\/05\/samlink-highres-35-edit-1024x683.webp 1024w, https:\/\/samlink.fi\/app\/uploads\/2023\/05\/samlink-highres-35-edit-768x512.webp 768w, https:\/\/samlink.fi\/app\/uploads\/2023\/05\/samlink-highres-35-edit-1536x1024.webp 1536w, https:\/\/samlink.fi\/app\/uploads\/2023\/05\/samlink-highres-35-edit.webp 1750w\" sizes=\"(max-width: 1280px) 100vw, 1280px\" \n                  alt=\"Samlink People\"\n                  class=\"aspect-ratio-1\" \/>\n            <\/div>\n          <\/div> \n                        <div class=\"flex-item has-text six\">\n          <div>\n                                      <span class=\"small-title underline\">Arvoa asiakkaillemme<\/span>\n                                      <h2>Osaamme, kehit\u00e4mme ja uudistumme<\/h2>\n<p><span class=\"TextRun SCXW39506602 BCX0\" lang=\"FI-FI\" xml:lang=\"FI-FI\" data-contrast=\"none\"><span class=\"NormalTextRun SpellingErrorV2Themed SCXW39506602 BCX0\" data-ccp-charstyle=\"normaltextrun\" data-ccp-charstyle-defn=\"{&quot;ObjectId&quot;:&quot;b9cc2ba6-8126-4527-9116-ebac2abe3d62|61&quot;,&quot;ClassId&quot;:1073872969,&quot;Properties&quot;:[469775450,&quot;normaltextrun&quot;,201340122,&quot;1&quot;,134233614,&quot;true&quot;,469778129,&quot;normaltextrun&quot;,335572020,&quot;1&quot;,469778324,&quot;Default Paragraph Font&quot;]}\">Samlinkin<\/span><span class=\"NormalTextRun SCXW39506602 BCX0\" data-ccp-charstyle=\"normaltextrun\"> toiminnan kivijalka muodostuu yhteisty\u00f6st\u00e4 asiakkaiden, emoyhti\u00f6 <\/span><span class=\"NormalTextRun SpellingErrorV2Themed SCXW39506602 BCX0\" data-ccp-charstyle=\"normaltextrun\">Kyndrylin<\/span><span class=\"NormalTextRun SCXW39506602 BCX0\" data-ccp-charstyle=\"normaltextrun\"> ja valikoitujen teknologiakumppaneiden kanssa. <\/span><span class=\"NormalTextRun SCXW39506602 BCX0\" data-ccp-charstyle=\"normaltextrun\">Y<\/span><span class=\"NormalTextRun SCXW39506602 BCX0\" data-ccp-charstyle=\"normaltextrun\">hdess\u00e4<\/span> <span class=\"NormalTextRun SpellingErrorV2Themed SCXW39506602 BCX0\" data-ccp-charstyle=\"normaltextrun\">Kyndrylin<\/span><span class=\"NormalTextRun SCXW39506602 BCX0\" data-ccp-charstyle=\"normaltextrun\"> kanssa <\/span><span class=\"NormalTextRun SpellingErrorV2Themed SCXW39506602 BCX0\" data-ccp-charstyle=\"normaltextrun\">Samlink<\/span><span class=\"NormalTextRun SCXW39506602 BCX0\" data-ccp-charstyle=\"normaltextrun\"> on samalla lokaali ja globaali. <\/span><span class=\"NormalTextRun SCXW39506602 BCX0\" data-ccp-charstyle=\"normaltextrun\">Jatkuva kehitys, palveluiden modernisointi sek\u00e4 <\/span><span class=\"NormalTextRun SpellingErrorV2Themed SCXW39506602 BCX0\" data-ccp-charstyle=\"normaltextrun\">mainframe<\/span><span class=\"NormalTextRun SCXW39506602 BCX0\" data-ccp-charstyle=\"normaltextrun\">&#8211; ja pilviteknologiaosaamiseen panostaminen luovat asiakkaille arvoa nyt ja tulevaisuudessa. Liiketoiminnan jatkuvuus on kaiken tekemisen prioriteetti.\u00a0<\/span><\/span><span class=\"EOP SCXW39506602 BCX0\" data-ccp-props=\"{}\">\u00a0<\/span><\/p>\n\n              \n                                  <\/div> \n        <\/div>\n      <\/div>\n    <\/div>\n  <\/div>\n<\/section>\n\n\n<section class=\"wp-block-colored-section\">\n  <div class=\"wrap\">\n    <div class=\"title theme-deep-forest\">\n              Arvomme\n          <\/div>\n  <\/div>\n\n  <div class=\"colored theme-deep-forest\">\n\n    \n    <div class=\"wrap\">\n              \n          <div class=\"top flex space-between align-center\">  \n            <div class=\"right flex-item five\">\n                                                <h2>The Kyndryl Way<\/h2>  \n                                                  Ohjenuorina Samlinkin kulttuurin rakentamisessa pidet\u00e4\u00e4n Kyndryl Wayn kuutta perusperiaatetta:\n                                          <\/div>\n\n            <div class=\"left flex-item textcontent five flex justify-end\">\n                          <\/div>\n          <\/div>\n\n                      \n      <div \n        class=\"bottom \n        hasheader \n         \n        hastop\">\n\n                  <div class=\"flex space-between iconheadertext\">\n                                          <div class=\"flex-item four\">\n                                      <img decoding=\"async\" src=\"https:\/\/samlink.fi\/app\/uploads\/2023\/05\/Kyndryl-Way-Icon-Flat.svg\" alt=\"Kyndryl Way icon Flat\" style=\"width: 45px; height: 45px\">\n                                                        <h2 class= \"underline\"> Matala rakenne <\/h2>\n                                                        <p> Vastuu ja p\u00e4\u00e4t\u00f6kset oikealla tasolla. <\/p>\n                                  <\/div>\n                              <div class=\"flex-item four\">\n                                      <img decoding=\"async\" src=\"https:\/\/samlink.fi\/app\/uploads\/2023\/05\/Kyndryl-Way-Icon-Fast.svg\" alt=\"Kyndryl Way icon Fast\" style=\"width: 45px; height: 45px\">\n                                                        <h2 class= \"underline\"> Nopea <\/h2>\n                                                        <p> Ketter\u00e4t ja yksinkertaiset prosessit. <\/p>\n                                  <\/div>\n                              <div class=\"flex-item four\">\n                                      <img decoding=\"async\" src=\"https:\/\/samlink.fi\/app\/uploads\/2023\/05\/Kyndryl-Way-Icon-Focused.svg\" alt=\"Kyndryl Way logo\" style=\"width: 45px; height: 45px\">\n                                                        <h2 class= \"underline\"> Keskittynyt <\/h2>\n                                                        <p> Erinomaisten palveluiden tuottaminen ja niiden kehitt\u00e4minen.  <\/p>\n                                  <\/div>\n                              <div class=\"flex-item four\">\n                                      <img decoding=\"async\" src=\"https:\/\/samlink.fi\/app\/uploads\/2023\/05\/Kyndryl-Way-Icon-Restless.svg\" alt=\"Kyndryl Way icon Restless\" style=\"width: 45px; height: 45px\">\n                                                        <h2 class= \"underline\"> Herke\u00e4m\u00e4t\u00f6n <\/h2>\n                                                        <p> Jatkuva ennakointi, oppiminen ja innovointi. \r\n <\/p>\n                                  <\/div>\n                              <div class=\"flex-item four\">\n                                      <img decoding=\"async\" src=\"https:\/\/samlink.fi\/app\/uploads\/2023\/05\/Kyndryl-Way-Icon-Empathetic.svg\" alt=\"Kyndryl Way icon Emphatetic\" style=\"width: 45px; height: 45px\">\n                                                        <h2 class= \"underline\"> Empaattinen <\/h2>\n                                                        <p> Luottamuksen ja avoimuuden hengess\u00e4 toimiminen. \r\n <\/p>\n                                  <\/div>\n                              <div class=\"flex-item four\">\n                                      <img decoding=\"async\" src=\"https:\/\/samlink.fi\/app\/uploads\/2023\/05\/Kyndryl-Way-Icon-Devoted.svg\" alt=\"Kyndryl Way icon Devoted\" style=\"width: 45px; height: 45px\">\n                                                        <h2 class= \"underline\"> Omistautunut <\/h2>\n                                                        <p> Yhteisten onnistumisten t\u00e4rkeys.  <\/p>\n                                  <\/div>\n                                                  <\/div>\n              <\/div>\n    <\/div>  \n  <\/div>\n<\/section>\n\n\n<section class=\"wp-block-image-and-text \">\n  <div class=\"white wrap large \">\n    <div class=\"wrap\">\n      <div class=\"flex image-left\">\n                          <div class=\"flex-item has-image six\">\n            <div class=\"image cover\">\n                <img decoding=\"async\"\n                  src=\"https:\/\/samlink.fi\/app\/uploads\/2023\/05\/samlink-highres-41-edit-300x200.webp\" srcset=\"https:\/\/samlink.fi\/app\/uploads\/2023\/05\/samlink-highres-41-edit-300x200.webp 300w, https:\/\/samlink.fi\/app\/uploads\/2023\/05\/samlink-highres-41-edit-1024x683.webp 1024w, https:\/\/samlink.fi\/app\/uploads\/2023\/05\/samlink-highres-41-edit-768x512.webp 768w, https:\/\/samlink.fi\/app\/uploads\/2023\/05\/samlink-highres-41-edit-1536x1024.webp 1536w, https:\/\/samlink.fi\/app\/uploads\/2023\/05\/samlink-highres-41-edit.webp 1750w\" sizes=\"(max-width: 1280px) 100vw, 1280px\" \n                  alt=\"Samlink People\"\n                  class=\"aspect-ratio-1\" \/>\n            <\/div>\n          <\/div> \n                        <div class=\"flex-item has-text six\">\n          <div>\n                                                                            <h2>Ihmiset toimintamme keski\u00f6ss\u00e4<\/h2>\n<p><span class=\"TextRun SCXW264637917 BCX0\" lang=\"FI-FI\" xml:lang=\"FI-FI\" data-contrast=\"none\"><span class=\"NormalTextRun SCXW264637917 BCX0\">Meill\u00e4 ty\u00f6skentelee noin 500 ammattilaista eri aloilta. Meill\u00e4 on sek\u00e4 kokeneita veteraaneja IT- ja finanssialoilta ett\u00e4 vasta uransa aloittavia nuoria lahjakkuuksia. <\/span><span class=\"NormalTextRun SpellingErrorV2Themed SCXW264637917 BCX0\">Samlinkilaiset<\/span><span class=\"NormalTextRun SCXW264637917 BCX0\"> ovat osa isoa globaalia joukkoa, sill\u00e4 <\/span><span class=\"NormalTextRun SpellingErrorV2Themed SCXW264637917 BCX0\">Kyndryl<\/span><span class=\"NormalTextRun SCXW264637917 BCX0\"> ty\u00f6llist\u00e4\u00e4 jopa 90 000 ihmist\u00e4 ymp\u00e4ri maailman.<\/span><\/span><span class=\"EOP SCXW264637917 BCX0\" data-ccp-props=\"{}\">\u00a0<\/span><\/p>\n\n              \n                          <a \n        class=\"btn btn-arrow\"\n        href=\"https:\/\/samlink.fi\/fi\/ihmiset\/\"\n        target=\"\"\n        >\n                    Tutustu meihin\n            <\/a>\n                                  <\/div> \n        <\/div>\n      <\/div>\n    <\/div>\n  <\/div>\n<\/section>\n\n\n<section class=\"wp-block-image-and-text \">\n  <div class=\"theme-spruce full-width \">\n    <div class=\"wrap\">\n      <div class=\"flex image-right\">\n                          <div class=\"flex-item has-image six\">\n            <div class=\"image cover\">\n                <img decoding=\"async\"\n                  src=\"https:\/\/samlink.fi\/app\/uploads\/2023\/05\/samlink-highres-18-edit-300x200.webp\" srcset=\"https:\/\/samlink.fi\/app\/uploads\/2023\/05\/samlink-highres-18-edit-300x200.webp 300w, https:\/\/samlink.fi\/app\/uploads\/2023\/05\/samlink-highres-18-edit-1024x683.webp 1024w, https:\/\/samlink.fi\/app\/uploads\/2023\/05\/samlink-highres-18-edit-768x512.webp 768w, https:\/\/samlink.fi\/app\/uploads\/2023\/05\/samlink-highres-18-edit-1536x1024.webp 1536w, https:\/\/samlink.fi\/app\/uploads\/2023\/05\/samlink-highres-18-edit-2048x1365.webp 2048w\" sizes=\"(max-width: 1280px) 100vw, 1280px\" \n                  alt=\"Samlink People\"\n                  class=\"aspect-ratio-1\" \/>\n            <\/div>\n          <\/div> \n                        <div class=\"flex-item has-text six\">\n          <div>\n                                                                            <h2>Loistava asiakaspalvelu<\/h2>\n<p><span class=\"TextRun SCXW8233495 BCX0\" lang=\"FI-FI\" xml:lang=\"FI-FI\" data-contrast=\"none\"><span class=\"NormalTextRun SCXW8233495 BCX0\">Olemme<\/span> <span class=\"NormalTextRun SCXW8233495 BCX0\">p\u00e4\u00e4tt\u00e4neet<\/span> <span class=\"NormalTextRun SCXW8233495 BCX0\">vied\u00e4<\/span> <span class=\"NormalTextRun SCXW8233495 BCX0\">asiakaskokemuksen<\/span><span class=\"NormalTextRun SCXW8233495 BCX0\"> ja &#8211;<\/span><span class=\"NormalTextRun SCXW8233495 BCX0\">tyytyv\u00e4isyyden<\/span> <span class=\"NormalTextRun SCXW8233495 BCX0\">uudelle<\/span> <span class=\"NormalTextRun SCXW8233495 BCX0\">t<\/span><span class=\"NormalTextRun SCXW8233495 BCX0\">asolle<\/span><span class=\"NormalTextRun SCXW8233495 BCX0\">.<\/span> <span class=\"NormalTextRun SCXW8233495 BCX0\">T<\/span><span class=\"NormalTextRun SCXW8233495 BCX0\">avoitteenamme<\/span> <span class=\"NormalTextRun SCXW8233495 BCX0\">on <\/span><span class=\"NormalTextRun SCXW8233495 BCX0\">j<\/span><span class=\"NormalTextRun SCXW8233495 BCX0\">ohtaa<\/span> <span class=\"NormalTextRun SCXW8233495 BCX0\">f<\/span><span class=\"NormalTextRun SCXW8233495 BCX0\">inanssialan<\/span> <span class=\"NormalTextRun SCXW8233495 BCX0\">k<\/span><span class=\"NormalTextRun SCXW8233495 BCX0\">ehityst\u00e4<\/span> <span class=\"NormalTextRun SCXW8233495 BCX0\">ja <\/span><span class=\"NormalTextRun SCXW8233495 BCX0\">t<\/span><span class=\"NormalTextRun SCXW8233495 BCX0\">arjota<\/span> <span class=\"NormalTextRun SCXW8233495 BCX0\">a<\/span><span class=\"NormalTextRun SCXW8233495 BCX0\">siakkaillemme<\/span> <span class=\"NormalTextRun SCXW8233495 BCX0\">r<\/span><span class=\"NormalTextRun SCXW8233495 BCX0\">aikas<\/span> <span class=\"NormalTextRun SCXW8233495 BCX0\">ja <\/span><span class=\"NormalTextRun SCXW8233495 BCX0\">i<\/span><span class=\"NormalTextRun SCXW8233495 BCX0\">nnovatiivinen<\/span> <span class=\"NormalTextRun SCXW8233495 BCX0\">n<\/span><span class=\"NormalTextRun SCXW8233495 BCX0\">\u00e4k\u00f6kulma<\/span><span class=\"NormalTextRun SCXW8233495 BCX0\">.<\/span><\/span><span class=\"EOP SCXW8233495 BCX0\" data-ccp-props=\"{}\">\u00a0<\/span><\/p>\n\n              \n                          <a \n        class=\"btn btn-arrow\"\n        href=\"https:\/\/samlink.fi\/fi\/news\/hyvan-asiakastyytyvaisyyden-takana-ovat-ammattitaitoiset-ja-lamminhenkiset-asiakaspalvelijat\/\"\n        target=\"\"\n        >\n                    Lue lis\u00e4\u00e4\n            <\/a>\n                                  <\/div> \n        <\/div>\n      <\/div>\n    <\/div>\n  <\/div>\n<\/section>\n","protected":false},"excerpt":{"rendered":"","protected":false},"author":11,"featured_media":0,"parent":0,"menu_order":0,"comment_status":"closed","ping_status":"closed","template":"template-full-width-hero.blade.php","meta":{"_acf_changed":false,"footnotes":""},"class_list":["post-1078","page","type-page","status-publish","hentry"],"acf":[],"yoast_head":"<!-- This site is optimized with the Yoast SEO plugin v27.3 - https:\/\/yoast.com\/product\/yoast-seo-wordpress\/ -->\n<title>Samlink - Samlink<\/title>\n<meta name=\"description\" content=\"Samlink - pankeille IT-ratkaisuja. Tarjoamme raikasta n\u00e4kemyst\u00e4 ja luotettavia IT-ratkaisuja, joihin asiakkaamme voivat luottaa, lue lis\u00e4\u00e4.\" \/>\n<meta name=\"robots\" content=\"index, follow, max-snippet:-1, max-image-preview:large, max-video-preview:-1\" \/>\n<link rel=\"canonical\" href=\"https:\/\/samlink.fi\/fi\/samlink\/\" \/>\n<meta property=\"og:locale\" content=\"fi_FI\" \/>\n<meta property=\"og:type\" content=\"article\" \/>\n<meta property=\"og:title\" content=\"Samlink - Samlink\" \/>\n<meta property=\"og:description\" content=\"Samlink - pankeille IT-ratkaisuja. Tarjoamme raikasta n\u00e4kemyst\u00e4 ja luotettavia IT-ratkaisuja, joihin asiakkaamme voivat luottaa, lue lis\u00e4\u00e4.\" \/>\n<meta property=\"og:url\" content=\"https:\/\/samlink.fi\/fi\/samlink\/\" \/>\n<meta property=\"og:site_name\" content=\"Samlink\" \/>\n<meta property=\"article:modified_time\" content=\"2026-03-31T12:39:20+00:00\" \/>\n<meta property=\"og:image\" content=\"https:\/\/samlink.fi\/app\/uploads\/2023\/05\/samlink-webres-9-e1684845139892.jpg\" \/>\n\t<meta property=\"og:image:width\" content=\"1826\" \/>\n\t<meta property=\"og:image:height\" content=\"1582\" \/>\n\t<meta property=\"og:image:type\" content=\"image\/jpeg\" \/>\n<meta name=\"twitter:card\" content=\"summary_large_image\" \/>\n<meta name=\"twitter:label1\" content=\"Est. reading time\" \/>\n\t<meta name=\"twitter:data1\" content=\"1 minute\" \/>\n<script type=\"application\/ld+json\" class=\"yoast-schema-graph\">{\"@context\":\"https:\\\/\\\/schema.org\",\"@graph\":[{\"@type\":\"WebPage\",\"@id\":\"https:\\\/\\\/samlink.fi\\\/fi\\\/samlink\\\/\",\"url\":\"https:\\\/\\\/samlink.fi\\\/fi\\\/samlink\\\/\",\"name\":\"Samlink - Samlink\",\"isPartOf\":{\"@id\":\"https:\\\/\\\/samlink.fi\\\/fi\\\/#website\"},\"datePublished\":\"2023-04-28T06:39:45+00:00\",\"dateModified\":\"2026-03-31T12:39:20+00:00\",\"description\":\"Samlink - pankeille IT-ratkaisuja. Tarjoamme raikasta n\u00e4kemyst\u00e4 ja luotettavia IT-ratkaisuja, joihin asiakkaamme voivat luottaa, lue lis\u00e4\u00e4.\",\"breadcrumb\":{\"@id\":\"https:\\\/\\\/samlink.fi\\\/fi\\\/samlink\\\/#breadcrumb\"},\"inLanguage\":\"fi\",\"potentialAction\":[{\"@type\":\"ReadAction\",\"target\":[\"https:\\\/\\\/samlink.fi\\\/fi\\\/samlink\\\/\"]}]},{\"@type\":\"BreadcrumbList\",\"@id\":\"https:\\\/\\\/samlink.fi\\\/fi\\\/samlink\\\/#breadcrumb\",\"itemListElement\":[{\"@type\":\"ListItem\",\"position\":1,\"name\":\"Home\",\"item\":\"https:\\\/\\\/samlink.fi\\\/fi\\\/\"},{\"@type\":\"ListItem\",\"position\":2,\"name\":\"Samlink\"}]},{\"@type\":\"WebSite\",\"@id\":\"https:\\\/\\\/samlink.fi\\\/fi\\\/#website\",\"url\":\"https:\\\/\\\/samlink.fi\\\/fi\\\/\",\"name\":\"Samlink\",\"description\":\"Empowering financial success through innovative IT solutions\",\"potentialAction\":[{\"@type\":\"SearchAction\",\"target\":{\"@type\":\"EntryPoint\",\"urlTemplate\":\"https:\\\/\\\/samlink.fi\\\/fi\\\/?s={search_term_string}\"},\"query-input\":{\"@type\":\"PropertyValueSpecification\",\"valueRequired\":true,\"valueName\":\"search_term_string\"}}],\"inLanguage\":\"fi\"}]}<\/script>\n<!-- \/ Yoast SEO plugin. -->","yoast_head_json":{"title":"Samlink - Samlink","description":"Samlink - pankeille IT-ratkaisuja. Tarjoamme raikasta n\u00e4kemyst\u00e4 ja luotettavia IT-ratkaisuja, joihin asiakkaamme voivat luottaa, lue lis\u00e4\u00e4.","robots":{"index":"index","follow":"follow","max-snippet":"max-snippet:-1","max-image-preview":"max-image-preview:large","max-video-preview":"max-video-preview:-1"},"canonical":"https:\/\/samlink.fi\/fi\/samlink\/","og_locale":"fi_FI","og_type":"article","og_title":"Samlink - Samlink","og_description":"Samlink - pankeille IT-ratkaisuja. Tarjoamme raikasta n\u00e4kemyst\u00e4 ja luotettavia IT-ratkaisuja, joihin asiakkaamme voivat luottaa, lue lis\u00e4\u00e4.","og_url":"https:\/\/samlink.fi\/fi\/samlink\/","og_site_name":"Samlink","article_modified_time":"2026-03-31T12:39:20+00:00","og_image":[{"width":1826,"height":1582,"url":"https:\/\/samlink.fi\/app\/uploads\/2023\/05\/samlink-webres-9-e1684845139892.jpg","type":"image\/jpeg"}],"twitter_card":"summary_large_image","twitter_misc":{"Est. reading time":"1 minute"},"schema":{"@context":"https:\/\/schema.org","@graph":[{"@type":"WebPage","@id":"https:\/\/samlink.fi\/fi\/samlink\/","url":"https:\/\/samlink.fi\/fi\/samlink\/","name":"Samlink - Samlink","isPartOf":{"@id":"https:\/\/samlink.fi\/fi\/#website"},"datePublished":"2023-04-28T06:39:45+00:00","dateModified":"2026-03-31T12:39:20+00:00","description":"Samlink - pankeille IT-ratkaisuja. Tarjoamme raikasta n\u00e4kemyst\u00e4 ja luotettavia IT-ratkaisuja, joihin asiakkaamme voivat luottaa, lue lis\u00e4\u00e4.","breadcrumb":{"@id":"https:\/\/samlink.fi\/fi\/samlink\/#breadcrumb"},"inLanguage":"fi","potentialAction":[{"@type":"ReadAction","target":["https:\/\/samlink.fi\/fi\/samlink\/"]}]},{"@type":"BreadcrumbList","@id":"https:\/\/samlink.fi\/fi\/samlink\/#breadcrumb","itemListElement":[{"@type":"ListItem","position":1,"name":"Home","item":"https:\/\/samlink.fi\/fi\/"},{"@type":"ListItem","position":2,"name":"Samlink"}]},{"@type":"WebSite","@id":"https:\/\/samlink.fi\/fi\/#website","url":"https:\/\/samlink.fi\/fi\/","name":"Samlink","description":"Empowering financial success through innovative IT solutions","potentialAction":[{"@type":"SearchAction","target":{"@type":"EntryPoint","urlTemplate":"https:\/\/samlink.fi\/fi\/?s={search_term_string}"},"query-input":{"@type":"PropertyValueSpecification","valueRequired":true,"valueName":"search_term_string"}}],"inLanguage":"fi"}]}},"_links":{"self":[{"href":"https:\/\/samlink.fi\/fi\/wp-json\/wp\/v2\/pages\/1078","targetHints":{"allow":["GET"]}}],"collection":[{"href":"https:\/\/samlink.fi\/fi\/wp-json\/wp\/v2\/pages"}],"about":[{"href":"https:\/\/samlink.fi\/fi\/wp-json\/wp\/v2\/types\/page"}],"author":[{"embeddable":true,"href":"https:\/\/samlink.fi\/fi\/wp-json\/wp\/v2\/users\/11"}],"replies":[{"embeddable":true,"href":"https:\/\/samlink.fi\/fi\/wp-json\/wp\/v2\/comments?post=1078"}],"version-history":[{"count":36,"href":"https:\/\/samlink.fi\/fi\/wp-json\/wp\/v2\/pages\/1078\/revisions"}],"predecessor-version":[{"id":9176,"href":"https:\/\/samlink.fi\/fi\/wp-json\/wp\/v2\/pages\/1078\/revisions\/9176"}],"wp:attachment":[{"href":"https:\/\/samlink.fi\/fi\/wp-json\/wp\/v2\/media?parent=1078"}],"curies":[{"name":"wp","href":"https:\/\/api.w.org\/{rel}","templated":true}]}}